{"id":70890,"date":"2025-01-26T03:21:04","date_gmt":"2025-01-26T03:21:04","guid":{"rendered":"https:\/\/nexgendecors.com\/product\/2023-new-abyss-coffee-table-special-shaped-paint-surface-net-celebrity-style-tempered-glass-home-living-room-cream-style-small-apartment\/"},"modified":"2025-04-06T09:16:43","modified_gmt":"2025-04-06T09:16:43","slug":"2023-new-abyss-coffee-table-special-shaped-paint-surface-net-celebrity-style-tempered-glass-home-living-room-cream-style-small-apartment","status":"publish","type":"product","link":"https:\/\/nexgendecors.com\/fr\/product\/2023-new-abyss-coffee-table-special-shaped-paint-surface-net-celebrity-style-tempered-glass-home-living-room-cream-style-small-apartment\/","title":{"rendered":"Table basse Abyss \u2013 Verre tremp\u00e9 \u00e9l\u00e9gant pour petits espaces"},"content":{"rendered":"<ul>\n<li>\n<strong>Y a-t-il un espace de stockage ?<\/strong>:Non<\/li>\n<li>\n<strong>style<\/strong>:Moderne et simple<\/li>\n<li>\n<strong>Assembler<\/strong>:Non<\/li>\n<li>\n<strong>Mat\u00e9riau de finition<\/strong>:Panneaux \u00e0 base de bois<\/li>\n<li>\n<strong>volume du colis<\/strong>:0.6<\/li>\n<li>\n<strong>forme<\/strong>:\u00c9tranger<\/li>\n<li>\n<strong>Positionnement de style<\/strong>:Qualit\u00e9 Luxe<\/li>\n<li>\n<strong>trier par couleur<\/strong>:1.3m glass oval tea table, 1.3m glass oval tea table combination, picture style small side table, 1.4m glass oval tea table, 1.4m glass oval tea table combination, 1.2m glass oval tea table, 1.2m glass oval tea table combination, 1.4m special-shaped tea table<\/li>\n<li>\n<strong>taille<\/strong>:1&#215;0.6&#215;0.35m<\/li>\n<li>\n<strong>marque<\/strong>:#0 Usine<\/li>\n<li>\n<strong>mod\u00e8le<\/strong>:BNW-0007<\/li>\n<li>\n<strong>\u00e9l\u00e9ments populaires<\/strong>:Conception principale<\/li>\n<li>\n<strong>Que ce soit avec un rouleau<\/strong>:Non<\/li>\n<li>\n<strong>Poids brut<\/strong>:50 kg<\/li>\n<li>\n<strong>Table basse en forme d&#039;angle<\/strong>:Rond<\/li>\n<li>\n<strong>Technologie structurelle<\/strong>:Artisanat du bois<\/li>\n<li>\n<strong>Technologie des structures en bois<\/strong>:autre<\/li>\n<li>\n<strong>Technologie de finition<\/strong>:Peinture<\/li>\n<li>\n<strong>Types de planches artificielles<\/strong>:Panneau de densit\u00e9\/panneau de fibres<\/li>\n<li>\n<strong>Est-ce personnalisable ?<\/strong>:Non<\/li>\n<li>\n<strong>Mat\u00e9riel<\/strong>:Panneaux \u00e0 base de bois<\/li>\n<li>\n<strong>Instructions d&#039;installation d\u00e9taill\u00e9es<\/strong>:Aucune instruction d&#039;installation<\/li>\n<li>\n<strong>Installation<\/strong>:Paquet<\/li>\n<li>\n<strong>Un taxi est-il disponible pour le transport ?<\/strong>:Non<\/li>\n<li>\n<strong>Livraison\/installation disponible<\/strong>:Foshan, Zhengzhou, Guiyang, Guangzhou, Fuzhou, Harbin, Xiamen, Chongqing, Changzhou, Suzhou, Xi&#039;an, Shenzhen, Nanjing, Changsha, P\u00e9kin, Qingdao, Wuxi, Chengdu, Shanghai, Wuhan, Nanning, Shenyang, Dalian, Taizhou, Dongguan, Tianjin, Autres, Jinhua, Hangzhou, Nanchang, Ningbo, Wenzhou<\/li>\n<li>\n<strong>Nombre de portes<\/strong>:Pas de porte<\/li>\n<li>\n<strong><\/strong>:<\/li>\n<\/ul>\n<p><img><\/p>","protected":false},"excerpt":{"rendered":"<p>Y a-t-il un espace de rangement\u00a0? :non style\u00a0:moderne et simple assemblage\u00a0:non mat\u00e9riau de finition\u00a0:panneaux \u00e0 base de bois volume du colis\u00a0:0,6 forme\u00a0:style extraterrestre positionnement\u00a0:qualit\u00e9 luxe trier par couleur\u00a0:1,3 m<\/p>","protected":false},"featured_media":131027,"comment_status":"open","ping_status":"closed","template":"","meta":[],"product_brand":[],"product_cat":[30971,30857],"product_tag":[],"class_list":{"0":"post-70890","1":"product","2":"type-product","3":"status-publish","4":"has-post-thumbnail","6":"product_cat-hp","7":"product_cat-wholesale-sofa-table","9":"first","10":"instock","11":"taxable","12":"shipping-taxable","13":"purchasable","14":"product-type-variable"},"_links":{"self":[{"href":"https:\/\/nexgendecors.com\/fr\/wp-json\/wp\/v2\/product\/70890","targetHints":{"allow":["GET"]}}],"collection":[{"href":"https:\/\/nexgendecors.com\/fr\/wp-json\/wp\/v2\/product"}],"about":[{"href":"https:\/\/nexgendecors.com\/fr\/wp-json\/wp\/v2\/types\/product"}],"replies":[{"embeddable":true,"href":"https:\/\/nexgendecors.com\/fr\/wp-json\/wp\/v2\/comments?post=70890"}],"version-history":[{"count":0,"href":"https:\/\/nexgendecors.com\/fr\/wp-json\/wp\/v2\/product\/70890\/revisions"}],"wp:featuredmedia":[{"embeddable":true,"href":"https:\/\/nexgendecors.com\/fr\/wp-json\/wp\/v2\/media\/131027"}],"wp:attachment":[{"href":"https:\/\/nexgendecors.com\/fr\/wp-json\/wp\/v2\/media?parent=70890"}],"wp:term":[{"taxonomy":"product_brand","embeddable":true,"href":"https:\/\/nexgendecors.com\/fr\/wp-json\/wp\/v2\/product_brand?post=70890"},{"taxonomy":"product_cat","embeddable":true,"href":"https:\/\/nexgendecors.com\/fr\/wp-json\/wp\/v2\/product_cat?post=70890"},{"taxonomy":"product_tag","embeddable":true,"href":"https:\/\/nexgendecors.com\/fr\/wp-json\/wp\/v2\/product_tag?post=70890"}],"curies":[{"name":"wp","href":"https:\/\/api.w.org\/{rel}","templated":true}]}}