{"id":70971,"date":"2025-01-26T03:21:14","date_gmt":"2025-01-26T03:21:14","guid":{"rendered":"https:\/\/nexgendecors.com\/product\/new-boss-chair-sitting-comfortable-office-chair-home-light-luxury-leisure-chair-high-end-reclining-computer-chair-high-back-swivel-chair\/"},"modified":"2025-04-06T09:16:50","modified_gmt":"2025-04-06T09:16:50","slug":"new-boss-chair-sitting-comfortable-office-chair-home-light-luxury-leisure-chair-high-end-reclining-computer-chair-high-back-swivel-chair","status":"publish","type":"product","link":"https:\/\/nexgendecors.com\/fr\/product\/new-boss-chair-sitting-comfortable-office-chair-home-light-luxury-leisure-chair-high-end-reclining-computer-chair-high-back-swivel-chair\/","title":{"rendered":"High-End Reclining Swivel Chair &#8211; Light Luxury Comfort"},"content":{"rendered":"<ul>\n<li>\n<strong>Puis-je m&#039;allonger ?<\/strong>:Oui<\/li>\n<li>\n<strong>Type de main courante<\/strong>:Accoudoir fixe<\/li>\n<li>\n<strong>Mat\u00e9riau du si\u00e8ge<\/strong>:Art du cuir<\/li>\n<li>\n<strong>Peut-il \u00eatre \u00e9lev\u00e9 ou abaiss\u00e9 ?<\/strong>:Oui<\/li>\n<li>\n<strong>Mat\u00e9riau de pied cinq \u00e9toiles<\/strong>:Pieds en acier<\/li>\n<li>\n<strong>Mat\u00e9riau en tissu<\/strong>:Cuir<\/li>\n<\/ul>\n<p><img><\/p>","protected":false},"excerpt":{"rendered":"<p>Can I lie down?:yes Handrail Type:Fixed armrest Seat material:Leather Art Can it be raised or lowered?:yes Five-star foot material:Steel feet<\/p>","protected":false},"featured_media":131067,"comment_status":"open","ping_status":"closed","template":"","meta":[],"product_brand":[],"product_cat":[30971,30859],"product_tag":[],"class_list":{"0":"post-70971","1":"product","2":"type-product","3":"status-publish","4":"has-post-thumbnail","6":"product_cat-hp","7":"product_cat-wholesale-office","9":"first","10":"instock","11":"sale","12":"taxable","13":"shipping-taxable","14":"purchasable","15":"product-type-variable"},"_links":{"self":[{"href":"https:\/\/nexgendecors.com\/fr\/wp-json\/wp\/v2\/product\/70971","targetHints":{"allow":["GET"]}}],"collection":[{"href":"https:\/\/nexgendecors.com\/fr\/wp-json\/wp\/v2\/product"}],"about":[{"href":"https:\/\/nexgendecors.com\/fr\/wp-json\/wp\/v2\/types\/product"}],"replies":[{"embeddable":true,"href":"https:\/\/nexgendecors.com\/fr\/wp-json\/wp\/v2\/comments?post=70971"}],"version-history":[{"count":0,"href":"https:\/\/nexgendecors.com\/fr\/wp-json\/wp\/v2\/product\/70971\/revisions"}],"wp:featuredmedia":[{"embeddable":true,"href":"https:\/\/nexgendecors.com\/fr\/wp-json\/wp\/v2\/media\/131067"}],"wp:attachment":[{"href":"https:\/\/nexgendecors.com\/fr\/wp-json\/wp\/v2\/media?parent=70971"}],"wp:term":[{"taxonomy":"product_brand","embeddable":true,"href":"https:\/\/nexgendecors.com\/fr\/wp-json\/wp\/v2\/product_brand?post=70971"},{"taxonomy":"product_cat","embeddable":true,"href":"https:\/\/nexgendecors.com\/fr\/wp-json\/wp\/v2\/product_cat?post=70971"},{"taxonomy":"product_tag","embeddable":true,"href":"https:\/\/nexgendecors.com\/fr\/wp-json\/wp\/v2\/product_tag?post=70971"}],"curies":[{"name":"wp","href":"https:\/\/api.w.org\/{rel}","templated":true}]}}