{"id":71168,"date":"2025-01-26T03:21:37","date_gmt":"2025-01-26T03:21:37","guid":{"rendered":"https:\/\/nexgendecors.com\/product\/2024-new-genuine-leather-functional-electric-sofa-italian-style-straight-row-small-apartment-first-layer-cowhide-zero-wall-black-sofa\/"},"modified":"2025-04-06T09:17:11","modified_gmt":"2025-04-06T09:17:11","slug":"2024-new-genuine-leather-functional-electric-sofa-italian-style-straight-row-small-apartment-first-layer-cowhide-zero-wall-black-sofa","status":"publish","type":"product","link":"https:\/\/nexgendecors.com\/fr\/product\/2024-new-genuine-leather-functional-electric-sofa-italian-style-straight-row-small-apartment-first-layer-cowhide-zero-wall-black-sofa\/","title":{"rendered":"Canap\u00e9 \u00e9lectrique en cuir italien pour petits espaces \u2013 Noir"},"content":{"rendered":"<ul>\n<li>\n<strong>marque<\/strong>:Artisan de tendance artistique<\/li>\n<li>\n<strong>Num\u00e9ro de pi\u00e8ce<\/strong>:54<\/li>\n<li>\n<strong>Fonctionnalit\u00e9s suppl\u00e9mentaires<\/strong>:Multifonction<\/li>\n<li>\n<strong>Y a-t-il un espace de stockage ?<\/strong>:Non<\/li>\n<li>\n<strong>style<\/strong>:Minimalisme italien<\/li>\n<li>\n<strong>Remplissage<\/strong>:\u00e9ponge<\/li>\n<li>\n<strong>Est-ce personnalisable ?<\/strong>:Non<\/li>\n<li>\n<strong>Assembler<\/strong>:Non<\/li>\n<li>\n<strong>Mat\u00e9riel<\/strong>:Bois<\/li>\n<li>\n<strong>Appropri\u00e9<\/strong>:Adultes<\/li>\n<li>\n<strong>Positionnement de style<\/strong>:Style artistique<\/li>\n<li>\n<strong>trier par couleur<\/strong>:1.0m double armrest single seat (non-electric) with free mobile phone holder double seat 1.85m (single electric) with free mobile phone holder three seats 2.45m (single electric) with free mobile phone holder three seats 2.45m (double electric) with free mobile phone holder three seats 2.6m (single electric) with free mobile phone holder three seats 2.6m (double electric) with free mobile phone holder four seats 2.95m (single electric) with free mobile phone holder four seats 2.95m (double electric) with free mobile phone holder four seats 3.15m (single electric) with free mobile phone holder four seats 3.15m (double electric) with free mobile phone holder four seats 3.35m (single electric) with free mobile phone holder four seats 3.35m (double electric) with free mobile phone holder three seats 2.45m (double electric + middle flip) with free mobile phone Three-person bracket 2.6m (single electric + middle flip) Free mobile phone bracket three-person bracket 2.6m (double electric + middle flip) Free mobile phone bracket four-person bracket 2.95m (single electric + middle flip) Free mobile phone bracket four-person bracket 2.95m (double electric + middle flip) Free mobile phone bracket four-person bracket 3.15m (single electric + middle flip) Free mobile phone bracket four-person bracket 3.15m (double electric + middle flip) Free mobile phone bracket four-person bracket 3.35m (single electric + middle flip) Free mobile phone bracket four-person bracket 3.35m (double electric + middle flip) Free mobile phone bracket 2.60m single + single + chaise longue (single electric + middle flip) Free mobile phone bracket 3.35m single + single + single + chaise longue (single electric + middle flip) Free mobile phone bracket<\/li>\n<\/ul>\n<p><img><\/p>","protected":false},"excerpt":{"rendered":"<p>Marque : Art Trend Craftsman Num\u00e9ro de pi\u00e8ce : 54 Caract\u00e9ristiques suppl\u00e9mentaires : Multifonction Y a-t-il un espace de rangement ? : non Style : Minimalisme italien Remplissage : \u00e9ponge Est-il personnalisable ? : non Assemblage : non Mat\u00e9riau : Bois Convient aux : Adultes<\/p>","protected":false},"featured_media":131206,"comment_status":"open","ping_status":"closed","template":"","meta":[],"product_brand":[],"product_cat":[30863,30971,30850],"product_tag":[],"class_list":{"0":"post-71168","1":"product","2":"type-product","3":"status-publish","4":"has-post-thumbnail","6":"product_cat-wholesales-cinema-theater","7":"product_cat-hp","8":"product_cat-wholesale-furniture","10":"first","11":"instock","12":"taxable","13":"shipping-taxable","14":"purchasable","15":"product-type-variable"},"_links":{"self":[{"href":"https:\/\/nexgendecors.com\/fr\/wp-json\/wp\/v2\/product\/71168","targetHints":{"allow":["GET"]}}],"collection":[{"href":"https:\/\/nexgendecors.com\/fr\/wp-json\/wp\/v2\/product"}],"about":[{"href":"https:\/\/nexgendecors.com\/fr\/wp-json\/wp\/v2\/types\/product"}],"replies":[{"embeddable":true,"href":"https:\/\/nexgendecors.com\/fr\/wp-json\/wp\/v2\/comments?post=71168"}],"version-history":[{"count":0,"href":"https:\/\/nexgendecors.com\/fr\/wp-json\/wp\/v2\/product\/71168\/revisions"}],"wp:featuredmedia":[{"embeddable":true,"href":"https:\/\/nexgendecors.com\/fr\/wp-json\/wp\/v2\/media\/131206"}],"wp:attachment":[{"href":"https:\/\/nexgendecors.com\/fr\/wp-json\/wp\/v2\/media?parent=71168"}],"wp:term":[{"taxonomy":"product_brand","embeddable":true,"href":"https:\/\/nexgendecors.com\/fr\/wp-json\/wp\/v2\/product_brand?post=71168"},{"taxonomy":"product_cat","embeddable":true,"href":"https:\/\/nexgendecors.com\/fr\/wp-json\/wp\/v2\/product_cat?post=71168"},{"taxonomy":"product_tag","embeddable":true,"href":"https:\/\/nexgendecors.com\/fr\/wp-json\/wp\/v2\/product_tag?post=71168"}],"curies":[{"name":"wp","href":"https:\/\/api.w.org\/{rel}","templated":true}]}}