{"id":71311,"date":"2025-01-26T03:21:55","date_gmt":"2025-01-26T03:21:55","guid":{"rendered":"https:\/\/nexgendecors.com\/product\/new-office-furniture-foldable-conference-table-and-chair-combination-simple-training-negotiation-table-mobile-desk\/"},"modified":"2025-04-06T09:17:20","modified_gmt":"2025-04-06T09:17:20","slug":"new-office-furniture-foldable-conference-table-and-chair-combination-simple-training-negotiation-table-mobile-desk","status":"publish","type":"product","link":"https:\/\/nexgendecors.com\/fr\/product\/new-office-furniture-foldable-conference-table-and-chair-combination-simple-training-negotiation-table-mobile-desk\/","title":{"rendered":"Ensemble table et chaise de conf\u00e9rence pliable - Bureau de formation mobile"},"content":{"rendered":"<ul>\n<li>\n<strong>marque<\/strong>:Guodeng<\/li>\n<li>\n<strong>mod\u00e8le<\/strong>:HY-311<\/li>\n<li>\n<strong>Fonction<\/strong>:Mobile and foldable free combination<\/li>\n<li>\n<strong>Mat\u00e9riel<\/strong>:autre<\/li>\n<li>\n<strong>forme<\/strong>:Ovale<\/li>\n<li>\n<strong>Origine<\/strong>:Shanghai<\/li>\n<li>\n<strong>Nombre de personnes applicable<\/strong>:6-10 personnes<\/li>\n<li>\n<strong>trier par couleur<\/strong>:1.2*0.5m1.5*0.5m1.8*0.5m1.2*0.6m1.5*0.6m1.8*0.6mSmall semi-circular table1.2*0.6mLarge semi-circular table1.4*0.6mSmall semi-circular table1.1*0.5mLarge semi-circular table1.3*0.5mSolid steel bar chair with thin legsFour-legged chairFolding chair with writing boardFolding chair with writing board with pulley<\/li>\n<li>\n<strong>Est-ce personnalisable ?<\/strong>:Oui<\/li>\n<li>\n<strong>Assembler<\/strong>:Oui<\/li>\n<li>\n<strong>Instructions d&#039;installation d\u00e9taill\u00e9es<\/strong>:Fournir des instructions d&#039;installation<\/li>\n<li>\n<strong>longueur<\/strong>:120cm<\/li>\n<\/ul>","protected":false},"excerpt":{"rendered":"<p>marque:Guodeng mod\u00e8le:HY-311 Fonction:Mobile et pliable combinaison libre Mat\u00e9riau:autre forme:ovale Origine:Shanghai Nombre de personnes concern\u00e9es:6-10 personnes tri par couleur:1.2*0.5m1.5*0.5m1.8*0.5m1.2*0.6m1.5*0.6m1.8*0.6mPetite table semi-circulaire1.2*0.6mLarge<\/p>","protected":false},"featured_media":131334,"comment_status":"open","ping_status":"closed","template":"","meta":[],"product_brand":[],"product_cat":[30901,30971,30859],"product_tag":[],"class_list":{"0":"post-71311","1":"product","2":"type-product","3":"status-publish","4":"has-post-thumbnail","6":"product_cat-bs-office","7":"product_cat-hp","8":"product_cat-wholesale-office","10":"first","11":"instock","12":"sale","13":"taxable","14":"shipping-taxable","15":"purchasable","16":"product-type-variable"},"_links":{"self":[{"href":"https:\/\/nexgendecors.com\/fr\/wp-json\/wp\/v2\/product\/71311","targetHints":{"allow":["GET"]}}],"collection":[{"href":"https:\/\/nexgendecors.com\/fr\/wp-json\/wp\/v2\/product"}],"about":[{"href":"https:\/\/nexgendecors.com\/fr\/wp-json\/wp\/v2\/types\/product"}],"replies":[{"embeddable":true,"href":"https:\/\/nexgendecors.com\/fr\/wp-json\/wp\/v2\/comments?post=71311"}],"version-history":[{"count":0,"href":"https:\/\/nexgendecors.com\/fr\/wp-json\/wp\/v2\/product\/71311\/revisions"}],"wp:featuredmedia":[{"embeddable":true,"href":"https:\/\/nexgendecors.com\/fr\/wp-json\/wp\/v2\/media\/131334"}],"wp:attachment":[{"href":"https:\/\/nexgendecors.com\/fr\/wp-json\/wp\/v2\/media?parent=71311"}],"wp:term":[{"taxonomy":"product_brand","embeddable":true,"href":"https:\/\/nexgendecors.com\/fr\/wp-json\/wp\/v2\/product_brand?post=71311"},{"taxonomy":"product_cat","embeddable":true,"href":"https:\/\/nexgendecors.com\/fr\/wp-json\/wp\/v2\/product_cat?post=71311"},{"taxonomy":"product_tag","embeddable":true,"href":"https:\/\/nexgendecors.com\/fr\/wp-json\/wp\/v2\/product_tag?post=71311"}],"curies":[{"name":"wp","href":"https:\/\/api.w.org\/{rel}","templated":true}]}}