{"id":71707,"date":"2025-01-26T03:22:46","date_gmt":"2025-01-26T03:22:46","guid":{"rendered":"https:\/\/nexgendecors.com\/product\/norchair-nordic-designer-dining-table-chair-net-red-home-backrest-office-chair-simple-light-luxury-chair-with-armrests\/"},"modified":"2025-04-06T09:18:08","modified_gmt":"2025-04-06T09:18:08","slug":"norchair-nordic-designer-dining-table-chair-net-red-home-backrest-office-chair-simple-light-luxury-chair-with-armrests","status":"publish","type":"product","link":"https:\/\/nexgendecors.com\/fr\/product\/norchair-nordic-designer-dining-table-chair-net-red-home-backrest-office-chair-simple-light-luxury-chair-with-armrests\/","title":{"rendered":"Chaise de salle \u00e0 manger nordique NORCHAIR avec accoudoirs \u2013 Luxe l\u00e9ger"},"content":{"rendered":"<ul>\n<li>\n<strong>marque<\/strong>:NORCHAIR<\/li>\n<li>\n<strong>mod\u00e8le<\/strong>:HAUWNALKET<\/li>\n<li>\n<strong>\u00e9l\u00e9ments populaires<\/strong>:Conception principale<\/li>\n<li>\n<strong>style<\/strong>:Europe du Nord<\/li>\n<li>\n<strong>volume du colis<\/strong>:1<\/li>\n<li>\n<strong>Est-ce personnalisable ?<\/strong>:Non<\/li>\n<li>\n<strong>Assembler<\/strong>:Oui<\/li>\n<li>\n<strong>Appropri\u00e9<\/strong>:Adultes<\/li>\n<li>\n<strong>Y a-t-il des mains courantes ?<\/strong>:Oui<\/li>\n<li>\n<strong>Positionnement de style<\/strong>:Style artistique<\/li>\n<li>\n<strong>trier par couleur<\/strong>:Middle-aged color seat height 48cm, black seat height 48cm, black soft seat height 49cm, retro red soft seat height 49cm<\/li>\n<li>\n<strong><\/strong>:<\/li>\n<\/ul>\n<p><img><\/p>","protected":false},"excerpt":{"rendered":"<p>Marque : NORCHAIR Mod\u00e8le : HAUWNALKET \u00c9l\u00e9ments populaires : Master Style de conception : Europe du Nord Volume du colis : 1 Est-il personnalisable ? : non Assembler : oui Convient : Adultes Y a-t-il des mains courantes ? : oui Positionnement du style : Style artistique<\/p>","protected":false},"featured_media":131683,"comment_status":"open","ping_status":"closed","template":"","meta":[],"product_brand":[],"product_cat":[30855,30862,30971,30859,30860,30850],"product_tag":[],"class_list":{"0":"post-71707","1":"product","2":"type-product","3":"status-publish","4":"has-post-thumbnail","6":"product_cat-wholesale-chairs","7":"product_cat-wholesales-hotels","8":"product_cat-hp","9":"product_cat-wholesale-office","10":"product_cat-wholesale-restaurant","11":"product_cat-wholesale-furniture","13":"first","14":"instock","15":"sale","16":"taxable","17":"shipping-taxable","18":"purchasable","19":"product-type-variable"},"_links":{"self":[{"href":"https:\/\/nexgendecors.com\/fr\/wp-json\/wp\/v2\/product\/71707","targetHints":{"allow":["GET"]}}],"collection":[{"href":"https:\/\/nexgendecors.com\/fr\/wp-json\/wp\/v2\/product"}],"about":[{"href":"https:\/\/nexgendecors.com\/fr\/wp-json\/wp\/v2\/types\/product"}],"replies":[{"embeddable":true,"href":"https:\/\/nexgendecors.com\/fr\/wp-json\/wp\/v2\/comments?post=71707"}],"version-history":[{"count":0,"href":"https:\/\/nexgendecors.com\/fr\/wp-json\/wp\/v2\/product\/71707\/revisions"}],"wp:featuredmedia":[{"embeddable":true,"href":"https:\/\/nexgendecors.com\/fr\/wp-json\/wp\/v2\/media\/131683"}],"wp:attachment":[{"href":"https:\/\/nexgendecors.com\/fr\/wp-json\/wp\/v2\/media?parent=71707"}],"wp:term":[{"taxonomy":"product_brand","embeddable":true,"href":"https:\/\/nexgendecors.com\/fr\/wp-json\/wp\/v2\/product_brand?post=71707"},{"taxonomy":"product_cat","embeddable":true,"href":"https:\/\/nexgendecors.com\/fr\/wp-json\/wp\/v2\/product_cat?post=71707"},{"taxonomy":"product_tag","embeddable":true,"href":"https:\/\/nexgendecors.com\/fr\/wp-json\/wp\/v2\/product_tag?post=71707"}],"curies":[{"name":"wp","href":"https:\/\/api.w.org\/{rel}","templated":true}]}}