{"id":71712,"date":"2025-01-26T03:22:48","date_gmt":"2025-01-26T03:22:48","guid":{"rendered":"https:\/\/nexgendecors.com\/product\/norchair-nordic-simple-soft-computer-chair-bedroom-backrest-desk-chair-home-movable-office-chair\/"},"modified":"2025-04-06T09:18:12","modified_gmt":"2025-04-06T09:18:12","slug":"norchair-nordic-simple-soft-computer-chair-bedroom-backrest-desk-chair-home-movable-office-chair","status":"publish","type":"product","link":"https:\/\/nexgendecors.com\/fr\/product\/norchair-nordic-simple-soft-computer-chair-bedroom-backrest-desk-chair-home-movable-office-chair\/","title":{"rendered":"Chaise de bureau nordique souple et mobile avec dossier NORCHAIR"},"content":{"rendered":"<ul>\n<li>\n<strong>marque<\/strong>:NORCHAIR<\/li>\n<li>\n<strong>mod\u00e8le<\/strong>:HXCFTGTF<\/li>\n<li>\n<strong>Mat\u00e9riel<\/strong>:autre<\/li>\n<li>\n<strong>trier par couleur<\/strong>:Coffee color + coffee leather cushion 50*50*H80cm, matte white + light gray cloth cushion 50*50*H80cm, matte black + black leather cushion 50* 50*H80cm, champagne color + waterproof cloth 50*50*H80cm, coffee color 50*50*H80cm, matte black 50*50*H80cm, matte white 50*50*H80cm, champagne color 50*50*H80cm<\/li>\n<li>\n<strong>Mat\u00e9riau en tissu<\/strong>:autre<\/li>\n<li>\n<strong>Est-ce personnalisable ?<\/strong>:Non<\/li>\n<li>\n<strong>Peut-il \u00eatre \u00e9lev\u00e9 ou abaiss\u00e9 ?<\/strong>:Non<\/li>\n<li>\n<strong>Est-ce rotatif ?<\/strong>:Oui<\/li>\n<li>\n<strong>Puis-je m&#039;allonger ?<\/strong>:Non<\/li>\n<li>\n<strong>Mat\u00e9riau de pied cinq \u00e9toiles<\/strong>:Pieds en alliage d&#039;aluminium<\/li>\n<li>\n<strong>Type de main courante<\/strong>:Accoudoir fixe<\/li>\n<li>\n<strong>Est-ce que cela prend en charge l\u2019ergonomie ?<\/strong>:Oui<\/li>\n<li>\n<strong>Assembler<\/strong>:Oui<\/li>\n<li>\n<strong>volume du colis<\/strong>:0.5<\/li>\n<li>\n<strong>Positionnement de style<\/strong>:Style artistique<\/li>\n<li>\n<strong>Faut-il avoir des p\u00e9dales ?<\/strong>:Non<\/li>\n<\/ul>\n<p><img><\/p>","protected":false},"excerpt":{"rendered":"<p>marque : NORCHAIR mod\u00e8le : HXCFTGTF Mat\u00e9riau : autre trier par couleur : couleur caf\u00e9 + coussin en cuir caf\u00e9 50*50*H80cm, blanc mat + coussin en tissu gris clair 50*50*H80cm,<\/p>","protected":false},"featured_media":131704,"comment_status":"open","ping_status":"closed","template":"","meta":[],"product_brand":[],"product_cat":[30855,30862,30971,30859,30850],"product_tag":[],"class_list":{"0":"post-71712","1":"product","2":"type-product","3":"status-publish","4":"has-post-thumbnail","6":"product_cat-wholesale-chairs","7":"product_cat-wholesales-hotels","8":"product_cat-hp","9":"product_cat-wholesale-office","10":"product_cat-wholesale-furniture","12":"first","13":"instock","14":"sale","15":"taxable","16":"shipping-taxable","17":"purchasable","18":"product-type-variable"},"_links":{"self":[{"href":"https:\/\/nexgendecors.com\/fr\/wp-json\/wp\/v2\/product\/71712","targetHints":{"allow":["GET"]}}],"collection":[{"href":"https:\/\/nexgendecors.com\/fr\/wp-json\/wp\/v2\/product"}],"about":[{"href":"https:\/\/nexgendecors.com\/fr\/wp-json\/wp\/v2\/types\/product"}],"replies":[{"embeddable":true,"href":"https:\/\/nexgendecors.com\/fr\/wp-json\/wp\/v2\/comments?post=71712"}],"version-history":[{"count":0,"href":"https:\/\/nexgendecors.com\/fr\/wp-json\/wp\/v2\/product\/71712\/revisions"}],"wp:featuredmedia":[{"embeddable":true,"href":"https:\/\/nexgendecors.com\/fr\/wp-json\/wp\/v2\/media\/131704"}],"wp:attachment":[{"href":"https:\/\/nexgendecors.com\/fr\/wp-json\/wp\/v2\/media?parent=71712"}],"wp:term":[{"taxonomy":"product_brand","embeddable":true,"href":"https:\/\/nexgendecors.com\/fr\/wp-json\/wp\/v2\/product_brand?post=71712"},{"taxonomy":"product_cat","embeddable":true,"href":"https:\/\/nexgendecors.com\/fr\/wp-json\/wp\/v2\/product_cat?post=71712"},{"taxonomy":"product_tag","embeddable":true,"href":"https:\/\/nexgendecors.com\/fr\/wp-json\/wp\/v2\/product_tag?post=71712"}],"curies":[{"name":"wp","href":"https:\/\/api.w.org\/{rel}","templated":true}]}}