{"id":71886,"date":"2025-01-26T03:23:13","date_gmt":"2025-01-26T03:23:13","guid":{"rendered":"https:\/\/nexgendecors.com\/product\/nordic-bedroom-lamp-simple-modern-led-ceiling-lamp-creative-personality-triangle-geometry-study-balcony-entrance-lighting\/"},"modified":"2025-03-09T07:35:10","modified_gmt":"2025-03-09T07:35:10","slug":"nordic-bedroom-lamp-simple-modern-led-ceiling-lamp-creative-personality-triangle-geometry-study-balcony-entrance-lighting","status":"publish","type":"product","link":"https:\/\/nexgendecors.com\/fr\/product\/nordic-bedroom-lamp-simple-modern-led-ceiling-lamp-creative-personality-triangle-geometry-study-balcony-entrance-lighting\/","title":{"rendered":"Nordic Triangle LED Ceiling Lamp &#8211; Modern Geometry Design"},"content":{"rendered":"<ul>\n<li>\n<strong>marque<\/strong>:Schmidt<\/li>\n<li>\n<strong>mod\u00e8le<\/strong>:XL6889<\/li>\n<li>\n<strong>style<\/strong>:Europe du Nord<\/li>\n<li>\n<strong>trier par couleur<\/strong>:Sand Gray Large Size 52cm-White Light 36W Sand Gray Large Size 52cm-Three-Color Light Changing 36W Sand Gray Large Size 52cm-Stepless Dimming 36W Sand Gray Medium Size 43cm-White Light 24W Sand Gray Medium Size 43cm-Three-Color Light Changing 24W Sand Gray Medium Size 43cm-Stepless Dimming 24W Sand Gray Small Size 32cm-White Light 18W Sand Gray Small Size 32cm-Three-Color Light Changing 18W Sand Gray Small Size 32cm-Stepless Dimming 18W Sand black large size 52cm-white light 36 watts Sand black large size 52cm-three-color light changing 36 watts Sand black large size 52cm-stepless dimming 36 watts Sand black medium size 43cm-white light 24 watts Sand black medium size 43cm-three-color light changing 24 watts Sand black medium size 43cm-stepless dimming 24 watts Sand black small size 32cm-white light 18 watts Sand black small size 32cm-three-color light changing 18 watts Sand black small size 32cm-stepless dimming 18 watts<\/li>\n<li>\n<strong>La lampe a-t-elle une source lumineuse ?<\/strong>:Oui<\/li>\n<li>\n<strong>Tension<\/strong>:111V~240V (inclus)<\/li>\n<li>\n<strong>Mat\u00e9riau principal du corps de la lampe<\/strong>:fer<\/li>\n<li>\n<strong>Mat\u00e9riau principal de l&#039;abat-jour<\/strong>:Abat-jour en PMMA \u00e0 haute transmission lumineuse<\/li>\n<li>\n<strong>type de source lumineuse<\/strong>:Lumi\u00e8res LED<\/li>\n<li>\n<strong>Nombre de sources lumineuses<\/strong>:1<\/li>\n<li>\n<strong>Technologie<\/strong>:Gla\u00e7age \u00e0 la peinture en a\u00e9rosol<\/li>\n<li>\n<strong>Zone d&#039;irradiation<\/strong>:10\u33a1-15\u33a1<\/li>\n<li>\n<strong>Type de contr\u00f4le<\/strong>:autre<\/li>\n<li>\n<strong>Lampshade shape<\/strong>:Geometric<\/li>\n<li>\n<strong>Mat\u00e9riau auxiliaire pour abat-jour<\/strong>:Abat-jour en PMMA \u00e0 haute transmission lumineuse<\/li>\n<li>\n<strong>P\u00e9riode de garantie<\/strong>:3 ans<\/li>\n<li>\n<strong>Mat\u00e9riau auxiliaire du corps de la lampe<\/strong>:fer<\/li>\n<li>\n<strong>Type intelligent<\/strong>:Pas de support pour smart<\/li>\n<li>\n<strong>Que ce soit un contr\u00f4le intelligent<\/strong>:Non<\/li>\n<li>\n<strong>Type de plafonnier<\/strong>:Plafonnier en fer forg\u00e9<\/li>\n<li>\n<strong>Num\u00e9ro de certificat 3C<\/strong>:2023011001539682<\/li>\n<li>\n<strong><\/strong>:<\/li>\n<\/ul>","protected":false},"excerpt":{"rendered":"<p>brand:Schmidt model:XL6889 style:Northern Europe sort by color:Sand Gray Large Size 52cm-White Light 36W Sand Gray Large Size 52cm-Three-Color Light Changing<\/p>","protected":false},"featured_media":131861,"comment_status":"open","ping_status":"closed","template":"","meta":[],"product_brand":[],"product_cat":[30971,30864],"product_tag":[],"class_list":{"0":"post-71886","1":"product","2":"type-product","3":"status-publish","4":"has-post-thumbnail","6":"product_cat-hp","7":"product_cat-new-wholesales-lights","9":"first","10":"instock","11":"taxable","12":"shipping-taxable","13":"purchasable","14":"product-type-variable"},"_links":{"self":[{"href":"https:\/\/nexgendecors.com\/fr\/wp-json\/wp\/v2\/product\/71886","targetHints":{"allow":["GET"]}}],"collection":[{"href":"https:\/\/nexgendecors.com\/fr\/wp-json\/wp\/v2\/product"}],"about":[{"href":"https:\/\/nexgendecors.com\/fr\/wp-json\/wp\/v2\/types\/product"}],"replies":[{"embeddable":true,"href":"https:\/\/nexgendecors.com\/fr\/wp-json\/wp\/v2\/comments?post=71886"}],"version-history":[{"count":0,"href":"https:\/\/nexgendecors.com\/fr\/wp-json\/wp\/v2\/product\/71886\/revisions"}],"wp:featuredmedia":[{"embeddable":true,"href":"https:\/\/nexgendecors.com\/fr\/wp-json\/wp\/v2\/media\/131861"}],"wp:attachment":[{"href":"https:\/\/nexgendecors.com\/fr\/wp-json\/wp\/v2\/media?parent=71886"}],"wp:term":[{"taxonomy":"product_brand","embeddable":true,"href":"https:\/\/nexgendecors.com\/fr\/wp-json\/wp\/v2\/product_brand?post=71886"},{"taxonomy":"product_cat","embeddable":true,"href":"https:\/\/nexgendecors.com\/fr\/wp-json\/wp\/v2\/product_cat?post=71886"},{"taxonomy":"product_tag","embeddable":true,"href":"https:\/\/nexgendecors.com\/fr\/wp-json\/wp\/v2\/product_tag?post=71886"}],"curies":[{"name":"wp","href":"https:\/\/api.w.org\/{rel}","templated":true}]}}