{"id":71954,"date":"2025-01-26T03:23:20","date_gmt":"2025-01-26T03:23:20","guid":{"rendered":"https:\/\/nexgendecors.com\/product\/nordic-ceramic-terrazzo-pattern-above-counter-basin-wash-basin-creative-bathroom-balcony-home-art-wash-basin-basin-2\/"},"modified":"2025-04-06T09:18:34","modified_gmt":"2025-04-06T09:18:34","slug":"nordic-ceramic-terrazzo-pattern-above-counter-basin-wash-basin-creative-bathroom-balcony-home-art-wash-basin-basin-2","status":"publish","type":"product","link":"https:\/\/nexgendecors.com\/fr\/product\/nordic-ceramic-terrazzo-pattern-above-counter-basin-wash-basin-creative-bathroom-balcony-home-art-wash-basin-basin-2\/","title":{"rendered":"Lavabo en c\u00e9ramique nordique terrazzo \u2013 Design de salle de bain artistique"},"content":{"rendered":"<ul>\n<li>\n<strong>\u54c1\u724c<\/strong>:\u79e6\u5ef7<\/li>\n<li>\n<strong>\u578b\u53f7<\/strong>:QT-4328S<\/li>\n<li>\n<strong>\u6750\u8d28<\/strong>:\u9676\u74f7<\/li>\n<li>\n<strong>\u4ea7\u5730<\/strong>:\u4e2d\u56fd\u5927\u9646<\/li>\n<li>\n<strong>\u7701\u4efd<\/strong>:\u5e7f\u4e1c\u7701<\/li>\n<li>\n<strong>\u5730\u5e02<\/strong>:\u6f6e\u5dde\u5e02<\/li>\n<li>\n<strong>\u989c\u8272\u5206\u7c7b<\/strong>:\u5927\u5143\u5b9d\u5355\u76c6 \u5927\u5143\u5b9d\u914d\u91d1\u8272\u77f3\u7eb9\u9f99\u5934 \u5927\u5143\u5b9d\u914d\u67aa\u7070\u8272\u5361\u5bbe\u9f99\u5934 \u5927\u5143\u5b9d\u914d\u9ed1\u8272\u5929\u9e45\u9f99\u5934 \u5927\u5143\u5b9d\u914d\u767d\u8272\u5929\u9e45\u9f99\u5934 \u5927\u5143\u5b9d\u914d\u9ed1\u8272\u62bd\u62c9\u9f99\u5934 \u5927\u5143\u5b9d\u914d\u9ed1\u8272\u65cb\u8f6c\u9f99\u5934 \u4e2d\u5143\u5b9d\u5355\u76c6 \u4e2d\u5143\u5b9d\u914d\u91d1\u8272\u77f3\u7eb9\u9f99\u5934 \u4e2d\u5143\u5b9d\u914d\u67aa\u7070\u8272\u5361\u5bbe\u9f99\u5934 \u4e2d\u5143\u5b9d\u914d\u9ed1\u8272\u5929\u9e45\u9f99\u5934 \u4e2d\u5143\u5b9d\u914d\u767d\u8272\u5929\u9e45\u9f99\u5934 \u4e2d\u5143\u5b9d\u914d\u9ed1\u8272\u62bd\u62c9\u9f99\u5934 \u4e2d\u5143\u5b9d\u914d\u9ed1\u8272\u65cb\u8f6c\u9f99\u5934 \u5c0f\u5143\u5b9d\u5355\u76c6 \u5c0f\u5143\u5b9d\u914d\u91d1\u8272\u77f3\u7eb9\u9f99\u5934 \u5c0f\u5143\u5b9d\u914d\u67aa\u7070\u8272\u5361\u5bbe\u9f99\u5934 \u5c0f\u5143\u5b9d\u914d\u9ed1\u8272\u5929\u9e45\u9f99\u5934 \u5c0f\u5143\u5b9d\u914d\u767d\u8272\u5929\u9e45\u9f99\u5934 \u5c0f\u5143\u5b9d\u914d\u9ed1\u8272\u62bd\u62c9\u9f99\u5934 \u5c0f\u5143\u5b9d\u914d\u9ed1\u8272\u65cb\u8f6c\u9f99\u5934<\/li>\n<li>\n<strong>\u540c\u57ce\u670d\u52a1<\/strong>:\u540c\u57ce\u7269\u6d41\u9001\u8d27\u4e0a\u95e8<\/li>\n<li>\n<strong>\u9f99\u5934\u5f00\u5b54<\/strong>:\u65e0\u5b54<\/li>\n<li>\n<strong><\/strong>:<\/li>\n<\/ul>\n<p><img><\/p>","protected":false},"excerpt":{"rendered":"<p>Mod\u00e8le : Mod\u00e8le Mod\u00e8le : QT-4328S Mod\u00e8le : Produit Mod\u00e8le : \u4e2d\u56fd\u5927\u9646 Mod\u00e8le : Mod\u00e8le : Mod\u00e8le : Mod\u00e8le\u989c\u8272\u5206\u7c7b:\u5927\u5143\u5b9d\u5355\u76c6 \u5927\u5143\u5b9d\u914d\u91d1\u8272\u77f3\u7eb9\u9f99\u5934 \u5927\u5143\u5b9d\u914d\u67aa\u7070\u8272\u5361\u5bbe\u9f99\u5934\u5927\u5143\u5b9d\u914d\u9ed1\u8272\u5929\u9e45\u9f99\u5934 \u5927\u5143\u5b9d\u914d\u767d\u8272\u5929\u9e45\u9f99\u5934 \u5927\u5143\u5b9d\u914d\u9ed1\u8272\u62bd\u62c9\u9f99\u5934 \u5927\u5143\u5b9d\u914d\u9ed1\u8272\u65cb\u8f6c\u9f99\u5934 \u4e2d\u5143\u5b9d\u5355\u76c6\u4e2d\u5143\u5b9d\u914d\u91d1\u8272\u77f3\u7eb9\u9f99\u5934 \u4e2d\u5143\u5b9d\u914d\u67aa\u7070\u8272\u5361\u5bbe\u9f99\u5934 \u4e2d\u5143\u5b9d\u914d\u9ed1\u8272\u5929\u9e45\u9f99\u5934\u4e2d\u5143\u5b9d\u914d\u767d\u8272\u5929\u9e45\u9f99\u5934 \u4e2d\u5143\u5b9d\u914d\u9ed1\u8272\u62bd\u62c9\u9f99\u5934 \u4e2d\u5143\u5b9d\u914d\u9ed1\u8272\u65cb\u8f6c\u9f99\u5934<\/p>","protected":false},"featured_media":131918,"comment_status":"open","ping_status":"closed","template":"","meta":[],"product_brand":[],"product_cat":[30893,30971,30880],"product_tag":[],"class_list":{"0":"post-71954","1":"product","2":"type-product","3":"status-publish","4":"has-post-thumbnail","6":"product_cat-bs-sink","7":"product_cat-hp","8":"product_cat-wholesales-bathroom-sink","10":"first","11":"instock","12":"taxable","13":"shipping-taxable","14":"purchasable","15":"product-type-variable"},"_links":{"self":[{"href":"https:\/\/nexgendecors.com\/fr\/wp-json\/wp\/v2\/product\/71954","targetHints":{"allow":["GET"]}}],"collection":[{"href":"https:\/\/nexgendecors.com\/fr\/wp-json\/wp\/v2\/product"}],"about":[{"href":"https:\/\/nexgendecors.com\/fr\/wp-json\/wp\/v2\/types\/product"}],"replies":[{"embeddable":true,"href":"https:\/\/nexgendecors.com\/fr\/wp-json\/wp\/v2\/comments?post=71954"}],"version-history":[{"count":0,"href":"https:\/\/nexgendecors.com\/fr\/wp-json\/wp\/v2\/product\/71954\/revisions"}],"wp:featuredmedia":[{"embeddable":true,"href":"https:\/\/nexgendecors.com\/fr\/wp-json\/wp\/v2\/media\/131918"}],"wp:attachment":[{"href":"https:\/\/nexgendecors.com\/fr\/wp-json\/wp\/v2\/media?parent=71954"}],"wp:term":[{"taxonomy":"product_brand","embeddable":true,"href":"https:\/\/nexgendecors.com\/fr\/wp-json\/wp\/v2\/product_brand?post=71954"},{"taxonomy":"product_cat","embeddable":true,"href":"https:\/\/nexgendecors.com\/fr\/wp-json\/wp\/v2\/product_cat?post=71954"},{"taxonomy":"product_tag","embeddable":true,"href":"https:\/\/nexgendecors.com\/fr\/wp-json\/wp\/v2\/product_tag?post=71954"}],"curies":[{"name":"wp","href":"https:\/\/api.w.org\/{rel}","templated":true}]}}