{"id":71977,"date":"2025-01-26T03:23:24","date_gmt":"2025-01-26T03:23:24","guid":{"rendered":"https:\/\/nexgendecors.com\/product\/nordic-corridor-dining-room-restaurant-lighting-art-bar-bedroom-study-creative-personality-retro-restaurant-chandelier-three-heads\/"},"modified":"2025-04-06T09:18:38","modified_gmt":"2025-04-06T09:18:38","slug":"nordic-corridor-dining-room-restaurant-lighting-art-bar-bedroom-study-creative-personality-retro-restaurant-chandelier-three-heads","status":"publish","type":"product","link":"https:\/\/nexgendecors.com\/fr\/product\/nordic-corridor-dining-room-restaurant-lighting-art-bar-bedroom-study-creative-personality-retro-restaurant-chandelier-three-heads\/","title":{"rendered":"Nordic Corridor Chandelier: Retro 3-Head Lighting Art"},"content":{"rendered":"<ul>\n<li>\n<strong>marque<\/strong>:Lumi\u00e8re des \u00e9toiles<\/li>\n<li>\n<strong>mod\u00e8le<\/strong>:621<\/li>\n<li>\n<strong>style<\/strong>:Europe du Nord<\/li>\n<li>\n<strong>trier par couleur<\/strong>:Brown cover single 38CM with 9 watt three-color light-changing white cover 3 round discs with 9 watt three-color light-changing brown cover 2 long discs with 9 watt three-color light-changing brown cover single 50CM with LED12 watt white cover 2 long discs with 9 watt three-color light-changing white cover single 28CM with 9 watt three-color light-changing brown cover single 45CM with LED12 watt white cover single 50CM with LED12 watt white cover 3 long discs with 9 watt three-color light-changing brown cover 3 long discs with 9 watt three-color light-changing white cover single 45CM with LED12 watt brown cover 3 round discs with 9 watt three-color light-changing brown cover single 28CM with 9 watt three-color light-changing white cover single 38CM with 9 watt three-color light-changing<\/li>\n<li>\n<strong>La lampe a-t-elle une source lumineuse ?<\/strong>:Non<\/li>\n<li>\n<strong>Service en ville<\/strong>:Livraison \u00e0 domicile par des vendeurs locaux<\/li>\n<li>\n<strong>Tension<\/strong>:111V~240V (inclus)<\/li>\n<li>\n<strong>Mat\u00e9riau principal du corps de la lampe<\/strong>:wood<\/li>\n<li>\n<strong>Mat\u00e9riau principal de l&#039;abat-jour<\/strong>:fer<\/li>\n<li>\n<strong>type de source lumineuse<\/strong>:Energy-saving lamps LED lamps Incandescent lamps Halogen lamps<\/li>\n<li>\n<strong>Nombre de sources lumineuses<\/strong>:1<\/li>\n<li>\n<strong>Technologie<\/strong>:Gla\u00e7age \u00e0 la peinture en a\u00e9rosol<\/li>\n<li>\n<strong>Zone d&#039;irradiation<\/strong>:3\u33a1-5\u33a1<\/li>\n<li>\n<strong>Type de contr\u00f4le<\/strong>:autre<\/li>\n<li>\n<strong>Mat\u00e9riau auxiliaire pour abat-jour<\/strong>:fer<\/li>\n<li>\n<strong>P\u00e9riode de garantie<\/strong>:5 ans<\/li>\n<li>\n<strong>Mat\u00e9riau auxiliaire du corps de la lampe<\/strong>:fer<\/li>\n<li>\n<strong>Type intelligent<\/strong>:Pas de support pour smart<\/li>\n<li>\n<strong>Que ce soit un contr\u00f4le intelligent<\/strong>:Non<\/li>\n<li>\n<strong>Forme de la lampe<\/strong>:Lustre en forme de ligne de p\u00eache<\/li>\n<li>\n<strong>Nombre d&#039;accessoires<\/strong>:10<\/li>\n<li>\n<strong>Nombre de t\u00eates de lampe<\/strong>:1<\/li>\n<li>\n<strong>Type de lustre<\/strong>:Lustre en fer forg\u00e9<\/li>\n<li>\n<strong>Num\u00e9ro de certificat 3C<\/strong>:2024011001606724<\/li>\n<\/ul>\n<p><img><\/p>","protected":false},"excerpt":{"rendered":"<p>brand:Star Light model:621 style:Northern Europe sort by color:Brown cover single 38CM with 9 watt three-color light-changing white cover 3 round<\/p>","protected":false},"featured_media":131952,"comment_status":"open","ping_status":"closed","template":"","meta":[],"product_brand":[],"product_cat":[30971,30864],"product_tag":[],"class_list":{"0":"post-71977","1":"product","2":"type-product","3":"status-publish","4":"has-post-thumbnail","6":"product_cat-hp","7":"product_cat-new-wholesales-lights","9":"first","10":"instock","11":"sale","12":"taxable","13":"shipping-taxable","14":"purchasable","15":"product-type-variable"},"_links":{"self":[{"href":"https:\/\/nexgendecors.com\/fr\/wp-json\/wp\/v2\/product\/71977","targetHints":{"allow":["GET"]}}],"collection":[{"href":"https:\/\/nexgendecors.com\/fr\/wp-json\/wp\/v2\/product"}],"about":[{"href":"https:\/\/nexgendecors.com\/fr\/wp-json\/wp\/v2\/types\/product"}],"replies":[{"embeddable":true,"href":"https:\/\/nexgendecors.com\/fr\/wp-json\/wp\/v2\/comments?post=71977"}],"version-history":[{"count":0,"href":"https:\/\/nexgendecors.com\/fr\/wp-json\/wp\/v2\/product\/71977\/revisions"}],"wp:featuredmedia":[{"embeddable":true,"href":"https:\/\/nexgendecors.com\/fr\/wp-json\/wp\/v2\/media\/131952"}],"wp:attachment":[{"href":"https:\/\/nexgendecors.com\/fr\/wp-json\/wp\/v2\/media?parent=71977"}],"wp:term":[{"taxonomy":"product_brand","embeddable":true,"href":"https:\/\/nexgendecors.com\/fr\/wp-json\/wp\/v2\/product_brand?post=71977"},{"taxonomy":"product_cat","embeddable":true,"href":"https:\/\/nexgendecors.com\/fr\/wp-json\/wp\/v2\/product_cat?post=71977"},{"taxonomy":"product_tag","embeddable":true,"href":"https:\/\/nexgendecors.com\/fr\/wp-json\/wp\/v2\/product_tag?post=71977"}],"curies":[{"name":"wp","href":"https:\/\/api.w.org\/{rel}","templated":true}]}}