{"id":71993,"date":"2025-01-26T03:23:26","date_gmt":"2025-01-26T03:23:26","guid":{"rendered":"https:\/\/nexgendecors.com\/product\/nordic-cream-style-stair-chandelier-modern-simple-light-luxury-shell-pearl-villa-living-room-duplex-atmospheric-long-chandelier\/"},"modified":"2025-03-09T08:24:00","modified_gmt":"2025-03-09T08:24:00","slug":"nordic-cream-style-stair-chandelier-modern-simple-light-luxury-shell-pearl-villa-living-room-duplex-atmospheric-long-chandelier","status":"publish","type":"product","link":"https:\/\/nexgendecors.com\/fr\/product\/nordic-cream-style-stair-chandelier-modern-simple-light-luxury-shell-pearl-villa-living-room-duplex-atmospheric-long-chandelier\/","title":{"rendered":"Nordic Luxury Shell Pearl Stair Chandelier"},"content":{"rendered":"<ul>\n<li>\n<strong>marque<\/strong>:Lumi\u00e8re des \u00e9toiles<\/li>\n<li>\n<strong>mod\u00e8le<\/strong>:1080<\/li>\n<li>\n<strong>pouvoir<\/strong>:11 W (inclus) \u2013 15 W (inclus)<\/li>\n<li>\n<strong>style<\/strong>:Simple et moderne<\/li>\n<li>\n<strong>Temp\u00e9rature de couleur de la source lumineuse Valeur K<\/strong>:4000K<\/li>\n<li>\n<strong>Espace applicable<\/strong>:LOFT\/Duplex Maison Duplex\/Escalier<\/li>\n<li>\n<strong>trier par couleur<\/strong>:White shell 6 warm light (30CM chassis 2 meters line) White shell 6 white light (30CM chassis 2 meters line) White shell 6 three-color light (30CM chassis 2 meters line) White shell 9 warm light (40CM chassis 2 meters line) White shell 9 white light (40CM chassis 2 meters line) White shell 9 three-color light (40CM chassis 2 meters line) White shell 12 warm light (40CM chassis 2 meters line) White shell 12 white light (40CM chassis 2 meters line) White shell 12 three-color light (40CM chassis 2 meters line) White shell 16 warm light (50CM chassis 3 meters line) White shell 16 white light (50CM chassis 3 meters line) White shell 16 three-color light (50CM chassis 3 meters line) White shell 25 warm light (60CM chassis 3 meters line) White shell 25 white light (60CM chassis 3 meters line) White shell 25 heads three-color light (60CM base 3 meters line) White shell 5 heads straight disk [80CM] Warm light white shell 5 heads straight disk [80CM] White light white shell 5 heads straight disk [80CM] Three-color light white shell 7 heads straight disk [100CM] Warm light white shell 7 heads straight disk [100CM] White light white shell 7 heads straight disk [100CM] Three-color light<\/li>\n<li>\n<strong>La lampe a-t-elle une source lumineuse ?<\/strong>:Oui<\/li>\n<li>\n<strong>Service en ville<\/strong>:Livraison porte-\u00e0-porte logistique intra-urbaine<\/li>\n<li>\n<strong>Tension<\/strong>:100V-240V<\/li>\n<li>\n<strong>Mat\u00e9riau principal du corps de la lampe<\/strong>:fer<\/li>\n<li>\n<strong>Mat\u00e9riau principal de l&#039;abat-jour<\/strong>:Verre<\/li>\n<li>\n<strong>Nombre de sources lumineuses<\/strong>:5<\/li>\n<li>\n<strong>Technologie<\/strong>:Gla\u00e7age \u00e0 la peinture en a\u00e9rosol<\/li>\n<li>\n<strong>Zone d&#039;irradiation<\/strong>:10\u33a1-15\u33a1<\/li>\n<li>\n<strong>Type de contr\u00f4le<\/strong>:autre<\/li>\n<li>\n<strong>Temp\u00e9rature de couleur<\/strong>:Lumi\u00e8re tricolore<\/li>\n<li>\n<strong>Mat\u00e9riau auxiliaire pour abat-jour<\/strong>:Verre<\/li>\n<li>\n<strong>P\u00e9riode de garantie<\/strong>:3 ans<\/li>\n<li>\n<strong>Mat\u00e9riau auxiliaire du corps de la lampe<\/strong>:fer<\/li>\n<li>\n<strong>Type intelligent<\/strong>:Pas de support pour smart<\/li>\n<li>\n<strong>Que ce soit un contr\u00f4le intelligent<\/strong>:Non<\/li>\n<li>\n<strong>Forme de la lampe<\/strong>:Lustre en forme de ligne de p\u00eache<\/li>\n<li>\n<strong>Nombre d&#039;accessoires<\/strong>:1<\/li>\n<li>\n<strong>Nombre de t\u00eates de lampe<\/strong>:5<\/li>\n<li>\n<strong>Type de lustre<\/strong>:Lustre en verre<\/li>\n<li>\n<strong>Num\u00e9ro de certificat 3C<\/strong>:2024011001607990<\/li>\n<li>\n<strong><\/strong>:<\/li>\n<\/ul>\n<p><img><\/p>","protected":false},"excerpt":{"rendered":"<p>brand:Star Light model:1080 power:11W (inclusive) &#8211; 15W (inclusive) style:Simple and modern Light source color temperature K value:4000K Applicable space:LOFT\/Duplex Duplex<\/p>","protected":false},"featured_media":131960,"comment_status":"open","ping_status":"closed","template":"","meta":[],"product_brand":[],"product_cat":[30971,30864],"product_tag":[],"class_list":{"0":"post-71993","1":"product","2":"type-product","3":"status-publish","4":"has-post-thumbnail","6":"product_cat-hp","7":"product_cat-new-wholesales-lights","9":"first","10":"instock","11":"taxable","12":"shipping-taxable","13":"purchasable","14":"product-type-variable"},"_links":{"self":[{"href":"https:\/\/nexgendecors.com\/fr\/wp-json\/wp\/v2\/product\/71993","targetHints":{"allow":["GET"]}}],"collection":[{"href":"https:\/\/nexgendecors.com\/fr\/wp-json\/wp\/v2\/product"}],"about":[{"href":"https:\/\/nexgendecors.com\/fr\/wp-json\/wp\/v2\/types\/product"}],"replies":[{"embeddable":true,"href":"https:\/\/nexgendecors.com\/fr\/wp-json\/wp\/v2\/comments?post=71993"}],"version-history":[{"count":0,"href":"https:\/\/nexgendecors.com\/fr\/wp-json\/wp\/v2\/product\/71993\/revisions"}],"wp:featuredmedia":[{"embeddable":true,"href":"https:\/\/nexgendecors.com\/fr\/wp-json\/wp\/v2\/media\/131960"}],"wp:attachment":[{"href":"https:\/\/nexgendecors.com\/fr\/wp-json\/wp\/v2\/media?parent=71993"}],"wp:term":[{"taxonomy":"product_brand","embeddable":true,"href":"https:\/\/nexgendecors.com\/fr\/wp-json\/wp\/v2\/product_brand?post=71993"},{"taxonomy":"product_cat","embeddable":true,"href":"https:\/\/nexgendecors.com\/fr\/wp-json\/wp\/v2\/product_cat?post=71993"},{"taxonomy":"product_tag","embeddable":true,"href":"https:\/\/nexgendecors.com\/fr\/wp-json\/wp\/v2\/product_tag?post=71993"}],"curies":[{"name":"wp","href":"https:\/\/api.w.org\/{rel}","templated":true}]}}