{"id":72093,"date":"2025-01-26T03:23:38","date_gmt":"2025-01-26T03:23:38","guid":{"rendered":"https:\/\/nexgendecors.com\/product\/nordic-creative-lambskin-long-dining-chair-modern-simple-living-room-backrest-long-chair-b-b-hotel-double-three-person-sofa\/"},"modified":"2025-04-06T09:18:56","modified_gmt":"2025-04-06T09:18:56","slug":"nordic-creative-lambskin-long-dining-chair-modern-simple-living-room-backrest-long-chair-b-b-hotel-double-three-person-sofa","status":"publish","type":"product","link":"https:\/\/nexgendecors.com\/fr\/product\/nordic-creative-lambskin-long-dining-chair-modern-simple-living-room-backrest-long-chair-b-b-hotel-double-three-person-sofa\/","title":{"rendered":"Chaise longue de salle \u00e0 manger nordique en peau d&#039;agneau \u2013 Canap\u00e9 B&amp;B moderne"},"content":{"rendered":"<ul>\n<li>\n<strong>marque<\/strong>:autre\/autre<\/li>\n<li>\n<strong>mod\u00e8le<\/strong>:2022414663268<\/li>\n<li>\n<strong>Mat\u00e9riel<\/strong>:Bois massif<\/li>\n<li>\n<strong>mod\u00e8le<\/strong>:Autre<\/li>\n<li>\n<strong>style<\/strong>:Simple et moderne<\/li>\n<li>\n<strong>\u00e9l\u00e9ments populaires<\/strong>:Logs, mortise and tenon<\/li>\n<li>\n<strong>trier par couleur<\/strong>:Single seat, double seat, triple seat, color and size<\/li>\n<li>\n<strong>Remplissage<\/strong>:\u00c9ponge en mousse hautement \u00e9lastique<\/li>\n<li>\n<strong>Est-ce personnalisable ?<\/strong>:Oui<\/li>\n<li>\n<strong>Appropri\u00e9<\/strong>:Adultes<\/li>\n<li>\n<strong>Est-ce rempla\u00e7able ?<\/strong>:Non<\/li>\n<li>\n<strong>Livraison\/installation disponible<\/strong>:Beijing, Chongqing, Shanghai, Tianjin, Shenzhen, Chengdu, Shenyang, Dalian, Harbin, Nanjing, Wuxi, Changzhou, Suzhou, Hangzhou, Ningbo, Wenzhou, Jinhua, Taizhou, Fuzhou, Xiamen, Nanchang, Qingdao, Zhengzhou, Wuhan, Changsha, Guangzhou, Foshan, Dongguan, Nanning, Guiyang, Xi&#8217;an<\/li>\n<li>\n<strong>Origine<\/strong>:Shanghai<\/li>\n<li>\n<strong>ville<\/strong>:Shanghai<\/li>\n<li>\n<strong>Assembler<\/strong>:Non<\/li>\n<li>\n<strong>Un taxi est-il disponible pour le transport ?<\/strong>:Non<\/li>\n<li>\n<strong>Positionnement de style<\/strong>:Qualit\u00e9 Luxe<\/li>\n<li>\n<strong>Instructions d&#039;installation d\u00e9taill\u00e9es<\/strong>:Aucune instruction d&#039;installation<\/li>\n<\/ul>","protected":false},"excerpt":{"rendered":"<p>Marque : autre\/autre Mod\u00e8le : 2022414663268 Mat\u00e9riau : bois massif Motif : autre Style : simple et moderne \u00c9l\u00e9ments populaires : b\u00fbches, tenon et mortaise Trier par couleur : si\u00e8ge simple, si\u00e8ge double, triple<\/p>","protected":false},"featured_media":132039,"comment_status":"open","ping_status":"closed","template":"","meta":[],"product_brand":[],"product_cat":[30971,30850],"product_tag":[15654],"class_list":{"0":"post-72093","1":"product","2":"type-product","3":"status-publish","4":"has-post-thumbnail","6":"product_cat-hp","7":"product_cat-wholesale-furniture","8":"product_tag-taobao","10":"first","11":"instock","12":"sale","13":"taxable","14":"shipping-taxable","15":"purchasable","16":"product-type-variable"},"_links":{"self":[{"href":"https:\/\/nexgendecors.com\/fr\/wp-json\/wp\/v2\/product\/72093","targetHints":{"allow":["GET"]}}],"collection":[{"href":"https:\/\/nexgendecors.com\/fr\/wp-json\/wp\/v2\/product"}],"about":[{"href":"https:\/\/nexgendecors.com\/fr\/wp-json\/wp\/v2\/types\/product"}],"replies":[{"embeddable":true,"href":"https:\/\/nexgendecors.com\/fr\/wp-json\/wp\/v2\/comments?post=72093"}],"version-history":[{"count":0,"href":"https:\/\/nexgendecors.com\/fr\/wp-json\/wp\/v2\/product\/72093\/revisions"}],"wp:featuredmedia":[{"embeddable":true,"href":"https:\/\/nexgendecors.com\/fr\/wp-json\/wp\/v2\/media\/132039"}],"wp:attachment":[{"href":"https:\/\/nexgendecors.com\/fr\/wp-json\/wp\/v2\/media?parent=72093"}],"wp:term":[{"taxonomy":"product_brand","embeddable":true,"href":"https:\/\/nexgendecors.com\/fr\/wp-json\/wp\/v2\/product_brand?post=72093"},{"taxonomy":"product_cat","embeddable":true,"href":"https:\/\/nexgendecors.com\/fr\/wp-json\/wp\/v2\/product_cat?post=72093"},{"taxonomy":"product_tag","embeddable":true,"href":"https:\/\/nexgendecors.com\/fr\/wp-json\/wp\/v2\/product_tag?post=72093"}],"curies":[{"name":"wp","href":"https:\/\/api.w.org\/{rel}","templated":true}]}}