{"id":72098,"date":"2025-01-26T03:23:40","date_gmt":"2025-01-26T03:23:40","guid":{"rendered":"https:\/\/nexgendecors.com\/product\/nordic-creative-leather-sofa-with-backrest-modern-simple-leisure-western-coffee-shop-wall-negotiation-booth-long-chair\/"},"modified":"2025-04-06T09:18:59","modified_gmt":"2025-04-06T09:18:59","slug":"nordic-creative-leather-sofa-with-backrest-modern-simple-leisure-western-coffee-shop-wall-negotiation-booth-long-chair","status":"publish","type":"product","link":"https:\/\/nexgendecors.com\/fr\/product\/nordic-creative-leather-sofa-with-backrest-modern-simple-leisure-western-coffee-shop-wall-negotiation-booth-long-chair\/","title":{"rendered":"Canap\u00e9 nordique en cuir avec dossier pour caf\u00e9s modernes"},"content":{"rendered":"<ul>\n<li>\n<strong>marque<\/strong>:autre\/autre<\/li>\n<li>\n<strong>mod\u00e8le<\/strong>:323663268<\/li>\n<li>\n<strong>Mat\u00e9riel<\/strong>:M\u00e9tal<\/li>\n<li>\n<strong>Mat\u00e9riau m\u00e9tallique<\/strong>:Acier inoxydable<\/li>\n<li>\n<strong>style<\/strong>:Europe du Nord<\/li>\n<li>\n<strong>Nombre de personnes applicable<\/strong>:autre<\/li>\n<li>\n<strong>\u00e9l\u00e9ments populaires<\/strong>:Metal, special shape<\/li>\n<li>\n<strong>trier par couleur<\/strong>:Double (pu leather), Triple (pu leather), Double (genuine leather), Triple (genuine leather), Customized color and size, Customized 1<\/li>\n<li>\n<strong>Remplissage<\/strong>:\u00e9ponge<\/li>\n<li>\n<strong>Technologie structurelle<\/strong>:Artisanat du bois<\/li>\n<li>\n<strong>Technologie des structures en bois<\/strong>:autre<\/li>\n<li>\n<strong>Est-ce personnalisable ?<\/strong>:Non<\/li>\n<li>\n<strong>Combinaison de canap\u00e9<\/strong>:autre<\/li>\n<li>\n<strong>Fonctionnalit\u00e9s suppl\u00e9mentaires<\/strong>:il peut bouger<\/li>\n<li>\n<strong>Appropri\u00e9<\/strong>:Adultes<\/li>\n<li>\n<strong>Y a-t-il un espace de stockage ?<\/strong>:Non<\/li>\n<li>\n<strong>Mati\u00e8re cuir<\/strong>:PU<\/li>\n<li>\n<strong>Origine<\/strong>:Shanghai<\/li>\n<li>\n<strong>ville<\/strong>:Shanghai<\/li>\n<li>\n<strong>Assembler<\/strong>:Non<\/li>\n<li>\n<strong>Un taxi est-il disponible pour le transport ?<\/strong>:Non<\/li>\n<li>\n<strong>Duret\u00e9 du remplissage<\/strong>:doux<\/li>\n<li>\n<strong>Positionnement de style<\/strong>:Qualit\u00e9 Luxe<\/li>\n<li>\n<strong>Gamme de finitions en cuir<\/strong>:Cuir<\/li>\n<\/ul>","protected":false},"excerpt":{"rendered":"<p>Marque : autre\/autre Mod\u00e8le : 323663268 Mat\u00e9riau : m\u00e9tal Mat\u00e9riau m\u00e9tallique : acier inoxydable Style : Europe du Nord Nombre de personnes applicable : autre \u00c9l\u00e9ments populaires : m\u00e9tal, forme sp\u00e9ciale Trier par couleur : double (pu<\/p>","protected":false},"featured_media":132046,"comment_status":"open","ping_status":"closed","template":"","meta":[],"product_brand":[],"product_cat":[30971,30850],"product_tag":[15654],"class_list":{"0":"post-72098","1":"product","2":"type-product","3":"status-publish","4":"has-post-thumbnail","6":"product_cat-hp","7":"product_cat-wholesale-furniture","8":"product_tag-taobao","10":"first","11":"instock","12":"sale","13":"taxable","14":"shipping-taxable","15":"purchasable","16":"product-type-variable"},"_links":{"self":[{"href":"https:\/\/nexgendecors.com\/fr\/wp-json\/wp\/v2\/product\/72098","targetHints":{"allow":["GET"]}}],"collection":[{"href":"https:\/\/nexgendecors.com\/fr\/wp-json\/wp\/v2\/product"}],"about":[{"href":"https:\/\/nexgendecors.com\/fr\/wp-json\/wp\/v2\/types\/product"}],"replies":[{"embeddable":true,"href":"https:\/\/nexgendecors.com\/fr\/wp-json\/wp\/v2\/comments?post=72098"}],"version-history":[{"count":0,"href":"https:\/\/nexgendecors.com\/fr\/wp-json\/wp\/v2\/product\/72098\/revisions"}],"wp:featuredmedia":[{"embeddable":true,"href":"https:\/\/nexgendecors.com\/fr\/wp-json\/wp\/v2\/media\/132046"}],"wp:attachment":[{"href":"https:\/\/nexgendecors.com\/fr\/wp-json\/wp\/v2\/media?parent=72098"}],"wp:term":[{"taxonomy":"product_brand","embeddable":true,"href":"https:\/\/nexgendecors.com\/fr\/wp-json\/wp\/v2\/product_brand?post=72098"},{"taxonomy":"product_cat","embeddable":true,"href":"https:\/\/nexgendecors.com\/fr\/wp-json\/wp\/v2\/product_cat?post=72098"},{"taxonomy":"product_tag","embeddable":true,"href":"https:\/\/nexgendecors.com\/fr\/wp-json\/wp\/v2\/product_tag?post=72098"}],"curies":[{"name":"wp","href":"https:\/\/api.w.org\/{rel}","templated":true}]}}