{"id":72201,"date":"2025-01-26T03:23:53","date_gmt":"2025-01-26T03:23:53","guid":{"rendered":"https:\/\/nexgendecors.com\/product\/nordic-creative-staircase-lamp-8-meters-long-chandelier-black-duplex-spiral-staircase-hollow-modern-living-room-lamp-1\/"},"modified":"2025-04-06T09:19:21","modified_gmt":"2025-04-06T09:19:21","slug":"lampe-descalier-creative-nordique-de-8-metres-de-long-lustre-noir-en-spirale-duplex-lampe-de-salon-moderne-creuse-1","status":"publish","type":"product","link":"https:\/\/nexgendecors.com\/fr\/product\/lampe-descalier-creative-nordique-de-8-metres-de-long-lustre-noir-en-spirale-duplex-lampe-de-salon-moderne-creuse-1\/","title":{"rendered":"Lustre nordique noir en spirale pour les salons modernes"},"content":{"rendered":"<ul>\n<li>\n<strong>style<\/strong>:Simple et moderne<\/li>\n<li>\n<strong>Type de lustre<\/strong>:Lustre en alliage de zinc<\/li>\n<li>\n<strong>Mat\u00e9riau principal du corps de la lampe<\/strong>:fer<\/li>\n<li>\n<strong>Mat\u00e9riau principal de l&#039;abat-jour<\/strong>:Abat-jour en PMMA \u00e0 haute transmission lumineuse<\/li>\n<li>\n<strong>Tension<\/strong>:111V~240V (inclus)<\/li>\n<li>\n<strong>Nombre d&#039;accessoires<\/strong>:1<\/li>\n<li>\n<strong>Forme de la lampe<\/strong>:Lustre en forme de ligne de p\u00eache<\/li>\n<li>\n<strong>Que ce soit un contr\u00f4le intelligent<\/strong>:Non<\/li>\n<li>\n<strong>Nombre de t\u00eates de lampe<\/strong>:1<\/li>\n<li>\n<strong>Mat\u00e9riau auxiliaire du corps de la lampe<\/strong>:aluminium<\/li>\n<li>\n<strong>Espace applicable<\/strong>:salon<\/li>\n<li>\n<strong>Service en ville<\/strong>:Livraison \u00e0 domicile par des vendeurs locaux<\/li>\n<li>\n<strong>Composants certifi\u00e9s 3c<\/strong>:Douille de lampe<\/li>\n<li>\n<strong>P\u00e9riode de garantie<\/strong>:3 ans<\/li>\n<li>\n<strong>Zone d&#039;irradiation<\/strong>:1\u33a1-3\u33a1<\/li>\n<li>\n<strong>La lampe a-t-elle une source lumineuse ?<\/strong>:Oui<\/li>\n<li>\n<strong>type de source lumineuse<\/strong>:Lumi\u00e8res LED<\/li>\n<li>\n<strong>Nombre de sources lumineuses<\/strong>:1<\/li>\n<li>\n<strong>Technologie<\/strong>:Gla\u00e7age \u00e0 la peinture en a\u00e9rosol<\/li>\n<li>\n<strong>trier par couleur<\/strong>:Long simple noir longueur 60cm, long simple gris argent\u00e9 longueur 60cm, long rectangle 8 t\u00eates haut 1,5 m\u00e8tres [personnalis\u00e9], long rectangle 16 t\u00eates haut 2,5 m\u00e8tres [personnalis\u00e9], long rectangle 22 t\u00eates haut 3 m\u00e8tres [personnalis\u00e9], long rectangle 36 t\u00eates haut 5,5 m\u00e8tres [personnalis\u00e9], long rectangle 29 t\u00eates haut 4 m\u00e8tres [personnalis\u00e9], long rectangle 32 t\u00eates haut 4,5 m\u00e8tres [personnalis\u00e9], long rectangle 64 t\u00eates [personnalis\u00e9 environ 10 m\u00e8tres], long rectangle 45 t\u00eates haut 8 m\u00e8tres [personnalis\u00e9 environ 8 m\u00e8tres], t\u00eate simple champagne or longueur 60cm, long rectangle 55 t\u00eates [personnalis\u00e9 environ 9 m\u00e8tres], long rectangle 68 t\u00eates [personnalis\u00e9 environ 10 m\u00e8tres], long rectangle 80 t\u00eates [personnalis\u00e9 environ 12 m\u00e8tres], autres tailles personnalis\u00e9es, salon duplex 32 t\u00eates personnalis\u00e9es, Long rond 6 t\u00eates haut 1,2 m\u00e8tres [personnalis\u00e9], long rectangulaire 39 t\u00eates hautes de 6,5 m\u00e8tres [personnalis\u00e9es], rectangulaires longues de 88 t\u00eates [personnalis\u00e9es d&#039;environ 13 m\u00e8tres], rondes longues de 8 t\u00eates hautes de 1,5 m\u00e8tre [personnalis\u00e9es], rectangulaires longues de 12 t\u00eates hautes de 2 m\u00e8tres [personnalis\u00e9es], rondes longues de 12 t\u00eates hautes de 2 m\u00e8tres [personnalis\u00e9es], rondes longues de 16 t\u00eates hautes de 2,5 m\u00e8tres [personnalis\u00e9es], rondes longues de 22 t\u00eates hautes de 3 m\u00e8tres [personnalis\u00e9es], rondes longues de 29 t\u00eates hautes de 4 m\u00e8tres [personnalis\u00e9es], rectangulaires longues de 50 t\u00eates hautes de 8,5 m\u00e8tres [personnalis\u00e9es], rectangulaires longues de 75 t\u00eates [personnalis\u00e9es d&#039;environ 11 m\u00e8tres], rectangulaires longues de 99 t\u00eates [personnalis\u00e9es d&#039;environ 13 m\u00e8tres], rectangulaires longues de 108 t\u00eates [personnalis\u00e9es d&#039;environ 15 m\u00e8tres], rectangulaires longues de 120 t\u00eates [personnalis\u00e9es d&#039;environ 16 m\u00e8tres], conception modulaire originale<\/li>\n<li>\n<strong>marque<\/strong>:autre\/autre<\/li>\n<li>\n<strong>mod\u00e8le<\/strong>:GLS058<\/li>\n<li>\n<strong>Mod\u00e8le de composant certifi\u00e9 3c<\/strong>:\u00c9PI<\/li>\n<li>\n<strong>Type de contr\u00f4le<\/strong>:autre<\/li>\n<li>\n<strong>Type intelligent<\/strong>:Autres renseignements<\/li>\n<li>\n<strong>Mat\u00e9riau auxiliaire pour abat-jour<\/strong>:Abat-jour en PMMA \u00e0 haute transmission lumineuse<\/li>\n<li>\n<strong>pouvoir<\/strong>:5W et moins<\/li>\n<li>\n<strong>Origine<\/strong>:Chine continentale<\/li>\n<li>\n<strong>Temp\u00e9rature de couleur de la source lumineuse Valeur K<\/strong>:3000K<\/li>\n<li>\n<strong>Num\u00e9ro de certificat 3C<\/strong>:2016011001892728<\/li>\n<\/ul>","protected":false},"excerpt":{"rendered":"<p>Style:Simple et moderne Type de lustre:Lustre en alliage de zinc Mat\u00e9riau principal du corps de la lampe:fer Mat\u00e9riau principal de l'abat-jour:abat-jour en PMMA \u00e0 haute transmission lumineuse Tension:111V~240V<\/p>","protected":false},"featured_media":132102,"comment_status":"open","ping_status":"closed","template":"","meta":[],"product_brand":[],"product_cat":[30971,32],"product_tag":[],"class_list":{"0":"post-72201","1":"product","2":"type-product","3":"status-publish","4":"has-post-thumbnail","6":"product_cat-hp","7":"product_cat-residential-furniture","9":"first","10":"instock","11":"sale","12":"taxable","13":"shipping-taxable","14":"purchasable","15":"product-type-variable"},"_links":{"self":[{"href":"https:\/\/nexgendecors.com\/fr\/wp-json\/wp\/v2\/product\/72201","targetHints":{"allow":["GET"]}}],"collection":[{"href":"https:\/\/nexgendecors.com\/fr\/wp-json\/wp\/v2\/product"}],"about":[{"href":"https:\/\/nexgendecors.com\/fr\/wp-json\/wp\/v2\/types\/product"}],"replies":[{"embeddable":true,"href":"https:\/\/nexgendecors.com\/fr\/wp-json\/wp\/v2\/comments?post=72201"}],"version-history":[{"count":0,"href":"https:\/\/nexgendecors.com\/fr\/wp-json\/wp\/v2\/product\/72201\/revisions"}],"wp:featuredmedia":[{"embeddable":true,"href":"https:\/\/nexgendecors.com\/fr\/wp-json\/wp\/v2\/media\/132102"}],"wp:attachment":[{"href":"https:\/\/nexgendecors.com\/fr\/wp-json\/wp\/v2\/media?parent=72201"}],"wp:term":[{"taxonomy":"product_brand","embeddable":true,"href":"https:\/\/nexgendecors.com\/fr\/wp-json\/wp\/v2\/product_brand?post=72201"},{"taxonomy":"product_cat","embeddable":true,"href":"https:\/\/nexgendecors.com\/fr\/wp-json\/wp\/v2\/product_cat?post=72201"},{"taxonomy":"product_tag","embeddable":true,"href":"https:\/\/nexgendecors.com\/fr\/wp-json\/wp\/v2\/product_tag?post=72201"}],"curies":[{"name":"wp","href":"https:\/\/api.w.org\/{rel}","templated":true}]}}