{"id":72272,"date":"2025-01-26T03:24:02","date_gmt":"2025-01-26T03:24:02","guid":{"rendered":"https:\/\/nexgendecors.com\/product\/nordic-designer-bar-stool-modern-simple-light-luxury-plastic-bar-chair-stacking-net-red-bar-outdoor-high-stool\/"},"modified":"2025-04-06T09:19:31","modified_gmt":"2025-04-06T09:19:31","slug":"nordic-designer-bar-stool-modern-simple-light-luxury-plastic-bar-chair-stacking-net-red-bar-outdoor-high-stool","status":"publish","type":"product","link":"https:\/\/nexgendecors.com\/fr\/product\/nordic-designer-bar-stool-modern-simple-light-luxury-plastic-bar-chair-stacking-net-red-bar-outdoor-high-stool\/","title":{"rendered":"Nordic Luxury Stacking Plastic Bar Stool &#8211; Modern Design"},"content":{"rendered":"<ul>\n<li>\n<strong>marque<\/strong>:Thoughts on Crossing the Distance<\/li>\n<li>\n<strong>mod\u00e8le<\/strong>:DY2001<\/li>\n<li>\n<strong>style<\/strong>:Moderne et simple<\/li>\n<li>\n<strong>Peut-il \u00eatre \u00e9lev\u00e9 ou abaiss\u00e9 ?<\/strong>:Non<\/li>\n<li>\n<strong>Taille du paquet<\/strong>:63*48*110CM<\/li>\n<li>\n<strong>Poids du colis<\/strong>:6KG<\/li>\n<li>\n<strong>trier par couleur<\/strong>:Sand color sitting height 75cm,Sand color sitting height 70cm,Sand color sitting height 65cm,Sand color sitting height 60cm,Sand color sitting height 55cm,Sand color sitting height 50cm,Black sitting height 75cm,Black sitting height 70cm,Black sitting height 65cm,Black sitting height 60cm,Black sitting height 55cm,Black sitting height 50cm,Orange sitting height 75cm,Orange sitting height 70cm,Orange sitting height 65cm,Orange sitting height 60cm,Orange sitting height 55cm,Orange sitting height 50cm,White sitting height 75cm,White sitting height 70cm,White sitting height 65cm ,White sit height 60cm,White sit height 55cm,White sit height 50cm,Gray sit height 75cm,Gray sit height 70,Gray sit height 65,Gray sit height 60,Gray sit height 55cm,Gray sit height 50cm,Camel sit height 75cm,Camel sit height 70cm,Camel sit height 65cm,Camel sit height 60cm,Camel sit height 55cm,Red sit height 75cm,Camel sit height 50cm,Red sit height 70cm,Red sit height 65cm,Red sit height 60cm,Red sit height 55cm,Red sit height 50cm,Only sell table<\/li>\n<\/ul>\n<p><img><\/p>","protected":false},"excerpt":{"rendered":"<p>brand:Thoughts on Crossing the Distance model:DY2001 style:Modern and simple Can it be raised or lowered?:no Package Size:63*48*110CM Package weight:6KG sort<\/p>","protected":false},"featured_media":132178,"comment_status":"open","ping_status":"closed","template":"","meta":[],"product_brand":[],"product_cat":[30855,30862,30971,30859,30860,30850],"product_tag":[],"class_list":{"0":"post-72272","1":"product","2":"type-product","3":"status-publish","4":"has-post-thumbnail","6":"product_cat-wholesale-chairs","7":"product_cat-wholesales-hotels","8":"product_cat-hp","9":"product_cat-wholesale-office","10":"product_cat-wholesale-restaurant","11":"product_cat-wholesale-furniture","13":"first","14":"instock","15":"sale","16":"taxable","17":"shipping-taxable","18":"purchasable","19":"product-type-variable"},"_links":{"self":[{"href":"https:\/\/nexgendecors.com\/fr\/wp-json\/wp\/v2\/product\/72272","targetHints":{"allow":["GET"]}}],"collection":[{"href":"https:\/\/nexgendecors.com\/fr\/wp-json\/wp\/v2\/product"}],"about":[{"href":"https:\/\/nexgendecors.com\/fr\/wp-json\/wp\/v2\/types\/product"}],"replies":[{"embeddable":true,"href":"https:\/\/nexgendecors.com\/fr\/wp-json\/wp\/v2\/comments?post=72272"}],"version-history":[{"count":0,"href":"https:\/\/nexgendecors.com\/fr\/wp-json\/wp\/v2\/product\/72272\/revisions"}],"wp:featuredmedia":[{"embeddable":true,"href":"https:\/\/nexgendecors.com\/fr\/wp-json\/wp\/v2\/media\/132178"}],"wp:attachment":[{"href":"https:\/\/nexgendecors.com\/fr\/wp-json\/wp\/v2\/media?parent=72272"}],"wp:term":[{"taxonomy":"product_brand","embeddable":true,"href":"https:\/\/nexgendecors.com\/fr\/wp-json\/wp\/v2\/product_brand?post=72272"},{"taxonomy":"product_cat","embeddable":true,"href":"https:\/\/nexgendecors.com\/fr\/wp-json\/wp\/v2\/product_cat?post=72272"},{"taxonomy":"product_tag","embeddable":true,"href":"https:\/\/nexgendecors.com\/fr\/wp-json\/wp\/v2\/product_tag?post=72272"}],"curies":[{"name":"wp","href":"https:\/\/api.w.org\/{rel}","templated":true}]}}