{"id":72334,"date":"2025-01-26T03:24:09","date_gmt":"2025-01-26T03:24:09","guid":{"rendered":"https:\/\/nexgendecors.com\/product\/nordic-designer-new-flower-shape-lotus-chair-petal-chair-creative-horseshoe-chair-living-room-single-chair-leisure-chair\/"},"modified":"2025-04-06T09:19:43","modified_gmt":"2025-04-06T09:19:43","slug":"nordic-designer-new-flower-shape-lotus-chair-petal-chair-creative-horseshoe-chair-living-room-single-chair-leisure-chair","status":"publish","type":"product","link":"https:\/\/nexgendecors.com\/fr\/product\/nordic-designer-new-flower-shape-lotus-chair-petal-chair-creative-horseshoe-chair-living-room-single-chair-leisure-chair\/","title":{"rendered":"Chaise P\u00e9tale de Lotus \u2013 Si\u00e8ges de loisirs au design nordique"},"content":{"rendered":"<ul>\n<li>\n<strong>marque<\/strong>:Sea Saint Residence<\/li>\n<li>\n<strong>mod\u00e8le<\/strong>:03-188<\/li>\n<li>\n<strong>Mat\u00e9riel<\/strong>:Fibre de verre<\/li>\n<li>\n<strong>\u00e9l\u00e9ments populaires<\/strong>:Conception principale<\/li>\n<li>\n<strong>trier par couleur<\/strong>:Left slit white, left slit brown, left slit pink, left slit green, left slit blue, large size: 110*98*86, seat height 45cm, medium size: 96*81*82, seat height 40cm, small size: 86*82*82cm, for more color customization, please contact customer service<\/li>\n<li>\n<strong>Est-ce personnalisable ?<\/strong>:Oui<\/li>\n<li>\n<strong>ville<\/strong>:Huizhou<\/li>\n<li>\n<strong>Districts et comt\u00e9s<\/strong>:District de Huiyang<\/li>\n<li>\n<strong>Un taxi est-il disponible pour le transport ?<\/strong>:Oui<\/li>\n<li>\n<strong>Positionnement de style<\/strong>:Style artistique<\/li>\n<li>\n<strong>Instructions d&#039;installation d\u00e9taill\u00e9es<\/strong>:Aucune instruction d&#039;installation<\/li>\n<\/ul>\n<p><img><\/p>","protected":false},"excerpt":{"rendered":"<p>Marque : Sea Saint Residence Mod\u00e8le : 03-188 Mat\u00e9riau : Fibre de verre \u00c9l\u00e9ments populaires : Master Design Trier par couleur : Fente gauche blanche, fente gauche marron, fente gauche rose, gauche<\/p>","protected":false},"featured_media":132207,"comment_status":"open","ping_status":"closed","template":"","meta":[],"product_brand":[],"product_cat":[30902,30855,30862,30971,30860,30850],"product_tag":[],"class_list":{"0":"post-72334","1":"product","2":"type-product","3":"status-publish","4":"has-post-thumbnail","6":"product_cat-bs-chairs","7":"product_cat-wholesale-chairs","8":"product_cat-wholesales-hotels","9":"product_cat-hp","10":"product_cat-wholesale-restaurant","11":"product_cat-wholesale-furniture","13":"first","14":"instock","15":"taxable","16":"shipping-taxable","17":"purchasable","18":"product-type-variable"},"_links":{"self":[{"href":"https:\/\/nexgendecors.com\/fr\/wp-json\/wp\/v2\/product\/72334","targetHints":{"allow":["GET"]}}],"collection":[{"href":"https:\/\/nexgendecors.com\/fr\/wp-json\/wp\/v2\/product"}],"about":[{"href":"https:\/\/nexgendecors.com\/fr\/wp-json\/wp\/v2\/types\/product"}],"replies":[{"embeddable":true,"href":"https:\/\/nexgendecors.com\/fr\/wp-json\/wp\/v2\/comments?post=72334"}],"version-history":[{"count":0,"href":"https:\/\/nexgendecors.com\/fr\/wp-json\/wp\/v2\/product\/72334\/revisions"}],"wp:featuredmedia":[{"embeddable":true,"href":"https:\/\/nexgendecors.com\/fr\/wp-json\/wp\/v2\/media\/132207"}],"wp:attachment":[{"href":"https:\/\/nexgendecors.com\/fr\/wp-json\/wp\/v2\/media?parent=72334"}],"wp:term":[{"taxonomy":"product_brand","embeddable":true,"href":"https:\/\/nexgendecors.com\/fr\/wp-json\/wp\/v2\/product_brand?post=72334"},{"taxonomy":"product_cat","embeddable":true,"href":"https:\/\/nexgendecors.com\/fr\/wp-json\/wp\/v2\/product_cat?post=72334"},{"taxonomy":"product_tag","embeddable":true,"href":"https:\/\/nexgendecors.com\/fr\/wp-json\/wp\/v2\/product_tag?post=72334"}],"curies":[{"name":"wp","href":"https:\/\/api.w.org\/{rel}","templated":true}]}}