{"id":72385,"date":"2025-01-26T03:24:15","date_gmt":"2025-01-26T03:24:15","guid":{"rendered":"https:\/\/nexgendecors.com\/product\/nordic-ins-net-red-nail-table-and-chair-set-single-double-double-layer-nail-table-simple-modern-gold-nail-table\/"},"modified":"2025-04-06T09:19:54","modified_gmt":"2025-04-06T09:19:54","slug":"nordic-ins-net-red-nail-table-and-chair-set-single-double-double-layer-nail-table-simple-modern-gold-nail-table","status":"publish","type":"product","link":"https:\/\/nexgendecors.com\/fr\/product\/nordic-ins-net-red-nail-table-and-chair-set-single-double-double-layer-nail-table-simple-modern-gold-nail-table\/","title":{"rendered":"Ensemble table et chaises Nordic Gold Nail \u2013 \u00c9l\u00e9gance moderne"},"content":{"rendered":"<ul>\n<li>\n<strong>marque<\/strong>:Zhongmin Yunshang<\/li>\n<li>\n<strong>mod\u00e8le<\/strong>:ZMYS086<\/li>\n<li>\n<strong>Fonction<\/strong>:Storage and dirt-resistant<\/li>\n<li>\n<strong>Mat\u00e9riel<\/strong>:Iron soft rock board<\/li>\n<li>\n<strong>style<\/strong>:Style de luxe l\u00e9ger<\/li>\n<li>\n<strong>Origine<\/strong>:Province du Fujian<\/li>\n<li>\n<strong>trier par couleur<\/strong>:Muse Nail Art Table 80x45x78 Muse Nail Art Table 100x45x78 Muse Nail Art Table 120x45x78 Muse Nail Art Table 140x45x78 Red Lip Chair (color note) Meilin Chair (color note) Scallop Chair (color note) Mermaid Chair (color note) Water Drop Chair (color note) Cactus Chair (color note) Japanese Cicada Chair (color note) Round Stool (color note) Curved Chair (color note) Heart-shaped Chair (color note) Butterfly Chair (color note) Princess Chair (color note) U-shaped Sofa (color note) New U-shaped Sofa (color note) Swallow Chair (color note) 100 Nail Art Table + Princess Chair + Round Stool 140 Nail Art Table + 2 Princess Chairs + 2 Round Stools Peacock Chair (color note) Lipstick Sofa (color note)<\/li>\n<li>\n<strong>Package Type<\/strong>:Official standard<\/li>\n<li>\n<strong>Taille du paquet<\/strong>:0<\/li>\n<li>\n<strong>Poids du colis<\/strong>:0<\/li>\n<li>\n<strong>Normes environnementales<\/strong>:green design<\/li>\n<li>\n<strong>Est-ce personnalisable ?<\/strong>:Oui<\/li>\n<li>\n<strong>La pr\u00e9vente est-elle disponible ?<\/strong>:Non<\/li>\n<li>\n<strong><\/strong>:<\/li>\n<\/ul>\n<p><img><\/p>","protected":false},"excerpt":{"rendered":"<p>Marque : Zhongmin Yunshang Mod\u00e8le : ZMYS086 Fonction : Stockage et r\u00e9sistant \u00e0 la salet\u00e9 Mat\u00e9riau : Planche \u00e0 roche souple en fer Style : Style de luxe l\u00e9ger Origine : Province du Fujian Trier par couleur : Muse Nail Art<\/p>","protected":false},"featured_media":132265,"comment_status":"open","ping_status":"closed","template":"","meta":[],"product_brand":[],"product_cat":[30971,30865],"product_tag":[],"class_list":{"0":"post-72385","1":"product","2":"type-product","3":"status-publish","4":"has-post-thumbnail","6":"product_cat-hp","7":"product_cat-wholesales-salons-shops","9":"first","10":"instock","11":"sale","12":"taxable","13":"shipping-taxable","14":"purchasable","15":"product-type-variable"},"_links":{"self":[{"href":"https:\/\/nexgendecors.com\/fr\/wp-json\/wp\/v2\/product\/72385","targetHints":{"allow":["GET"]}}],"collection":[{"href":"https:\/\/nexgendecors.com\/fr\/wp-json\/wp\/v2\/product"}],"about":[{"href":"https:\/\/nexgendecors.com\/fr\/wp-json\/wp\/v2\/types\/product"}],"replies":[{"embeddable":true,"href":"https:\/\/nexgendecors.com\/fr\/wp-json\/wp\/v2\/comments?post=72385"}],"version-history":[{"count":0,"href":"https:\/\/nexgendecors.com\/fr\/wp-json\/wp\/v2\/product\/72385\/revisions"}],"wp:featuredmedia":[{"embeddable":true,"href":"https:\/\/nexgendecors.com\/fr\/wp-json\/wp\/v2\/media\/132265"}],"wp:attachment":[{"href":"https:\/\/nexgendecors.com\/fr\/wp-json\/wp\/v2\/media?parent=72385"}],"wp:term":[{"taxonomy":"product_brand","embeddable":true,"href":"https:\/\/nexgendecors.com\/fr\/wp-json\/wp\/v2\/product_brand?post=72385"},{"taxonomy":"product_cat","embeddable":true,"href":"https:\/\/nexgendecors.com\/fr\/wp-json\/wp\/v2\/product_cat?post=72385"},{"taxonomy":"product_tag","embeddable":true,"href":"https:\/\/nexgendecors.com\/fr\/wp-json\/wp\/v2\/product_tag?post=72385"}],"curies":[{"name":"wp","href":"https:\/\/api.w.org\/{rel}","templated":true}]}}