{"id":72835,"date":"2025-01-26T03:25:04","date_gmt":"2025-01-26T03:25:04","guid":{"rendered":"https:\/\/nexgendecors.com\/product\/nordic-light-luxury-high-stool-bar-chair-modern-simple-backrest-cafe-bar-chair-home-island-high-chair\/"},"modified":"2025-04-06T09:21:00","modified_gmt":"2025-04-06T09:21:00","slug":"nordic-light-luxury-high-stool-bar-chair-modern-simple-backrest-cafe-bar-chair-home-island-high-chair","status":"publish","type":"product","link":"https:\/\/nexgendecors.com\/fr\/product\/nordic-light-luxury-high-stool-bar-chair-modern-simple-backrest-cafe-bar-chair-home-island-high-chair\/","title":{"rendered":"Nordic Light Luxury High Stool Bar Chair with Backrest"},"content":{"rendered":"<ul>\n<li>\n<strong>marque<\/strong>:Super<\/li>\n<li>\n<strong>mod\u00e8le<\/strong>:20220411<\/li>\n<li>\n<strong>style<\/strong>:Europ\u00e9en<\/li>\n<li>\n<strong>Origine<\/strong>:Province du Fujian<\/li>\n<li>\n<strong>trier par couleur<\/strong>:65 seat height &#8220;black leather&#8221;, 65 seat height &#8220;gray leather&#8221;, 65 seat height &#8220;white leather&#8221;, height is not suitable for customization, 75 seat height &#8220;black leather&#8221;, 75 seat height &#8220;gray leather&#8221;, 75 seat height &#8220;white leather&#8221;, color supports customization, 65 seat height &#8220;dark green velvet&#8221;, 65 seat height &#8220;gray velvet&#8221;, 65 seat height &#8220;black velvet&#8221;, 75 seat height &#8220;dark green velvet&#8221;, 75 seat height &#8220;gray velvet&#8221;, 75 seat height &#8220;black velvet&#8221;<\/li>\n<li>\n<strong>Peut-il \u00eatre \u00e9lev\u00e9 ou abaiss\u00e9 ?<\/strong>:Non<\/li>\n<li>\n<strong>Est-ce rotatif ?<\/strong>:Non<\/li>\n<li>\n<strong><\/strong>:<\/li>\n<\/ul>\n<p><img><\/p>","protected":false},"excerpt":{"rendered":"<p>brand:Super model:20220411 style:European Origin:Fujian Province sort by color:65 seat height &#8220;black leather&#8221;, 65 seat height &#8220;gray leather&#8221;, 65 seat height<\/p>","protected":false},"featured_media":132477,"comment_status":"open","ping_status":"closed","template":"","meta":[],"product_brand":[],"product_cat":[30862,30971,30860],"product_tag":[],"class_list":{"0":"post-72835","1":"product","2":"type-product","3":"status-publish","4":"has-post-thumbnail","6":"product_cat-wholesales-hotels","7":"product_cat-hp","8":"product_cat-wholesale-restaurant","10":"first","11":"instock","12":"sale","13":"taxable","14":"shipping-taxable","15":"purchasable","16":"product-type-variable"},"_links":{"self":[{"href":"https:\/\/nexgendecors.com\/fr\/wp-json\/wp\/v2\/product\/72835","targetHints":{"allow":["GET"]}}],"collection":[{"href":"https:\/\/nexgendecors.com\/fr\/wp-json\/wp\/v2\/product"}],"about":[{"href":"https:\/\/nexgendecors.com\/fr\/wp-json\/wp\/v2\/types\/product"}],"replies":[{"embeddable":true,"href":"https:\/\/nexgendecors.com\/fr\/wp-json\/wp\/v2\/comments?post=72835"}],"version-history":[{"count":0,"href":"https:\/\/nexgendecors.com\/fr\/wp-json\/wp\/v2\/product\/72835\/revisions"}],"wp:featuredmedia":[{"embeddable":true,"href":"https:\/\/nexgendecors.com\/fr\/wp-json\/wp\/v2\/media\/132477"}],"wp:attachment":[{"href":"https:\/\/nexgendecors.com\/fr\/wp-json\/wp\/v2\/media?parent=72835"}],"wp:term":[{"taxonomy":"product_brand","embeddable":true,"href":"https:\/\/nexgendecors.com\/fr\/wp-json\/wp\/v2\/product_brand?post=72835"},{"taxonomy":"product_cat","embeddable":true,"href":"https:\/\/nexgendecors.com\/fr\/wp-json\/wp\/v2\/product_cat?post=72835"},{"taxonomy":"product_tag","embeddable":true,"href":"https:\/\/nexgendecors.com\/fr\/wp-json\/wp\/v2\/product_tag?post=72835"}],"curies":[{"name":"wp","href":"https:\/\/api.w.org\/{rel}","templated":true}]}}