{"id":73039,"date":"2025-01-26T03:25:32","date_gmt":"2025-01-26T03:25:32","guid":{"rendered":"https:\/\/nexgendecors.com\/product\/nordic-light-luxury-restaurant-long-dining-chair-modern-simple-small-apartment-high-back-sofa-long-bench-living-room-double-three-chair\/"},"modified":"2025-04-06T09:21:32","modified_gmt":"2025-04-06T09:21:32","slug":"chaise-longue-de-salle-a-manger-de-luxe-nordique-legere-moderne-et-simple-pour-petit-appartement-canape-a-dossier-haut-long-banc-salon-double-trois-chaises","status":"publish","type":"product","link":"https:\/\/nexgendecors.com\/fr\/product\/chaise-longue-de-salle-a-manger-de-luxe-nordique-legere-moderne-et-simple-pour-petit-appartement-canape-a-dossier-haut-long-banc-salon-double-trois-chaises\/","title":{"rendered":"Banc de salle \u00e0 manger de luxe \u00e0 dossier haut Nordic Light pour petits espaces"},"content":{"rendered":"<ul>\n<li>\n<strong>marque<\/strong>:autre\/autre<\/li>\n<li>\n<strong>mod\u00e8le<\/strong>:622368963<\/li>\n<li>\n<strong>Mat\u00e9riel<\/strong>:M\u00e9tal<\/li>\n<li>\n<strong>Mat\u00e9riau m\u00e9tallique<\/strong>:Acier inoxydable<\/li>\n<li>\n<strong>style<\/strong>:Europe du Nord<\/li>\n<li>\n<strong>\u00e9l\u00e9ments populaires<\/strong>:M\u00e9tal, Master Design<\/li>\n<li>\n<strong>trier par couleur<\/strong>:Si\u00e8ge double 120cm, si\u00e8ge triple 150cm, couleur et taille, grand si\u00e8ge triple 180cm, fauteuil simple, 150 microfibre, sur mesure, 180 microfibre<\/li>\n<li>\n<strong>Mat\u00e9riau de finition<\/strong>:tissu<\/li>\n<li>\n<strong>Processus de finition du tissu<\/strong>:Autre<\/li>\n<li>\n<strong>Hauteur du dossier<\/strong>:125 mm (non inclus) \u2013 800 mm (non inclus)<\/li>\n<li>\n<strong>Est-ce personnalisable ?<\/strong>:Oui<\/li>\n<li>\n<strong>Est-ce rotatif ?<\/strong>:Non<\/li>\n<li>\n<strong>Y a-t-il des mains courantes ?<\/strong>:Non<\/li>\n<li>\n<strong>Fonctionnalit\u00e9s suppl\u00e9mentaires<\/strong>:il peut bouger<\/li>\n<li>\n<strong>Appropri\u00e9<\/strong>:Adultes<\/li>\n<li>\n<strong>Livraison\/installation disponible<\/strong>:Autres, P\u00e9kin, Chongqing, Shanghai, Tianjin, Shenzhen, Chengdu, Shenyang, Dalian, Harbin, Nanjing, Wuxi, Changzhou, Suzhou, Hangzhou, Ningbo, Wenzhou, Jinhua, Taizhou, Fuzhou, Xiamen, Nanchang, Qingdao, Zhengzhou, Wuhan, Changsha, Guangzhou, Foshan, Dongguan, Nanning, Guiyang, Xi&#039;an<\/li>\n<li>\n<strong>Origine<\/strong>:Shanghai<\/li>\n<li>\n<strong>ville<\/strong>:Shanghai<\/li>\n<li>\n<strong>Un taxi est-il disponible pour le transport ?<\/strong>:Non<\/li>\n<li>\n<strong>Positionnement de style<\/strong>:Style artistique<\/li>\n<li>\n<strong>Instructions d&#039;installation d\u00e9taill\u00e9es<\/strong>:Aucune instruction d&#039;installation<\/li>\n<li>\n<strong><\/strong>:<\/li>\n<\/ul>","protected":false},"excerpt":{"rendered":"<p>marque : autre\/autre mod\u00e8le : 622368963 Mat\u00e9riau : m\u00e9tal Mat\u00e9riau du m\u00e9tal : acier inoxydable style : Europe du Nord \u00e9l\u00e9ments populaires : m\u00e9tal, Master Design trier par couleur : si\u00e8ge double 120 cm, si\u00e8ge triple 150 cm,<\/p>","protected":false},"featured_media":132624,"comment_status":"open","ping_status":"closed","template":"","meta":[],"product_brand":[],"product_cat":[30971,30850],"product_tag":[15654],"class_list":{"0":"post-73039","1":"product","2":"type-product","3":"status-publish","4":"has-post-thumbnail","6":"product_cat-hp","7":"product_cat-wholesale-furniture","8":"product_tag-taobao","10":"first","11":"instock","12":"sale","13":"taxable","14":"shipping-taxable","15":"purchasable","16":"product-type-variable"},"_links":{"self":[{"href":"https:\/\/nexgendecors.com\/fr\/wp-json\/wp\/v2\/product\/73039","targetHints":{"allow":["GET"]}}],"collection":[{"href":"https:\/\/nexgendecors.com\/fr\/wp-json\/wp\/v2\/product"}],"about":[{"href":"https:\/\/nexgendecors.com\/fr\/wp-json\/wp\/v2\/types\/product"}],"replies":[{"embeddable":true,"href":"https:\/\/nexgendecors.com\/fr\/wp-json\/wp\/v2\/comments?post=73039"}],"version-history":[{"count":0,"href":"https:\/\/nexgendecors.com\/fr\/wp-json\/wp\/v2\/product\/73039\/revisions"}],"wp:featuredmedia":[{"embeddable":true,"href":"https:\/\/nexgendecors.com\/fr\/wp-json\/wp\/v2\/media\/132624"}],"wp:attachment":[{"href":"https:\/\/nexgendecors.com\/fr\/wp-json\/wp\/v2\/media?parent=73039"}],"wp:term":[{"taxonomy":"product_brand","embeddable":true,"href":"https:\/\/nexgendecors.com\/fr\/wp-json\/wp\/v2\/product_brand?post=73039"},{"taxonomy":"product_cat","embeddable":true,"href":"https:\/\/nexgendecors.com\/fr\/wp-json\/wp\/v2\/product_cat?post=73039"},{"taxonomy":"product_tag","embeddable":true,"href":"https:\/\/nexgendecors.com\/fr\/wp-json\/wp\/v2\/product_tag?post=73039"}],"curies":[{"name":"wp","href":"https:\/\/api.w.org\/{rel}","templated":true}]}}