{"id":73249,"date":"2025-01-26T03:25:56","date_gmt":"2025-01-26T03:25:56","guid":{"rendered":"https:\/\/nexgendecors.com\/product\/nordic-matte-yellow-ceramic-above-counter-basin-household-personality-ins-wash-basin-bathroom-balcony-basin-wash-basin-2\/"},"modified":"2025-04-06T06:39:46","modified_gmt":"2025-04-06T06:39:46","slug":"lavabo-de-comptoir-en-ceramique-jaune-mat-nordique-lavabo-de-salle-de-bain-lavabo-de-balcon-lavabo-2","status":"publish","type":"product","link":"https:\/\/nexgendecors.com\/fr\/product\/lavabo-de-comptoir-en-ceramique-jaune-mat-nordique-lavabo-de-salle-de-bain-lavabo-de-balcon-lavabo-2\/","title":{"rendered":"Lavabo nordique en c\u00e9ramique jaune mat pour la d\u00e9coration int\u00e9rieure"},"content":{"rendered":"<ul>\n<li>\n<strong>\u54c1\u724c<\/strong>:\u79e6\u5ef7<\/li>\n<li>\n<strong>\u578b\u53f7<\/strong>:QT5539<\/li>\n<li>\n<strong>\u6750\u8d28<\/strong>:\u9676\u74f7<\/li>\n<li>\n<strong>\u4ea7\u5730<\/strong>:\u4e2d\u56fd\u5927\u9646<\/li>\n<li>\n<strong>\u7701\u4efd<\/strong>:\u5e7f\u4e1c\u7701<\/li>\n<li>\n<strong>\u5730\u5e02<\/strong>:\u6f6e\u5dde\u5e02<\/li>\n<li>\n<strong>\u989c\u8272\u5206\u7c7b<\/strong>:QT5539\u54d1\u5149\u9ec4\u5355\u76c6 QT5539\u54d1\u5149\u9ec4\u914d\u9ed1\u91d1\u6309\u952e\u9f99\u5934 QT5539\u54d1\u5149\u9ec4\u914d\u9ed1\u8272\u5929\u9e45\u9f99\u5934Commandes QT5539 QT5539 Commandes QT5539 Commandes QT5539 Commandes QT5539 Commandes QT5539 Commandes QT5539 Commandes QT5539 Module de commande QT5539 Commandes QT5539 QT5539 pour le produit<\/li>\n<li>\n<strong>\u540c\u57ce\u670d\u52a1<\/strong>:\u540c\u57ce\u7269\u6d41\u9001\u8d27\u4e0a\u95e8<\/li>\n<li>\n<strong>\u9f99\u5934\u5f00\u5b54<\/strong>:\u65e0\u5b54<\/li>\n<li>\n<strong><\/strong>:<\/li>\n<\/ul>\n<p><img><\/p>","protected":false},"excerpt":{"rendered":"<p>\u54c1\u724c:\u79e6\u5ef7 \u578b\u53f7:QT5539 \u6750\u8d28:\u9676\u74f7 \u4ea7\u5730:\u4e2d\u56fd\u5927\u9646 \u7701\u4efd:\u5e7f\u4e1c\u7701 \u5730\u5e02:\u6f6e\u5dde\u5e02 \u989c\u8272\u5206\u7c7b :QT5539\u54d1\u5149\u9ec4\u5355\u76c6 QT5539\u54d1\u5149\u9ec4\u914d\u9ed1\u91d1\u6309\u952e\u9f99\u5934 QT5539\u54d1\u5149\u9ec4\u914d\u9ed1\u8272\u5929\u9e45\u9f99\u5934 QT5539\u54d1\u5149\u9ec4\u914d\u9ed1\u8272\u62bd\u62c9\u9f99\u5934 QT5539\u54d1\u5149\u9ec4\u914d\u9ed1\u8272\u65cb\u8f6c\u9f99\u5934 QT5539\u54d1\u5149\u7eff\u5355\u76c6 QT5539\u54d1\u5149\u7eff\u914d\u9ed1\u91d1\u6309\u952e\u9f99\u5934 QT5539\u54d1\u5149\u7eff\u914d\u9ed1\u8272\u5929\u9e45\u9f99\u5934 QT5539\u54d1\u5149\u7eff\u914d\u9ed1\u8272\u62bd\u62c9\u9f99\u5934 QT5539\u54d1\u5149\u7eff\u914d\u9ed1\u8272\u65cb\u8f6c\u9f99\u5934 QT5539\u54d1\u5149\u9ed1\u5355\u76c6 QT5539\u54d1\u5149\u9ed1\u914d\u9ed1\u91d1\u6309\u952e\u9f99\u5934 QT5539\u54d1\u5149\u9ed1\u914d\u9ed1\u8272\u5929\u9e45\u9f99\u5934 QT5539\u54d1\u5149\u9ed1\u914d\u9ed1\u8272\u62bd\u62c9\u9f99\u5934<\/p>","protected":false},"featured_media":132810,"comment_status":"open","ping_status":"closed","template":"","meta":[],"product_brand":[],"product_cat":[30893,30971,30880],"product_tag":[],"class_list":{"0":"post-73249","1":"product","2":"type-product","3":"status-publish","4":"has-post-thumbnail","6":"product_cat-bs-sink","7":"product_cat-hp","8":"product_cat-wholesales-bathroom-sink","10":"first","11":"instock","12":"taxable","13":"shipping-taxable","14":"purchasable","15":"product-type-variable"},"_links":{"self":[{"href":"https:\/\/nexgendecors.com\/fr\/wp-json\/wp\/v2\/product\/73249","targetHints":{"allow":["GET"]}}],"collection":[{"href":"https:\/\/nexgendecors.com\/fr\/wp-json\/wp\/v2\/product"}],"about":[{"href":"https:\/\/nexgendecors.com\/fr\/wp-json\/wp\/v2\/types\/product"}],"replies":[{"embeddable":true,"href":"https:\/\/nexgendecors.com\/fr\/wp-json\/wp\/v2\/comments?post=73249"}],"version-history":[{"count":0,"href":"https:\/\/nexgendecors.com\/fr\/wp-json\/wp\/v2\/product\/73249\/revisions"}],"wp:featuredmedia":[{"embeddable":true,"href":"https:\/\/nexgendecors.com\/fr\/wp-json\/wp\/v2\/media\/132810"}],"wp:attachment":[{"href":"https:\/\/nexgendecors.com\/fr\/wp-json\/wp\/v2\/media?parent=73249"}],"wp:term":[{"taxonomy":"product_brand","embeddable":true,"href":"https:\/\/nexgendecors.com\/fr\/wp-json\/wp\/v2\/product_brand?post=73249"},{"taxonomy":"product_cat","embeddable":true,"href":"https:\/\/nexgendecors.com\/fr\/wp-json\/wp\/v2\/product_cat?post=73249"},{"taxonomy":"product_tag","embeddable":true,"href":"https:\/\/nexgendecors.com\/fr\/wp-json\/wp\/v2\/product_tag?post=73249"}],"curies":[{"name":"wp","href":"https:\/\/api.w.org\/{rel}","templated":true}]}}