{"id":73360,"date":"2025-01-26T03:26:12","date_gmt":"2025-01-26T03:26:12","guid":{"rendered":"https:\/\/nexgendecors.com\/product\/nordic-modern-simple-all-copper-creative-bar-restaurant-living-room-atmosphere-net-red-coffee-shop-art-bedside-small-chandelier\/"},"modified":"2025-03-09T08:26:42","modified_gmt":"2025-03-09T08:26:42","slug":"nordic-modern-simple-all-copper-creative-bar-restaurant-living-room-atmosphere-net-red-coffee-shop-art-bedside-small-chandelier","status":"publish","type":"product","link":"https:\/\/nexgendecors.com\/fr\/product\/nordic-modern-simple-all-copper-creative-bar-restaurant-living-room-atmosphere-net-red-coffee-shop-art-bedside-small-chandelier\/","title":{"rendered":"Nordic Copper Chandelier for Modern Bars &#038; Cafes"},"content":{"rendered":"<ul>\n<li>\n<strong>marque<\/strong>:Fox Intelligence<\/li>\n<li>\n<strong>mod\u00e8le<\/strong>:XT5092<\/li>\n<li>\n<strong>style<\/strong>:Simple et moderne<\/li>\n<li>\n<strong>Origine<\/strong>:Chine continentale<\/li>\n<li>\n<strong>Temp\u00e9rature de couleur de la source lumineuse Valeur K<\/strong>:3000K<\/li>\n<li>\n<strong>trier par couleur<\/strong>:H65 all copper &#8211; A type smoke gray, H65 all copper &#8211; A type cognac, H65 all copper &#8211; B type smoke gray, H65 all copper &#8211; B type cognac, three-head long plate base &#8211; smoke gray, three-head long plate base &#8211; cognac, three-head round plate base &#8211; smoke gray, three-head round plate base &#8211; cognac<\/li>\n<li>\n<strong>La lampe a-t-elle une source lumineuse ?<\/strong>:Oui<\/li>\n<li>\n<strong>Service en ville<\/strong>:Livraison \u00e0 domicile par des vendeurs locaux<\/li>\n<li>\n<strong>Tension<\/strong>:111V~240V (inclus)<\/li>\n<li>\n<strong>Mat\u00e9riau principal du corps de la lampe<\/strong>:cuivre<\/li>\n<li>\n<strong>Mat\u00e9riau principal de l&#039;abat-jour<\/strong>:Verre<\/li>\n<li>\n<strong>type de source lumineuse<\/strong>:Lumi\u00e8res LED<\/li>\n<li>\n<strong>Nombre de sources lumineuses<\/strong>:3<\/li>\n<li>\n<strong>Technologie<\/strong>:Autre<\/li>\n<li>\n<strong>Zone d&#039;irradiation<\/strong>:10\u33a1-15\u33a1<\/li>\n<li>\n<strong>Type de contr\u00f4le<\/strong>:autre<\/li>\n<li>\n<strong>Temp\u00e9rature de couleur<\/strong>:Lumi\u00e8re tricolore<\/li>\n<li>\n<strong>Mat\u00e9riau auxiliaire pour abat-jour<\/strong>:Verre<\/li>\n<li>\n<strong>P\u00e9riode de garantie<\/strong>:2 years<\/li>\n<li>\n<strong>Mat\u00e9riau auxiliaire du corps de la lampe<\/strong>:Ch\u00e2ssis ABS+Mat\u00e9riel<\/li>\n<li>\n<strong>Type intelligent<\/strong>:Autres renseignements<\/li>\n<li>\n<strong>Que ce soit un contr\u00f4le intelligent<\/strong>:Oui<\/li>\n<li>\n<strong>Forme de la lampe<\/strong>:Lustre \u00e0 double usage \u00e0 ventouse et \u00e0 suspension<\/li>\n<li>\n<strong>Nombre d&#039;accessoires<\/strong>:1<\/li>\n<li>\n<strong>Nombre de t\u00eates de lampe<\/strong>:1<\/li>\n<li>\n<strong>Type de lustre<\/strong>:Cuivre\/Lustre en cuivre<\/li>\n<li>\n<strong>Num\u00e9ro de certificat 3C<\/strong>:2020011001328184<\/li>\n<li>\n<strong><\/strong>:<\/li>\n<\/ul>\n<p><img><\/p>","protected":false},"excerpt":{"rendered":"<p>brand:Fox Intelligence model:XT5092 style:Simple and modern Origin:Chinese mainland Light source color temperature K value:3000K sort by color:H65 all copper &#8211;<\/p>","protected":false},"featured_media":132933,"comment_status":"open","ping_status":"closed","template":"","meta":[],"product_brand":[],"product_cat":[30971,30864],"product_tag":[],"class_list":{"0":"post-73360","1":"product","2":"type-product","3":"status-publish","4":"has-post-thumbnail","6":"product_cat-hp","7":"product_cat-new-wholesales-lights","9":"first","10":"instock","11":"taxable","12":"shipping-taxable","13":"purchasable","14":"product-type-variable"},"_links":{"self":[{"href":"https:\/\/nexgendecors.com\/fr\/wp-json\/wp\/v2\/product\/73360","targetHints":{"allow":["GET"]}}],"collection":[{"href":"https:\/\/nexgendecors.com\/fr\/wp-json\/wp\/v2\/product"}],"about":[{"href":"https:\/\/nexgendecors.com\/fr\/wp-json\/wp\/v2\/types\/product"}],"replies":[{"embeddable":true,"href":"https:\/\/nexgendecors.com\/fr\/wp-json\/wp\/v2\/comments?post=73360"}],"version-history":[{"count":0,"href":"https:\/\/nexgendecors.com\/fr\/wp-json\/wp\/v2\/product\/73360\/revisions"}],"wp:featuredmedia":[{"embeddable":true,"href":"https:\/\/nexgendecors.com\/fr\/wp-json\/wp\/v2\/media\/132933"}],"wp:attachment":[{"href":"https:\/\/nexgendecors.com\/fr\/wp-json\/wp\/v2\/media?parent=73360"}],"wp:term":[{"taxonomy":"product_brand","embeddable":true,"href":"https:\/\/nexgendecors.com\/fr\/wp-json\/wp\/v2\/product_brand?post=73360"},{"taxonomy":"product_cat","embeddable":true,"href":"https:\/\/nexgendecors.com\/fr\/wp-json\/wp\/v2\/product_cat?post=73360"},{"taxonomy":"product_tag","embeddable":true,"href":"https:\/\/nexgendecors.com\/fr\/wp-json\/wp\/v2\/product_tag?post=73360"}],"curies":[{"name":"wp","href":"https:\/\/api.w.org\/{rel}","templated":true}]}}