{"id":73399,"date":"2025-01-26T03:26:17","date_gmt":"2025-01-26T03:26:17","guid":{"rendered":"https:\/\/nexgendecors.com\/product\/nordic-modern-simple-spiral-staircase-long-chandelier-duplex-apartment-high-villa-living-room-building-chandelier\/"},"modified":"2025-04-06T09:22:26","modified_gmt":"2025-04-06T09:22:26","slug":"nordic-modern-simple-spiral-staircase-long-chandelier-duplex-apartment-high-villa-living-room-building-chandelier","status":"publish","type":"product","link":"https:\/\/nexgendecors.com\/fr\/product\/nordic-modern-simple-spiral-staircase-long-chandelier-duplex-apartment-high-villa-living-room-building-chandelier\/","title":{"rendered":"Nordic Spiral Staircase with Long Chandelier for Duplex"},"content":{"rendered":"<ul>\n<li>\n<strong>style<\/strong>:Simple et moderne<\/li>\n<li>\n<strong>Type de lustre<\/strong>:Lustre en verre<\/li>\n<li>\n<strong>Mat\u00e9riau principal du corps de la lampe<\/strong>:fer<\/li>\n<li>\n<strong>Mat\u00e9riau principal de l&#039;abat-jour<\/strong>:Verre<\/li>\n<li>\n<strong>Tension<\/strong>:111V~240V (inclus)<\/li>\n<li>\n<strong>Nombre d&#039;accessoires<\/strong>:1<\/li>\n<li>\n<strong>Forme de la lampe<\/strong>:Lustre en forme de ligne de p\u00eache<\/li>\n<li>\n<strong>Que ce soit un contr\u00f4le intelligent<\/strong>:Non<\/li>\n<li>\n<strong>Nombre de t\u00eates de lampe<\/strong>:6<\/li>\n<li>\n<strong>Mat\u00e9riau auxiliaire du corps de la lampe<\/strong>:fer<\/li>\n<li>\n<strong>Espace applicable<\/strong>:LOFT\/Duplex Maison Duplex\/Escalier<\/li>\n<li>\n<strong>Service en ville<\/strong>:Livraison porte-\u00e0-porte logistique intra-urbaine<\/li>\n<li>\n<strong>P\u00e9riode de garantie<\/strong>:3 ans<\/li>\n<li>\n<strong>Zone d&#039;irradiation<\/strong>:10\u33a1-15\u33a1<\/li>\n<li>\n<strong>La lampe a-t-elle une source lumineuse ?<\/strong>:Oui<\/li>\n<li>\n<strong>type de source lumineuse<\/strong>:Lampes \u00e0 incandescence, lampes \u00e0 \u00e9conomie d&#039;\u00e9nergie, lampes LED<\/li>\n<li>\n<strong>Nombre de sources lumineuses<\/strong>:6<\/li>\n<li>\n<strong>Technologie<\/strong>:placage<\/li>\n<li>\n<strong>trier par couleur<\/strong>:6-head elegant gold warm light [30CM chassis 1.5 hanging line] 6-head elegant gold white light [30CM chassis 1.5 hanging line] 6-head elegant gold tricolor light [30CM chassis 1.5 hanging line] 9-head elegant gold warm light [35CM chassis 2-meter line] 9-head elegant gold white light [35CM chassis 2-meter line] 9-head elegant gold tricolor light [35CM chassis 2-meter line] 12-head elegant gold warm light [40CM chassis 2.5-meter line] 12-head elegant gold white light [40CM chassis 2.5-meter line] 12-head elegant gold tricolor light [40CM chassis 2.5-meter line] 15-head elegant gold warm light [50CM chassis 3-meter line] 15-head elegant gold white light [50CM chassis 3-meter line] 15-head elegant gold tricolor light [50CM chassis 3-meter line] 22-head elegant gold warm light [60CM chassis 4-meter line] 22 elegant gold tricolor light [60CM chassis 4 meters line] 30 elegant gold warm light [70CM chassis 5 meters line] 30 elegant gold tricolor light [70CM chassis 5 meters line] 43 elegant gold warm light [80CM chassis 6 meters line] 43 elegant gold tricolor light [80CM chassis 6 meters line] 6 silver warm light [30CM chassis 1.5 hanging line] 6 silver white light [30CM chassis 1.5 hanging line] 6 silver tricolor light [30CM chassis 1.5 hanging line] 9 silver warm light [35CM chassis 2 meters line] 9 silver white light [35CM chassis 2 meters line] 9 silver tricolor light [35CM chassis 2 meters line] 12 silver warm light [40CM chassis 2.5 meters line] 12 silver white light [40CM chassis 2.5 meters line] 12 silver tricolor lights [40CM chassis 2.5 meters] 15 silver warm lights [50CM chassis 3 meters] 15 silver white lights [50CM chassis 3 meters] 15 silver tricolor lights [50CM chassis 3 meters] 22 silver warm lights [60CM chassis 4 meters] 22 silver tricolor lights [60CM chassis 4 meters] 30 silver warm lights [70CM chassis 5 meters] 30 silver tricolor lights [70CM chassis 5 meters] 43 silver warm lights [80CM chassis 6 meters] 43 silver tricolor lights [80CM chassis 6 meters]<\/li>\n<li>\n<strong>marque<\/strong>:Lumi\u00e8re des \u00e9toiles<\/li>\n<li>\n<strong>mod\u00e8le<\/strong>:8098<\/li>\n<li>\n<strong>Type de contr\u00f4le<\/strong>:autre<\/li>\n<li>\n<strong>Type intelligent<\/strong>:Pas de support pour smart<\/li>\n<li>\n<strong>Mat\u00e9riau auxiliaire pour abat-jour<\/strong>:Verre<\/li>\n<li>\n<strong>pouvoir<\/strong>:6 W (inclus) \u2013 10 W (inclus)<\/li>\n<li>\n<strong>Temp\u00e9rature de couleur de la source lumineuse Valeur K<\/strong>:4000K<\/li>\n<li>\n<strong>Temp\u00e9rature de couleur<\/strong>:Lumi\u00e8re tricolore<\/li>\n<li>\n<strong>Num\u00e9ro de certificat 3C<\/strong>:2024011001607990<\/li>\n<\/ul>\n<p><img><\/p>","protected":false},"excerpt":{"rendered":"<p>style:Simple and modern Chandelier Type:Glass Chandelier Main material of lamp body:iron Lampshade main material:Glass Voltage:111V~240V (inclusive) Number of accessories:1 Lamp<\/p>","protected":false},"featured_media":132982,"comment_status":"open","ping_status":"closed","template":"","meta":[],"product_brand":[],"product_cat":[30971,30864],"product_tag":[],"class_list":{"0":"post-73399","1":"product","2":"type-product","3":"status-publish","4":"has-post-thumbnail","6":"product_cat-hp","7":"product_cat-new-wholesales-lights","9":"first","10":"instock","11":"taxable","12":"shipping-taxable","13":"purchasable","14":"product-type-variable"},"_links":{"self":[{"href":"https:\/\/nexgendecors.com\/fr\/wp-json\/wp\/v2\/product\/73399","targetHints":{"allow":["GET"]}}],"collection":[{"href":"https:\/\/nexgendecors.com\/fr\/wp-json\/wp\/v2\/product"}],"about":[{"href":"https:\/\/nexgendecors.com\/fr\/wp-json\/wp\/v2\/types\/product"}],"replies":[{"embeddable":true,"href":"https:\/\/nexgendecors.com\/fr\/wp-json\/wp\/v2\/comments?post=73399"}],"version-history":[{"count":0,"href":"https:\/\/nexgendecors.com\/fr\/wp-json\/wp\/v2\/product\/73399\/revisions"}],"wp:featuredmedia":[{"embeddable":true,"href":"https:\/\/nexgendecors.com\/fr\/wp-json\/wp\/v2\/media\/132982"}],"wp:attachment":[{"href":"https:\/\/nexgendecors.com\/fr\/wp-json\/wp\/v2\/media?parent=73399"}],"wp:term":[{"taxonomy":"product_brand","embeddable":true,"href":"https:\/\/nexgendecors.com\/fr\/wp-json\/wp\/v2\/product_brand?post=73399"},{"taxonomy":"product_cat","embeddable":true,"href":"https:\/\/nexgendecors.com\/fr\/wp-json\/wp\/v2\/product_cat?post=73399"},{"taxonomy":"product_tag","embeddable":true,"href":"https:\/\/nexgendecors.com\/fr\/wp-json\/wp\/v2\/product_tag?post=73399"}],"curies":[{"name":"wp","href":"https:\/\/api.w.org\/{rel}","templated":true}]}}