{"id":73552,"date":"2025-01-26T03:26:33","date_gmt":"2025-01-26T03:26:33","guid":{"rendered":"https:\/\/nexgendecors.com\/product\/nordic-outdoor-leisure-courtyard-villa-open-air-outdoor-hotel-balcony-garden-stainless-steel-waterproof-sunscreen-sofa\/"},"modified":"2025-04-06T09:22:48","modified_gmt":"2025-04-06T09:22:48","slug":"nordic-outdoor-leisure-courtyard-villa-open-air-outdoor-hotel-balcony-garden-stainless-steel-waterproof-sunscreen-sofa","status":"publish","type":"product","link":"https:\/\/nexgendecors.com\/fr\/product\/nordic-outdoor-leisure-courtyard-villa-open-air-outdoor-hotel-balcony-garden-stainless-steel-waterproof-sunscreen-sofa\/","title":{"rendered":"Ensemble de canap\u00e9s de balcon imperm\u00e9ables en acier inoxydable de style nordique"},"content":{"rendered":"<ul>\n<li>\n<strong>marque<\/strong>:autre\/autre<\/li>\n<li>\n<strong>mod\u00e8le<\/strong>:0123<\/li>\n<li>\n<strong>mod\u00e8le<\/strong>:abstrait<\/li>\n<li>\n<strong>style<\/strong>:Europe du Nord<\/li>\n<li>\n<strong>Nombre de personnes applicable<\/strong>:combinaison<\/li>\n<li>\n<strong>trier par couleur<\/strong>:Single sofa 75*75*70cm, center sofa 75*75*70cm, footrest 75*75*40cm, corner sofa 75*75*70cm, double sofa 140*75*70cm, single armrest double sofa 136*75*70cm, armless double sofa 132*75*70cm, three-person sofa 210*75*70cm, chaise longue 140*75*70cm, side table 75*75*30cm, square tea table 100*100*36cm, long tea table 120*60*36cm, corner table 40*40*50cm, combination 1, combination 2, combination 3, combination 4, combination 5, combination 6, combination 7, combination 8, combination 9, combination 10, combination 11<\/li>\n<li>\n<strong>Remplissage<\/strong>:\u00e9ponge<\/li>\n<li>\n<strong>Technologie de finition<\/strong>:Artisanat en bambou et rotin<\/li>\n<li>\n<strong>Proc\u00e9d\u00e9 de finition du bambou et du rotin<\/strong>:Single weave<\/li>\n<li>\n<strong>Est-ce personnalisable ?<\/strong>:Oui<\/li>\n<li>\n<strong>Combinaison de canap\u00e9<\/strong>:Forme en L<\/li>\n<li>\n<strong>Est-il amovible et lavable ?<\/strong>:Oui<\/li>\n<li>\n<strong>Fonctionnalit\u00e9s suppl\u00e9mentaires<\/strong>:il peut bouger<\/li>\n<li>\n<strong>Y a-t-il un espace de stockage ?<\/strong>:Non<\/li>\n<li>\n<strong>Mat\u00e9riau en rotin<\/strong>:plastique<\/li>\n<li>\n<strong>Artisanat en structure de bambou et de rotin<\/strong>:autre<\/li>\n<li>\n<strong>Districts et comt\u00e9s<\/strong>:District de Chancheng<\/li>\n<li>\n<strong>Assembler<\/strong>:Non<\/li>\n<li>\n<strong>volume du colis<\/strong>:1<\/li>\n<li>\n<strong>Un taxi est-il disponible pour le transport ?<\/strong>:Non<\/li>\n<li>\n<strong>Instructions d&#039;installation d\u00e9taill\u00e9es<\/strong>:Aucune instruction d&#039;installation<\/li>\n<li>\n<strong><\/strong>:<\/li>\n<\/ul>","protected":false},"excerpt":{"rendered":"<p>Marque : autre\/autre Mod\u00e8le : 0123 Motif : abstrait Style : Europe du Nord Nombre de personnes applicable : combinaison Trier par couleur : Canap\u00e9 simple 75*75*70cm, canap\u00e9 central 75*75*70cm, repose-pieds 75*75*40cm, canap\u00e9 d&#039;angle<\/p>","protected":false},"featured_media":133062,"comment_status":"open","ping_status":"closed","template":"","meta":[],"product_brand":[],"product_cat":[30971,30850],"product_tag":[15654],"class_list":{"0":"post-73552","1":"product","2":"type-product","3":"status-publish","4":"has-post-thumbnail","6":"product_cat-hp","7":"product_cat-wholesale-furniture","8":"product_tag-taobao","10":"first","11":"instock","12":"sale","13":"taxable","14":"shipping-taxable","15":"purchasable","16":"product-type-variable"},"_links":{"self":[{"href":"https:\/\/nexgendecors.com\/fr\/wp-json\/wp\/v2\/product\/73552","targetHints":{"allow":["GET"]}}],"collection":[{"href":"https:\/\/nexgendecors.com\/fr\/wp-json\/wp\/v2\/product"}],"about":[{"href":"https:\/\/nexgendecors.com\/fr\/wp-json\/wp\/v2\/types\/product"}],"replies":[{"embeddable":true,"href":"https:\/\/nexgendecors.com\/fr\/wp-json\/wp\/v2\/comments?post=73552"}],"version-history":[{"count":0,"href":"https:\/\/nexgendecors.com\/fr\/wp-json\/wp\/v2\/product\/73552\/revisions"}],"wp:featuredmedia":[{"embeddable":true,"href":"https:\/\/nexgendecors.com\/fr\/wp-json\/wp\/v2\/media\/133062"}],"wp:attachment":[{"href":"https:\/\/nexgendecors.com\/fr\/wp-json\/wp\/v2\/media?parent=73552"}],"wp:term":[{"taxonomy":"product_brand","embeddable":true,"href":"https:\/\/nexgendecors.com\/fr\/wp-json\/wp\/v2\/product_brand?post=73552"},{"taxonomy":"product_cat","embeddable":true,"href":"https:\/\/nexgendecors.com\/fr\/wp-json\/wp\/v2\/product_cat?post=73552"},{"taxonomy":"product_tag","embeddable":true,"href":"https:\/\/nexgendecors.com\/fr\/wp-json\/wp\/v2\/product_tag?post=73552"}],"curies":[{"name":"wp","href":"https:\/\/api.w.org\/{rel}","templated":true}]}}