{"id":73739,"date":"2025-01-26T03:27:02","date_gmt":"2025-01-26T03:27:02","guid":{"rendered":"https:\/\/nexgendecors.com\/product\/nordic-restaurant-chandelier-three-heads-modern-simple-creative-personality-art-dining-room-macaron-dining-table-dining-pendant-bar-table-lamp\/"},"modified":"2025-04-06T09:23:24","modified_gmt":"2025-04-06T09:23:24","slug":"nordic-restaurant-chandelier-three-heads-modern-simple-creative-personality-art-dining-room-macaron-dining-table-dining-pendant-bar-table-lamp","status":"publish","type":"product","link":"https:\/\/nexgendecors.com\/fr\/product\/nordic-restaurant-chandelier-three-heads-modern-simple-creative-personality-art-dining-room-macaron-dining-table-dining-pendant-bar-table-lamp\/","title":{"rendered":"Nordic Chandelier: Modern 3-Head Dining Pendant Lamp"},"content":{"rendered":"<ul>\n<li>\n<strong>marque<\/strong>:Kaferay<\/li>\n<li>\n<strong>mod\u00e8le<\/strong>:F8507<\/li>\n<li>\n<strong>style<\/strong>:Europe du Nord<\/li>\n<li>\n<strong>Type de contr\u00f4le<\/strong>:Autres contr\u00f4les non intelligents<\/li>\n<li>\n<strong>Type de lustre<\/strong>:Lustre en fer forg\u00e9<\/li>\n<li>\n<strong>Mat\u00e9riau principal du corps de la lampe<\/strong>:aluminium<\/li>\n<li>\n<strong>Mat\u00e9riau principal de l&#039;abat-jour<\/strong>:Abat-jour en PMMA \u00e0 haute transmission lumineuse<\/li>\n<li>\n<strong>Tension<\/strong>:111V~240V (inclus)<\/li>\n<li>\n<strong>Type intelligent<\/strong>:Pas de support pour smart<\/li>\n<li>\n<strong>Nombre d&#039;accessoires<\/strong>:1<\/li>\n<li>\n<strong>Forme de la lampe<\/strong>:Lustre en forme de ligne de p\u00eache<\/li>\n<li>\n<strong>Que ce soit un contr\u00f4le intelligent<\/strong>:Non<\/li>\n<li>\n<strong>Mat\u00e9riau auxiliaire pour abat-jour<\/strong>:aluminium<\/li>\n<li>\n<strong>Nombre de t\u00eates de lampe<\/strong>:3<\/li>\n<li>\n<strong>Mat\u00e9riau auxiliaire du corps de la lampe<\/strong>:aluminium<\/li>\n<li>\n<strong>Service en ville<\/strong>:Les acheteurs de la m\u00eame ville r\u00e9cup\u00e8rent les marchandises \u00e0 domicile<\/li>\n<li>\n<strong>P\u00e9riode de garantie<\/strong>:3 ans<\/li>\n<li>\n<strong>Zone d&#039;irradiation<\/strong>:10\u33a1-15\u33a1 5\u33a1-10\u33a1<\/li>\n<li>\n<strong>Temp\u00e9rature de couleur de la source lumineuse Valeur K<\/strong>:3000K<\/li>\n<li>\n<strong>Temp\u00e9rature de couleur<\/strong>:Lumi\u00e8re tricolore<\/li>\n<li>\n<strong>La lampe a-t-elle une source lumineuse ?<\/strong>:Non<\/li>\n<li>\n<strong>type de source lumineuse<\/strong>:Lumi\u00e8res LED<\/li>\n<li>\n<strong>Nombre de sources lumineuses<\/strong>:3<\/li>\n<li>\n<strong>Technologie<\/strong>:Gla\u00e7age \u00e0 la peinture en a\u00e9rosol<\/li>\n<li>\n<strong>trier par couleur<\/strong>:[Full spectrum] 3-head long disk (pink + green + white) &#8211; three-color light [full spectrum] 3-head long disk (black + gray + white) &#8211; three-color light [full spectrum] 3-head long disk (white + white + white) &#8211; three-color light [full spectrum] 3-head long disk (gray + white + pink) &#8211; three-color light [full spectrum] 3-head round disk (pink + green + white) &#8211; three-color light [full spectrum] 3-head round disk (black + gray + white) &#8211; three-color light [full spectrum] 3-head round disk (gray + white + pink) &#8211; three-color light [full spectrum] 3-head round disk (white + white + white) &#8211; three-color light [full spectrum] 2-head long disk (pink + green) &#8211; three-color light [full spectrum] 2-head long disk (green + white) &#8211; three-color light [full spectrum] 2 heads Long plate (pink + white) &#8211; three-color light [full spectrum] 2-head long plate (white + white) &#8211; three-color light [full spectrum] 2-head long plate (gray + white) &#8211; three-color light [full spectrum] 2-head long plate (gray + black -) three-color light [full spectrum] 2-head long plate (black + black) &#8211; three-color light [full spectrum] 4-head long plate (white + pink + green + white) &#8211; three-color light [full spectrum] 4-head long plate (black + black + gray + white) &#8211; three-color light [full spectrum] Sakura pink &#8211; three-color light [full spectrum] Elegant white &#8211; three-color light [full spectrum] Matcha green &#8211; three-color light [full spectrum] Advanced gray &#8211; three-color light [full spectrum] Phantom black &#8211; three-color light<\/li>\n<li>\n<strong>Num\u00e9ro de certificat 3C<\/strong>:2024371001000048<\/li>\n<\/ul>","protected":false},"excerpt":{"rendered":"<p>brand:Kaferay model:F8507 style:Northern Europe Control Type:Other non-intelligent controls Chandelier Type:Wrought iron chandelier Main material of lamp body:aluminum Lampshade main material:PMMA<\/p>","protected":false},"featured_media":133225,"comment_status":"open","ping_status":"closed","template":"","meta":[],"product_brand":[],"product_cat":[30971,30864],"product_tag":[],"class_list":{"0":"post-73739","1":"product","2":"type-product","3":"status-publish","4":"has-post-thumbnail","6":"product_cat-hp","7":"product_cat-new-wholesales-lights","9":"first","10":"instock","11":"taxable","12":"shipping-taxable","13":"purchasable","14":"product-type-variable"},"_links":{"self":[{"href":"https:\/\/nexgendecors.com\/fr\/wp-json\/wp\/v2\/product\/73739","targetHints":{"allow":["GET"]}}],"collection":[{"href":"https:\/\/nexgendecors.com\/fr\/wp-json\/wp\/v2\/product"}],"about":[{"href":"https:\/\/nexgendecors.com\/fr\/wp-json\/wp\/v2\/types\/product"}],"replies":[{"embeddable":true,"href":"https:\/\/nexgendecors.com\/fr\/wp-json\/wp\/v2\/comments?post=73739"}],"version-history":[{"count":0,"href":"https:\/\/nexgendecors.com\/fr\/wp-json\/wp\/v2\/product\/73739\/revisions"}],"wp:featuredmedia":[{"embeddable":true,"href":"https:\/\/nexgendecors.com\/fr\/wp-json\/wp\/v2\/media\/133225"}],"wp:attachment":[{"href":"https:\/\/nexgendecors.com\/fr\/wp-json\/wp\/v2\/media?parent=73739"}],"wp:term":[{"taxonomy":"product_brand","embeddable":true,"href":"https:\/\/nexgendecors.com\/fr\/wp-json\/wp\/v2\/product_brand?post=73739"},{"taxonomy":"product_cat","embeddable":true,"href":"https:\/\/nexgendecors.com\/fr\/wp-json\/wp\/v2\/product_cat?post=73739"},{"taxonomy":"product_tag","embeddable":true,"href":"https:\/\/nexgendecors.com\/fr\/wp-json\/wp\/v2\/product_tag?post=73739"}],"curies":[{"name":"wp","href":"https:\/\/api.w.org\/{rel}","templated":true}]}}