{"id":73812,"date":"2025-01-26T03:27:09","date_gmt":"2025-01-26T03:27:09","guid":{"rendered":"https:\/\/nexgendecors.com\/product\/nordic-retro-fish-tank-jar-glass-chandelier-american-style-bar-restaurant-cafe-lamps\/"},"modified":"2025-04-06T09:23:37","modified_gmt":"2025-04-06T09:23:37","slug":"nordic-retro-fish-tank-jar-glass-chandelier-american-style-bar-restaurant-cafe-lamps","status":"publish","type":"product","link":"https:\/\/nexgendecors.com\/fr\/product\/nordic-retro-fish-tank-jar-glass-chandelier-american-style-bar-restaurant-cafe-lamps\/","title":{"rendered":"Nordic Retro Glass Fish Tank Chandelier for Bars &#038; Cafes"},"content":{"rendered":"<ul>\n<li>\n<strong>marque<\/strong>:Hero Art<\/li>\n<li>\n<strong>mod\u00e8le<\/strong>:MY1002-2<\/li>\n<li>\n<strong>pouvoir<\/strong>:51W (inclusive) &#8211; 60W (inclusive)<\/li>\n<li>\n<strong>style<\/strong>:American Country<\/li>\n<li>\n<strong>Espace applicable<\/strong>:salon<\/li>\n<li>\n<strong>trier par couleur<\/strong>:Amber glass clear glass<\/li>\n<li>\n<strong>La lampe a-t-elle une source lumineuse ?<\/strong>:Oui<\/li>\n<li>\n<strong>Service en ville<\/strong>:Les acheteurs de la m\u00eame ville r\u00e9cup\u00e8rent les marchandises \u00e0 domicile<\/li>\n<li>\n<strong>Tension<\/strong>:111V~240V (inclus)<\/li>\n<li>\n<strong>Mat\u00e9riau principal du corps de la lampe<\/strong>:Acier inoxydable<\/li>\n<li>\n<strong>Mat\u00e9riau principal de l&#039;abat-jour<\/strong>:Verre<\/li>\n<li>\n<strong>type de source lumineuse<\/strong>:Lampe \u00e0 \u00e9conomie d&#039;\u00e9nergie Lampe LED Lampe \u00e0 incandescence<\/li>\n<li>\n<strong>Nombre de sources lumineuses<\/strong>:1<\/li>\n<li>\n<strong>Technologie<\/strong>:Gla\u00e7age \u00e0 la peinture en a\u00e9rosol<\/li>\n<li>\n<strong>Zone d&#039;irradiation<\/strong>:5\u33a1-10\u33a1<\/li>\n<li>\n<strong>Mat\u00e9riau auxiliaire pour abat-jour<\/strong>:Verre<\/li>\n<li>\n<strong>P\u00e9riode de garantie<\/strong>:2 years<\/li>\n<li>\n<strong>Mat\u00e9riau auxiliaire du corps de la lampe<\/strong>:Acier inoxydable<\/li>\n<li>\n<strong>Type intelligent<\/strong>:Autres renseignements<\/li>\n<li>\n<strong>Que ce soit un contr\u00f4le intelligent<\/strong>:Non<\/li>\n<li>\n<strong>Forme de la lampe<\/strong>:Autres lustres de forme sp\u00e9ciale<\/li>\n<li>\n<strong>Nombre d&#039;accessoires<\/strong>:1<\/li>\n<li>\n<strong>Nombre de t\u00eates de lampe<\/strong>:1<\/li>\n<li>\n<strong>Type de lustre<\/strong>:Lustre en verre<\/li>\n<li>\n<strong>Num\u00e9ro de certificat 3C<\/strong>:2020171001003848<\/li>\n<li>\n<strong><\/strong>:<\/li>\n<\/ul>\n<p><img><\/p>","protected":false},"excerpt":{"rendered":"<p>brand:Hero Art model:MY1002-2 power:51W (inclusive) &#8211; 60W (inclusive) style:American Country Applicable space:living room sort by color:Amber glass clear glass Does<\/p>","protected":false},"featured_media":133264,"comment_status":"open","ping_status":"closed","template":"","meta":[],"product_brand":[],"product_cat":[30971,30864],"product_tag":[],"class_list":{"0":"post-73812","1":"product","2":"type-product","3":"status-publish","4":"has-post-thumbnail","6":"product_cat-hp","7":"product_cat-new-wholesales-lights","9":"first","10":"instock","11":"taxable","12":"shipping-taxable","13":"purchasable","14":"product-type-variable"},"_links":{"self":[{"href":"https:\/\/nexgendecors.com\/fr\/wp-json\/wp\/v2\/product\/73812","targetHints":{"allow":["GET"]}}],"collection":[{"href":"https:\/\/nexgendecors.com\/fr\/wp-json\/wp\/v2\/product"}],"about":[{"href":"https:\/\/nexgendecors.com\/fr\/wp-json\/wp\/v2\/types\/product"}],"replies":[{"embeddable":true,"href":"https:\/\/nexgendecors.com\/fr\/wp-json\/wp\/v2\/comments?post=73812"}],"version-history":[{"count":0,"href":"https:\/\/nexgendecors.com\/fr\/wp-json\/wp\/v2\/product\/73812\/revisions"}],"wp:featuredmedia":[{"embeddable":true,"href":"https:\/\/nexgendecors.com\/fr\/wp-json\/wp\/v2\/media\/133264"}],"wp:attachment":[{"href":"https:\/\/nexgendecors.com\/fr\/wp-json\/wp\/v2\/media?parent=73812"}],"wp:term":[{"taxonomy":"product_brand","embeddable":true,"href":"https:\/\/nexgendecors.com\/fr\/wp-json\/wp\/v2\/product_brand?post=73812"},{"taxonomy":"product_cat","embeddable":true,"href":"https:\/\/nexgendecors.com\/fr\/wp-json\/wp\/v2\/product_cat?post=73812"},{"taxonomy":"product_tag","embeddable":true,"href":"https:\/\/nexgendecors.com\/fr\/wp-json\/wp\/v2\/product_tag?post=73812"}],"curies":[{"name":"wp","href":"https:\/\/api.w.org\/{rel}","templated":true}]}}