{"id":73974,"date":"2025-01-26T03:27:35","date_gmt":"2025-01-26T03:27:35","guid":{"rendered":"https:\/\/nexgendecors.com\/product\/nordic-solid-wood-home-fabric-sofa-simple-modern-living-room-small-apartment-double-three-person-backrest-bench-leisure-dining-chair\/"},"modified":"2025-04-06T09:24:06","modified_gmt":"2025-04-06T09:24:06","slug":"nordic-solid-wood-home-fabric-sofa-simple-modern-living-room-small-apartment-double-three-person-backrest-bench-leisure-dining-chair","status":"publish","type":"product","link":"https:\/\/nexgendecors.com\/fr\/product\/nordic-solid-wood-home-fabric-sofa-simple-modern-living-room-small-apartment-double-three-person-backrest-bench-leisure-dining-chair\/","title":{"rendered":"Canap\u00e9 nordique en bois massif \u2013 Banc moderne pour 3 personnes"},"content":{"rendered":"<ul>\n<li>\n<strong>marque<\/strong>:autre\/autre<\/li>\n<li>\n<strong>mod\u00e8le<\/strong>:20234176632<\/li>\n<li>\n<strong>Mat\u00e9riel<\/strong>:Bois<\/li>\n<li>\n<strong>Mat\u00e9riau en bois<\/strong>:autre<\/li>\n<li>\n<strong>Tissu<\/strong>:engourdi<\/li>\n<li>\n<strong>style<\/strong>:Europe du Nord<\/li>\n<li>\n<strong>\u00e9l\u00e9ments populaires<\/strong>:log<\/li>\n<li>\n<strong>trier par couleur<\/strong>:Off-white (single), off-white (double), off-white (triple), gray (single), gray (double), gray (triple), green (single), green (double), green (triple), color and size<\/li>\n<li>\n<strong>Remplissage<\/strong>:\u00e9ponge<\/li>\n<li>\n<strong>Technologie structurelle<\/strong>:Artisanat du bois<\/li>\n<li>\n<strong>Technologie des structures en bois<\/strong>:autre<\/li>\n<li>\n<strong>Est-ce personnalisable ?<\/strong>:Oui<\/li>\n<li>\n<strong>Combinaison de canap\u00e9<\/strong>:autre<\/li>\n<li>\n<strong>Est-il amovible et lavable ?<\/strong>:Non<\/li>\n<li>\n<strong>Fonctionnalit\u00e9s suppl\u00e9mentaires<\/strong>:il peut bouger<\/li>\n<li>\n<strong>Appropri\u00e9<\/strong>:Adultes<\/li>\n<li>\n<strong>Y a-t-il un espace de stockage ?<\/strong>:Non<\/li>\n<li>\n<strong>Livraison\/installation disponible<\/strong>:Others, Nanchang, Harbin, Dalian, Shenyang, Xi&#8217;an, Guiyang, Zhengzhou, Jinhua, Changsha, Beijing, Changzhou, Shanghai, Dongguan, Guangzhou, Foshan, Shenzhen, Hangzhou, Fuzhou, Ningbo, Wenzhou, Nanjing, Chengdu, Nanning, Qingdao, Suzhou, Taizhou, Tianjin, Wuxi, Wuhan, Xiamen, Chongqing<\/li>\n<li>\n<strong>Origine<\/strong>:Shanghai<\/li>\n<li>\n<strong>ville<\/strong>:Shanghai<\/li>\n<li>\n<strong>Assembler<\/strong>:Non<\/li>\n<li>\n<strong>Un taxi est-il disponible pour le transport ?<\/strong>:Non<\/li>\n<li>\n<strong>Duret\u00e9 du remplissage<\/strong>:doux<\/li>\n<li>\n<strong>Positionnement de style<\/strong>:Qualit\u00e9 Luxe<\/li>\n<\/ul>","protected":false},"excerpt":{"rendered":"<p>marque : autre\/autre mod\u00e8le : 20234176632 Mat\u00e9riau : bois Mat\u00e9riau du bois : autre Tissu : engourdi style : Europe du Nord \u00e9l\u00e9ments populaires : b\u00fbche trier par couleur : blanc cass\u00e9 (simple), blanc cass\u00e9 (double), blanc cass\u00e9 (triple), gris (simple),<\/p>","protected":false},"featured_media":133396,"comment_status":"open","ping_status":"closed","template":"","meta":[],"product_brand":[],"product_cat":[30971,30850],"product_tag":[15654],"class_list":{"0":"post-73974","1":"product","2":"type-product","3":"status-publish","4":"has-post-thumbnail","6":"product_cat-hp","7":"product_cat-wholesale-furniture","8":"product_tag-taobao","10":"first","11":"instock","12":"sale","13":"taxable","14":"shipping-taxable","15":"purchasable","16":"product-type-variable"},"_links":{"self":[{"href":"https:\/\/nexgendecors.com\/fr\/wp-json\/wp\/v2\/product\/73974","targetHints":{"allow":["GET"]}}],"collection":[{"href":"https:\/\/nexgendecors.com\/fr\/wp-json\/wp\/v2\/product"}],"about":[{"href":"https:\/\/nexgendecors.com\/fr\/wp-json\/wp\/v2\/types\/product"}],"replies":[{"embeddable":true,"href":"https:\/\/nexgendecors.com\/fr\/wp-json\/wp\/v2\/comments?post=73974"}],"version-history":[{"count":0,"href":"https:\/\/nexgendecors.com\/fr\/wp-json\/wp\/v2\/product\/73974\/revisions"}],"wp:featuredmedia":[{"embeddable":true,"href":"https:\/\/nexgendecors.com\/fr\/wp-json\/wp\/v2\/media\/133396"}],"wp:attachment":[{"href":"https:\/\/nexgendecors.com\/fr\/wp-json\/wp\/v2\/media?parent=73974"}],"wp:term":[{"taxonomy":"product_brand","embeddable":true,"href":"https:\/\/nexgendecors.com\/fr\/wp-json\/wp\/v2\/product_brand?post=73974"},{"taxonomy":"product_cat","embeddable":true,"href":"https:\/\/nexgendecors.com\/fr\/wp-json\/wp\/v2\/product_cat?post=73974"},{"taxonomy":"product_tag","embeddable":true,"href":"https:\/\/nexgendecors.com\/fr\/wp-json\/wp\/v2\/product_tag?post=73974"}],"curies":[{"name":"wp","href":"https:\/\/api.w.org\/{rel}","templated":true}]}}