{"id":74612,"date":"2025-01-26T03:28:49","date_gmt":"2025-01-26T03:28:49","guid":{"rendered":"https:\/\/nexgendecors.com\/product\/ode-to-joy-chair-office-chair-home-study-computer-chair-modern-simple-conference-chair-staff-office-chair-leather-chair\/"},"modified":"2025-04-06T09:25:40","modified_gmt":"2025-04-06T09:25:40","slug":"ode-to-joy-chair-office-chair-home-study-computer-chair-modern-simple-conference-chair-staff-office-chair-leather-chair","status":"publish","type":"product","link":"https:\/\/nexgendecors.com\/fr\/product\/ode-to-joy-chair-office-chair-home-study-computer-chair-modern-simple-conference-chair-staff-office-chair-leather-chair\/","title":{"rendered":"Ode to Joy Modern Leather Office Chair &#8211; Stylish &#038; Comfortable"},"content":{"rendered":"<ul>\n<li>\n<strong>marque<\/strong>:Amy Becky<\/li>\n<li>\n<strong>mod\u00e8le<\/strong>:601B_rQnLK<\/li>\n<li>\n<strong>Mat\u00e9riel<\/strong>:Panneaux \u00e0 base de bois<\/li>\n<li>\n<strong>Types de planches artificielles<\/strong>:autre<\/li>\n<li>\n<strong>\u00e9l\u00e9ments populaires<\/strong>:autre<\/li>\n<li>\n<strong>trier par couleur<\/strong>:Full leather white + purple Xipi rolling feet piano white + khaki Xipi rolling feet piano white + beige Xipi rolling feet ash wood grain color + off-white Xipi fixed feet full leather gray-blue + black Xipi rolling feet piano white + black Xipi fixed feet ash wood grain color + off-white Xipi rolling feet piano white + beige Xipi fixed feet walnut wood grain color + black Xipi rolling feet walnut wood grain color + black Xipi fixed feet<\/li>\n<li>\n<strong>Mat\u00e9riau en tissu<\/strong>:Cuir artificiel<\/li>\n<li>\n<strong>Est-ce personnalisable ?<\/strong>:Non<\/li>\n<li>\n<strong>Peut-il \u00eatre \u00e9lev\u00e9 ou abaiss\u00e9 ?<\/strong>:Oui<\/li>\n<li>\n<strong>Est-ce rotatif ?<\/strong>:Oui<\/li>\n<li>\n<strong>Puis-je m&#039;allonger ?<\/strong>:Non<\/li>\n<li>\n<strong>Mat\u00e9riau de pied cinq \u00e9toiles<\/strong>:Pieds en alliage d&#039;aluminium<\/li>\n<li>\n<strong>Type de main courante<\/strong>:Accoudoir fixe<\/li>\n<li>\n<strong>Est-ce que cela prend en charge l\u2019ergonomie ?<\/strong>:Non<\/li>\n<li>\n<strong>Livraison\/installation disponible<\/strong>:Ville de Foshan<\/li>\n<li>\n<strong>Assembler<\/strong>:Non<\/li>\n<li>\n<strong>Un taxi est-il disponible pour le transport ?<\/strong>:Oui<\/li>\n<li>\n<strong>Faut-il avoir des p\u00e9dales ?<\/strong>:Oui<\/li>\n<\/ul>\n<p><img><\/p>","protected":false},"excerpt":{"rendered":"<p>brand:Amy Becky model:601B_rQnLK Material:Wood-based panels Types of artificial boards:other popular elements:other sort by color:Full leather white + purple Xipi rolling<\/p>","protected":false},"featured_media":134050,"comment_status":"open","ping_status":"closed","template":"","meta":[],"product_brand":[],"product_cat":[30971,30859],"product_tag":[],"class_list":{"0":"post-74612","1":"product","2":"type-product","3":"status-publish","4":"has-post-thumbnail","6":"product_cat-hp","7":"product_cat-wholesale-office","9":"first","10":"instock","11":"sale","12":"taxable","13":"shipping-taxable","14":"purchasable","15":"product-type-variable"},"_links":{"self":[{"href":"https:\/\/nexgendecors.com\/fr\/wp-json\/wp\/v2\/product\/74612","targetHints":{"allow":["GET"]}}],"collection":[{"href":"https:\/\/nexgendecors.com\/fr\/wp-json\/wp\/v2\/product"}],"about":[{"href":"https:\/\/nexgendecors.com\/fr\/wp-json\/wp\/v2\/types\/product"}],"replies":[{"embeddable":true,"href":"https:\/\/nexgendecors.com\/fr\/wp-json\/wp\/v2\/comments?post=74612"}],"version-history":[{"count":0,"href":"https:\/\/nexgendecors.com\/fr\/wp-json\/wp\/v2\/product\/74612\/revisions"}],"wp:featuredmedia":[{"embeddable":true,"href":"https:\/\/nexgendecors.com\/fr\/wp-json\/wp\/v2\/media\/134050"}],"wp:attachment":[{"href":"https:\/\/nexgendecors.com\/fr\/wp-json\/wp\/v2\/media?parent=74612"}],"wp:term":[{"taxonomy":"product_brand","embeddable":true,"href":"https:\/\/nexgendecors.com\/fr\/wp-json\/wp\/v2\/product_brand?post=74612"},{"taxonomy":"product_cat","embeddable":true,"href":"https:\/\/nexgendecors.com\/fr\/wp-json\/wp\/v2\/product_cat?post=74612"},{"taxonomy":"product_tag","embeddable":true,"href":"https:\/\/nexgendecors.com\/fr\/wp-json\/wp\/v2\/product_tag?post=74612"}],"curies":[{"name":"wp","href":"https:\/\/api.w.org\/{rel}","templated":true}]}}