{"id":74653,"date":"2025-01-26T03:28:57","date_gmt":"2025-01-26T03:28:57","guid":{"rendered":"https:\/\/nexgendecors.com\/product\/office-boss-chair-italian-light-luxury-leather-computer-chair-comfortable-long-term-sitting-office-chair-business-president-big-chair\/"},"modified":"2025-04-06T09:25:44","modified_gmt":"2025-04-06T09:25:44","slug":"chaise-de-bureau-en-cuir-italien-leger-et-luxueux-chaise-dordinateur-confortable-pour-une-assise-longue-duree-chaise-de-bureau-pour-president-dentreprise-grande-chaise","status":"publish","type":"product","link":"https:\/\/nexgendecors.com\/fr\/product\/chaise-de-bureau-en-cuir-italien-leger-et-luxueux-chaise-dordinateur-confortable-pour-une-assise-longue-duree-chaise-de-bureau-pour-president-dentreprise-grande-chaise\/","title":{"rendered":"Chaise de bureau en cuir italien de luxe"},"content":{"rendered":"<ul>\n<li>\n<strong>marque<\/strong>:Riz Bl\u00e9<\/li>\n<li>\n<strong>mod\u00e8le<\/strong>:752-1<\/li>\n<li>\n<strong>Mat\u00e9riau du si\u00e8ge<\/strong>:Art du cuir<\/li>\n<li>\n<strong>trier par couleur<\/strong>:Dos haut gris Xileather pieds roulants dos haut gris (surface de contact cuir de vache) pieds roulants dos haut gris Xileather pieds fixes dos haut gris (surface de contact cuir de vache) pieds fixes dos haut noir Xileather pieds roulants dos haut noir (surface de contact cuir de vache) pieds roulants dos haut noir Xileather pieds fixes dos haut noir (surface de contact cuir de vache) pieds fixes dos haut marron Xileather pieds roulants dos haut marron (surface de contact cuir de vache) pieds roulants dos haut marron Xileather pieds fixes dos haut marron (surface de contact cuir de vache) pieds fixes dos court gris Xileather pieds roulants dos court gris (surface de contact cuir de vache) pieds roulants dos court gris Xileather pieds fixes dos court gris (surface de contact cuir de vache) pieds fixes dos court noir Xileather pieds roulants dos court noir (surface de contact cuir de vache) pieds roulants dos court noir Xileather pieds fixes dos court noir (surface de contact cuir de vache) pieds fixes dos court marron Xileather pieds roulants dos court marron (surface de contact cuir de vache) pieds roulants dos court marron Xileather pieds fixes dos court marron (surface de contact cuir de vache) pieds fixes<\/li>\n<li>\n<strong>Mat\u00e9riau en tissu<\/strong>:Cuir artificiel<\/li>\n<li>\n<strong>Peut-il \u00eatre \u00e9lev\u00e9 ou abaiss\u00e9 ?<\/strong>:Oui<\/li>\n<li>\n<strong>Puis-je m&#039;allonger ?<\/strong>:Non<\/li>\n<li>\n<strong>Mat\u00e9riau de pied cinq \u00e9toiles<\/strong>:Pieds en alliage d&#039;aluminium<\/li>\n<li>\n<strong>Type de main courante<\/strong>:Accoudoir fixe<\/li>\n<li>\n<strong><\/strong>:<\/li>\n<\/ul>\n<p><img><\/p>","protected":false},"excerpt":{"rendered":"<p>marque:Rice Wheat mod\u00e8le:752-1 Mati\u00e8re de l'assise:Cuir Art trier par couleur:Dossier haut gris Pieds \u00e0 roulettes Xileather dossier haut gris (surface de contact peau de vache)<\/p>","protected":false},"featured_media":134092,"comment_status":"open","ping_status":"closed","template":"","meta":[],"product_brand":[],"product_cat":[30901,30971,30859],"product_tag":[],"class_list":{"0":"post-74653","1":"product","2":"type-product","3":"status-publish","4":"has-post-thumbnail","6":"product_cat-bs-office","7":"product_cat-hp","8":"product_cat-wholesale-office","10":"first","11":"instock","12":"sale","13":"taxable","14":"shipping-taxable","15":"purchasable","16":"product-type-variable"},"_links":{"self":[{"href":"https:\/\/nexgendecors.com\/fr\/wp-json\/wp\/v2\/product\/74653","targetHints":{"allow":["GET"]}}],"collection":[{"href":"https:\/\/nexgendecors.com\/fr\/wp-json\/wp\/v2\/product"}],"about":[{"href":"https:\/\/nexgendecors.com\/fr\/wp-json\/wp\/v2\/types\/product"}],"replies":[{"embeddable":true,"href":"https:\/\/nexgendecors.com\/fr\/wp-json\/wp\/v2\/comments?post=74653"}],"version-history":[{"count":0,"href":"https:\/\/nexgendecors.com\/fr\/wp-json\/wp\/v2\/product\/74653\/revisions"}],"wp:featuredmedia":[{"embeddable":true,"href":"https:\/\/nexgendecors.com\/fr\/wp-json\/wp\/v2\/media\/134092"}],"wp:attachment":[{"href":"https:\/\/nexgendecors.com\/fr\/wp-json\/wp\/v2\/media?parent=74653"}],"wp:term":[{"taxonomy":"product_brand","embeddable":true,"href":"https:\/\/nexgendecors.com\/fr\/wp-json\/wp\/v2\/product_brand?post=74653"},{"taxonomy":"product_cat","embeddable":true,"href":"https:\/\/nexgendecors.com\/fr\/wp-json\/wp\/v2\/product_cat?post=74653"},{"taxonomy":"product_tag","embeddable":true,"href":"https:\/\/nexgendecors.com\/fr\/wp-json\/wp\/v2\/product_tag?post=74653"}],"curies":[{"name":"wp","href":"https:\/\/api.w.org\/{rel}","templated":true}]}}