{"id":74824,"date":"2025-01-26T03:29:14","date_gmt":"2025-01-26T03:29:14","guid":{"rendered":"https:\/\/nexgendecors.com\/product\/office-chair-computer-chair-home-modern-simple-personalized-creative-chair-lift-chair-conference-swivel-chair-swan-chair\/"},"modified":"2025-04-06T09:26:03","modified_gmt":"2025-04-06T09:26:03","slug":"office-chair-computer-chair-home-modern-simple-personalized-creative-chair-lift-chair-conference-swivel-chair-swan-chair","status":"publish","type":"product","link":"https:\/\/nexgendecors.com\/fr\/product\/office-chair-computer-chair-home-modern-simple-personalized-creative-chair-lift-chair-conference-swivel-chair-swan-chair\/","title":{"rendered":"Modern Swivel Swan Chair &#8211; Creative Lift Design"},"content":{"rendered":"<ul>\n<li>\n<strong>marque<\/strong>:Ouyi<\/li>\n<li>\n<strong>mod\u00e8le<\/strong>:1027<\/li>\n<li>\n<strong>Mat\u00e9riel<\/strong>:autre<\/li>\n<li>\n<strong>Origine<\/strong>:Chine continentale<\/li>\n<li>\n<strong>province<\/strong>:Province du Guangdong<\/li>\n<li>\n<strong>trier par couleur<\/strong>:Piano white beige technology Xipi rolling feet, piano white beige technology Xipi fixed feet, piano white beige microfiber leather rolling feet, piano white beige microfiber leather fixed feet, piano white beige cowhide rolling feet, piano white beige cowhide fixed feet, piano white black technology Xipi rolling feet, piano white black technology Xipi fixed feet, piano white black microfiber leather rolling feet, piano white black microfiber leather fixed feet, piano white black cowhide rolling feet, piano white black cowhide fixed feet, piano white clay yellow technology Xipi rolling feet, piano white clay yellow technology Xipi fixed feet, piano white clay yellow cowhide rolling feet, piano white clay yellow cowhide fixed feet, full leather light gray + coffee color technology Xipi rolling, full leather light gray + coffee color technology Xipi fixed, full leather gray blue + black technology Xipi rolling feet, full leather gray blue + black technology Xipi fixed feet, table 60cm, table 80cm, piano white + orange Xipi rolling feet, piano white + orange Xipi fixed feet, piano white + orange cowhide rolling feet<\/li>\n<li>\n<strong>Mat\u00e9riau en tissu<\/strong>:Cuir artificiel<\/li>\n<li>\n<strong>Est-ce pliable ?<\/strong>:Non<\/li>\n<li>\n<strong>Peut-il \u00eatre \u00e9lev\u00e9 ou abaiss\u00e9 ?<\/strong>:Oui<\/li>\n<li>\n<strong>Est-ce rotatif ?<\/strong>:Oui<\/li>\n<li>\n<strong>Puis-je m&#039;allonger ?<\/strong>:Non<\/li>\n<li>\n<strong>Est-ce empilable ?<\/strong>:Non<\/li>\n<li>\n<strong>Mat\u00e9riau de pied cinq \u00e9toiles<\/strong>:Pieds en alliage d&#039;aluminium<\/li>\n<li>\n<strong>Type de main courante<\/strong>:Accoudoir fixe<\/li>\n<li>\n<strong><\/strong>:<\/li>\n<\/ul>\n<p><img><\/p>","protected":false},"excerpt":{"rendered":"<p>brand:Ouyi model:1027 Material:other Origin:Chinese mainland province:Guangdong Province sort by color:Piano white beige technology Xipi rolling feet, piano white beige technology<\/p>","protected":false},"featured_media":134217,"comment_status":"open","ping_status":"closed","template":"","meta":[],"product_brand":[],"product_cat":[30971,30859],"product_tag":[],"class_list":{"0":"post-74824","1":"product","2":"type-product","3":"status-publish","4":"has-post-thumbnail","6":"product_cat-hp","7":"product_cat-wholesale-office","9":"first","10":"instock","11":"sale","12":"taxable","13":"shipping-taxable","14":"purchasable","15":"product-type-variable"},"_links":{"self":[{"href":"https:\/\/nexgendecors.com\/fr\/wp-json\/wp\/v2\/product\/74824","targetHints":{"allow":["GET"]}}],"collection":[{"href":"https:\/\/nexgendecors.com\/fr\/wp-json\/wp\/v2\/product"}],"about":[{"href":"https:\/\/nexgendecors.com\/fr\/wp-json\/wp\/v2\/types\/product"}],"replies":[{"embeddable":true,"href":"https:\/\/nexgendecors.com\/fr\/wp-json\/wp\/v2\/comments?post=74824"}],"version-history":[{"count":0,"href":"https:\/\/nexgendecors.com\/fr\/wp-json\/wp\/v2\/product\/74824\/revisions"}],"wp:featuredmedia":[{"embeddable":true,"href":"https:\/\/nexgendecors.com\/fr\/wp-json\/wp\/v2\/media\/134217"}],"wp:attachment":[{"href":"https:\/\/nexgendecors.com\/fr\/wp-json\/wp\/v2\/media?parent=74824"}],"wp:term":[{"taxonomy":"product_brand","embeddable":true,"href":"https:\/\/nexgendecors.com\/fr\/wp-json\/wp\/v2\/product_brand?post=74824"},{"taxonomy":"product_cat","embeddable":true,"href":"https:\/\/nexgendecors.com\/fr\/wp-json\/wp\/v2\/product_cat?post=74824"},{"taxonomy":"product_tag","embeddable":true,"href":"https:\/\/nexgendecors.com\/fr\/wp-json\/wp\/v2\/product_tag?post=74824"}],"curies":[{"name":"wp","href":"https:\/\/api.w.org\/{rel}","templated":true}]}}