{"id":74856,"date":"2025-01-26T03:29:20","date_gmt":"2025-01-26T03:29:20","guid":{"rendered":"https:\/\/nexgendecors.com\/product\/office-chair-modern-simple-boss-chair-comfortable-long-term-sitting-chair-large-class-chair-nordic-computer-chair-home-leather-chair\/"},"modified":"2025-04-06T09:26:10","modified_gmt":"2025-04-06T09:26:10","slug":"office-chair-modern-simple-boss-chair-comfortable-long-term-sitting-chair-large-class-chair-nordic-computer-chair-home-leather-chair","status":"publish","type":"product","link":"https:\/\/nexgendecors.com\/fr\/product\/office-chair-modern-simple-boss-chair-comfortable-long-term-sitting-chair-large-class-chair-nordic-computer-chair-home-leather-chair\/","title":{"rendered":"Chaise de bureau moderne en cuir nordique - Confortable et \u00e9l\u00e9gante"},"content":{"rendered":"<ul>\n<li>\n<strong>marque<\/strong>:Ouyi<\/li>\n<li>\n<strong>mod\u00e8le<\/strong>:HYD-601<\/li>\n<li>\n<strong>province<\/strong>:Province du Guangdong<\/li>\n<li>\n<strong>Peut-il \u00eatre \u00e9lev\u00e9 ou abaiss\u00e9 ?<\/strong>:Oui<\/li>\n<li>\n<strong>Taille du paquet<\/strong>:0.36<\/li>\n<li>\n<strong>Mat\u00e9riau de pied cinq \u00e9toiles<\/strong>:Pieds en alliage d&#039;aluminium<\/li>\n<li>\n<strong>Mat\u00e9riau en tissu<\/strong>:Cuir artificiel<\/li>\n<li>\n<strong>Puis-je m&#039;allonger ?<\/strong>:Non<\/li>\n<li>\n<strong>Origine<\/strong>:Chine continentale<\/li>\n<li>\n<strong>Type de main courante<\/strong>:Accoudoir fixe<\/li>\n<li>\n<strong>Mat\u00e9riau du si\u00e8ge<\/strong>:Art du cuir<\/li>\n<li>\n<strong>Poids du colis<\/strong>:30<\/li>\n<li>\n<strong>trier par couleur<\/strong>:Walnut wood grain + black technology Xipi rolling foot, walnut wood grain color + black technology Xipi fixed foot, walnut wood grain color + black microfiber leather rolling foot, walnut wood grain color + black microfiber leather fixed foot, walnut wood grain color + black cowhide rolling foot, walnut wood grain color + black cowhide fixed foot, piano white + beige technology Xipi rolling foot, piano white + beige technology Xipi fixed foot, piano white + beige microfiber leather rolling foot, piano white + beige microfiber leather fixed foot, piano white + beige cowhide Rolling feet, ash color + off-white microfiber leather rolling feet, short back piano white + black technology Xipi rolling feet, piano white + black microfiber leather rolling feet, piano white + black cowhide rolling feet, piano white + orange technology Xipi rolling feet, piano white + orange microfiber leather rolling feet, piano white + orange cowhide rolling feet, piano white + gray technology Xipi rolling feet, full leather gray-blue + black technology Xipi rolling feet, ash + off-white technology Xipi rolling feet, walnut grain color + white Xipi rolling feet<\/li>\n<\/ul>\n<p><img><\/p>","protected":false},"excerpt":{"rendered":"<p>marque:Ouyi mod\u00e8le:HYD-601 province:Guangdong province Peut-il \u00eatre relev\u00e9 ou abaiss\u00e9?:oui Taille de l'emballage:0.36 Pieds \u00e0 cinq \u00e9toiles Mat\u00e9riau des pieds:Pieds en alliage d'aluminium Mat\u00e9riau du tissu:Cuir artificiel<\/p>","protected":false},"featured_media":134264,"comment_status":"open","ping_status":"closed","template":"","meta":[],"product_brand":[],"product_cat":[30901,30971,30859],"product_tag":[],"class_list":{"0":"post-74856","1":"product","2":"type-product","3":"status-publish","4":"has-post-thumbnail","6":"product_cat-bs-office","7":"product_cat-hp","8":"product_cat-wholesale-office","10":"first","11":"instock","12":"sale","13":"taxable","14":"shipping-taxable","15":"purchasable","16":"product-type-variable"},"_links":{"self":[{"href":"https:\/\/nexgendecors.com\/fr\/wp-json\/wp\/v2\/product\/74856","targetHints":{"allow":["GET"]}}],"collection":[{"href":"https:\/\/nexgendecors.com\/fr\/wp-json\/wp\/v2\/product"}],"about":[{"href":"https:\/\/nexgendecors.com\/fr\/wp-json\/wp\/v2\/types\/product"}],"replies":[{"embeddable":true,"href":"https:\/\/nexgendecors.com\/fr\/wp-json\/wp\/v2\/comments?post=74856"}],"version-history":[{"count":0,"href":"https:\/\/nexgendecors.com\/fr\/wp-json\/wp\/v2\/product\/74856\/revisions"}],"wp:featuredmedia":[{"embeddable":true,"href":"https:\/\/nexgendecors.com\/fr\/wp-json\/wp\/v2\/media\/134264"}],"wp:attachment":[{"href":"https:\/\/nexgendecors.com\/fr\/wp-json\/wp\/v2\/media?parent=74856"}],"wp:term":[{"taxonomy":"product_brand","embeddable":true,"href":"https:\/\/nexgendecors.com\/fr\/wp-json\/wp\/v2\/product_brand?post=74856"},{"taxonomy":"product_cat","embeddable":true,"href":"https:\/\/nexgendecors.com\/fr\/wp-json\/wp\/v2\/product_cat?post=74856"},{"taxonomy":"product_tag","embeddable":true,"href":"https:\/\/nexgendecors.com\/fr\/wp-json\/wp\/v2\/product_tag?post=74856"}],"curies":[{"name":"wp","href":"https:\/\/api.w.org\/{rel}","templated":true}]}}