{"id":74885,"date":"2025-01-26T03:29:23","date_gmt":"2025-01-26T03:29:23","guid":{"rendered":"https:\/\/nexgendecors.com\/product\/office-chairode-to-joy-chairstaff-chairhome-leather-chaircomputer-chairergonomic-computer-chairtraining-room-chair\/"},"modified":"2025-03-11T07:36:23","modified_gmt":"2025-03-11T07:36:23","slug":"office-chairode-to-joy-chairstaff-chairhome-leather-chaircomputer-chairergonomic-computer-chairtraining-room-chair","status":"publish","type":"product","link":"https:\/\/nexgendecors.com\/fr\/product\/office-chairode-to-joy-chairstaff-chairhome-leather-chaircomputer-chairergonomic-computer-chairtraining-room-chair\/","title":{"rendered":"Ergonomic Ode to Joy Office Chair &#8211; Stylish Comfort"},"content":{"rendered":"<ul>\n<li>\n<strong>marque<\/strong>:Ouyi<\/li>\n<li>\n<strong>mod\u00e8le<\/strong>:YDH-824<\/li>\n<li>\n<strong>Mat\u00e9riel<\/strong>:Bois<\/li>\n<li>\n<strong>Mat\u00e9riau en bois<\/strong>:Fr\u00eane de Mandchourie<\/li>\n<li>\n<strong>trier par couleur<\/strong>:Walnut wood grain leather + black technology Xipi rolling foot, walnut wood grain leather + black technology Xipi fixed foot, walnut wood grain leather + black microfiber leather rolling foot, walnut wood grain leather + black microfiber leather fixed foot, walnut wood grain leather + black cowhide rolling foot, walnut wood grain leather + black cowhide fixed foot, piano white + beige technology Xipi rolling foot, piano white + beige technology Xipi fixed foot, piano white + beige microfiber rolling foot, piano white + beige microfiber fixed foot, piano white + beige cowhide rolling foot, piano white + beige cowhide fixed foot, piano white + black technology Xipi rolling foot, piano white + black technology Xipi fixed foot, piano white + black microfiber rolling foot, piano white + black microfiber leather fixed foot, steel Piano White + Black Cowhide Rolling Foot,Piano White + Black Cowhide Fixed Foot,Ash + Off-White Technology Xipi Rolling Foot,Ash + Off-White Technology Xipi Fixed Foot,Ash + Off-White Microfiber Rolling Foot,Ash + Off-White Microfiber Leather Fixed Foot,Ash + Off-White Cowhide Rolling Foot,Piano White + Orange Technology Xipi Rolling Foot,Piano White + Orange Xipi Fixed Foot,Piano White + Orange Microfiber Leather Rolling Foot,Piano White + Orange Microfiber Leather Fixed Foot,Piano White + Orange Cowhide Rolling Foot,Piano White + Orange Cowhide Fixed Foot,Piano White + Gray Technology Xipi Rolling Foot,Piano White + Gray Technology Xipi Fixed Foot,Full Leather Gray Blue + Black Technology Xipi Rolling Foot,Piano White + Apricot Technology Xipi Rolling Foot<\/li>\n<li>\n<strong>Mat\u00e9riau en tissu<\/strong>:Cuir artificiel<\/li>\n<li>\n<strong>Taille du paquet<\/strong>:60*60*60<\/li>\n<li>\n<strong>Est-ce pliable ?<\/strong>:Non<\/li>\n<li>\n<strong>Poids du colis<\/strong>:15 kg<\/li>\n<li>\n<strong>Peut-il \u00eatre \u00e9lev\u00e9 ou abaiss\u00e9 ?<\/strong>:Oui<\/li>\n<li>\n<strong>Est-ce rotatif ?<\/strong>:Oui<\/li>\n<li>\n<strong>Puis-je m&#039;allonger ?<\/strong>:Non<\/li>\n<li>\n<strong>Est-ce empilable ?<\/strong>:Non<\/li>\n<li>\n<strong>Mat\u00e9riau de pied cinq \u00e9toiles<\/strong>:Pieds en alliage d&#039;aluminium<\/li>\n<li>\n<strong>Type de main courante<\/strong>:Accoudoir fixe<\/li>\n<li>\n<strong><\/strong>:<\/li>\n<\/ul>\n<p><img><\/p>","protected":false},"excerpt":{"rendered":"<p>brand:Ouyi model:YDH-824 Material:Wood Wood material:Manchurian ash sort by color:Walnut wood grain leather + black technology Xipi rolling foot, walnut wood<\/p>","protected":false},"featured_media":134318,"comment_status":"open","ping_status":"closed","template":"","meta":[],"product_brand":[],"product_cat":[30971,30859],"product_tag":[],"class_list":{"0":"post-74885","1":"product","2":"type-product","3":"status-publish","4":"has-post-thumbnail","6":"product_cat-hp","7":"product_cat-wholesale-office","9":"first","10":"instock","11":"sale","12":"taxable","13":"shipping-taxable","14":"purchasable","15":"product-type-variable"},"_links":{"self":[{"href":"https:\/\/nexgendecors.com\/fr\/wp-json\/wp\/v2\/product\/74885","targetHints":{"allow":["GET"]}}],"collection":[{"href":"https:\/\/nexgendecors.com\/fr\/wp-json\/wp\/v2\/product"}],"about":[{"href":"https:\/\/nexgendecors.com\/fr\/wp-json\/wp\/v2\/types\/product"}],"replies":[{"embeddable":true,"href":"https:\/\/nexgendecors.com\/fr\/wp-json\/wp\/v2\/comments?post=74885"}],"version-history":[{"count":0,"href":"https:\/\/nexgendecors.com\/fr\/wp-json\/wp\/v2\/product\/74885\/revisions"}],"wp:featuredmedia":[{"embeddable":true,"href":"https:\/\/nexgendecors.com\/fr\/wp-json\/wp\/v2\/media\/134318"}],"wp:attachment":[{"href":"https:\/\/nexgendecors.com\/fr\/wp-json\/wp\/v2\/media?parent=74885"}],"wp:term":[{"taxonomy":"product_brand","embeddable":true,"href":"https:\/\/nexgendecors.com\/fr\/wp-json\/wp\/v2\/product_brand?post=74885"},{"taxonomy":"product_cat","embeddable":true,"href":"https:\/\/nexgendecors.com\/fr\/wp-json\/wp\/v2\/product_cat?post=74885"},{"taxonomy":"product_tag","embeddable":true,"href":"https:\/\/nexgendecors.com\/fr\/wp-json\/wp\/v2\/product_tag?post=74885"}],"curies":[{"name":"wp","href":"https:\/\/api.w.org\/{rel}","templated":true}]}}