{"id":74920,"date":"2025-01-26T03:29:26","date_gmt":"2025-01-26T03:29:26","guid":{"rendered":"https:\/\/nexgendecors.com\/product\/office-computer-chair-comfortable-waist-protection-home-desk-chair-white-staff-conference-swivel-chair-training-chair-simple-modern\/"},"modified":"2025-04-06T09:26:17","modified_gmt":"2025-04-06T09:26:17","slug":"office-computer-chair-comfortable-waist-protection-home-desk-chair-white-staff-conference-swivel-chair-training-chair-simple-modern","status":"publish","type":"product","link":"https:\/\/nexgendecors.com\/fr\/product\/office-computer-chair-comfortable-waist-protection-home-desk-chair-white-staff-conference-swivel-chair-training-chair-simple-modern\/","title":{"rendered":"Comfortable White Swivel Chair for Home &#038; Office"},"content":{"rendered":"<ul>\n<li>\n<strong>marque<\/strong>:Petit artisan<\/li>\n<li>\n<strong>mod\u00e8le<\/strong>:BER-1<\/li>\n<li>\n<strong>Mat\u00e9riel<\/strong>:autre<\/li>\n<li>\n<strong>style<\/strong>:Moderne et simple<\/li>\n<li>\n<strong>Origine<\/strong>:Chine continentale<\/li>\n<li>\n<strong>trier par couleur<\/strong>:Make an appointment for the offline exhibition hall in Hangzhou: 15157159604 Note: Do not bid for a single photo (two photos are required) Gray &#8211; bow-shaped model Orange &#8211; bow-shaped model Red &#8211; bow-shaped model Black &#8211; bow-shaped model Green &#8211; bow-shaped model Gray &#8211; Four-corner model Orange &#8211; Four-corner model Red &#8211; Four-corner model Black &#8211; Four-corner model Green &#8211; Four-corner model Gray &#8211; Five-claw model Orange &#8211; Five-claw model Red &#8211; Five-claw model Green &#8211; Five-claw model Black &#8211; Five-claw model Gray &#8211; High seat model Orange &#8211; High seat model Red &#8211; High seat model Black &#8211; High seat model Green &#8211; High seat model<\/li>\n<li>\n<strong>Mat\u00e9riau en tissu<\/strong>:autre<\/li>\n<li>\n<strong>Peut-il \u00eatre \u00e9lev\u00e9 ou abaiss\u00e9 ?<\/strong>:Non<\/li>\n<li>\n<strong>Type de main courante<\/strong>:No armrests<\/li>\n<li>\n<strong><\/strong>:<\/li>\n<\/ul>\n<p><img><\/p>","protected":false},"excerpt":{"rendered":"<p>brand:Little Craftsman model:BER-1 Material:other style:Modern and simple Origin:Chinese mainland sort by color:Make an appointment for the offline exhibition hall in<\/p>","protected":false},"featured_media":134342,"comment_status":"open","ping_status":"closed","template":"","meta":[],"product_brand":[],"product_cat":[30971,30859],"product_tag":[],"class_list":{"0":"post-74920","1":"product","2":"type-product","3":"status-publish","4":"has-post-thumbnail","6":"product_cat-hp","7":"product_cat-wholesale-office","9":"first","10":"instock","11":"sale","12":"taxable","13":"shipping-taxable","14":"purchasable","15":"product-type-variable"},"_links":{"self":[{"href":"https:\/\/nexgendecors.com\/fr\/wp-json\/wp\/v2\/product\/74920","targetHints":{"allow":["GET"]}}],"collection":[{"href":"https:\/\/nexgendecors.com\/fr\/wp-json\/wp\/v2\/product"}],"about":[{"href":"https:\/\/nexgendecors.com\/fr\/wp-json\/wp\/v2\/types\/product"}],"replies":[{"embeddable":true,"href":"https:\/\/nexgendecors.com\/fr\/wp-json\/wp\/v2\/comments?post=74920"}],"version-history":[{"count":0,"href":"https:\/\/nexgendecors.com\/fr\/wp-json\/wp\/v2\/product\/74920\/revisions"}],"wp:featuredmedia":[{"embeddable":true,"href":"https:\/\/nexgendecors.com\/fr\/wp-json\/wp\/v2\/media\/134342"}],"wp:attachment":[{"href":"https:\/\/nexgendecors.com\/fr\/wp-json\/wp\/v2\/media?parent=74920"}],"wp:term":[{"taxonomy":"product_brand","embeddable":true,"href":"https:\/\/nexgendecors.com\/fr\/wp-json\/wp\/v2\/product_brand?post=74920"},{"taxonomy":"product_cat","embeddable":true,"href":"https:\/\/nexgendecors.com\/fr\/wp-json\/wp\/v2\/product_cat?post=74920"},{"taxonomy":"product_tag","embeddable":true,"href":"https:\/\/nexgendecors.com\/fr\/wp-json\/wp\/v2\/product_tag?post=74920"}],"curies":[{"name":"wp","href":"https:\/\/api.w.org\/{rel}","templated":true}]}}