{"id":74944,"date":"2025-01-26T03:29:29","date_gmt":"2025-01-26T03:29:29","guid":{"rendered":"https:\/\/nexgendecors.com\/product\/office-conference-chair-computer-chair-staff-chair-home-computer-office-chair-mesh-chair-dormitory-conference-four-legged-chair\/"},"modified":"2025-04-06T09:26:20","modified_gmt":"2025-04-06T09:26:20","slug":"office-conference-chair-computer-chair-staff-chair-home-computer-office-chair-mesh-chair-dormitory-conference-four-legged-chair","status":"publish","type":"product","link":"https:\/\/nexgendecors.com\/fr\/product\/office-conference-chair-computer-chair-staff-chair-home-computer-office-chair-mesh-chair-dormitory-conference-four-legged-chair\/","title":{"rendered":"Ergonomic Mesh Office Chair for Home &#038; Conference Use"},"content":{"rendered":"<ul>\n<li>\n<strong>marque<\/strong>:Guodeng<\/li>\n<li>\n<strong>mod\u00e8le<\/strong>:YZ-604<\/li>\n<li>\n<strong>Mat\u00e9riel<\/strong>:autre<\/li>\n<li>\n<strong>trier par couleur<\/strong>:Black black frame Blue black frame Green black frame Orange black frame Gray black frame Red black frame<\/li>\n<li>\n<strong>Mat\u00e9riau en tissu<\/strong>:filet<\/li>\n<li>\n<strong>Est-ce pliable ?<\/strong>:Non<\/li>\n<li>\n<strong>Peut-il \u00eatre \u00e9lev\u00e9 ou abaiss\u00e9 ?<\/strong>:Non<\/li>\n<li>\n<strong>Est-ce rotatif ?<\/strong>:Non<\/li>\n<li>\n<strong>Puis-je m&#039;allonger ?<\/strong>:Non<\/li>\n<li>\n<strong>Est-ce empilable ?<\/strong>:Non<\/li>\n<li>\n<strong>Mat\u00e9riau de pied cinq \u00e9toiles<\/strong>:Pieds en acier<\/li>\n<li>\n<strong>Type de main courante<\/strong>:Accoudoir fixe<\/li>\n<\/ul>\n<p><img><\/p>","protected":false},"excerpt":{"rendered":"<p>brand:Guodeng model:YZ-604 Material:other sort by color:Black black frame Blue black frame Green black frame Orange black frame Gray black frame<\/p>","protected":false},"featured_media":134354,"comment_status":"open","ping_status":"closed","template":"","meta":[],"product_brand":[],"product_cat":[30971,30859],"product_tag":[],"class_list":{"0":"post-74944","1":"product","2":"type-product","3":"status-publish","4":"has-post-thumbnail","6":"product_cat-hp","7":"product_cat-wholesale-office","9":"first","10":"instock","11":"sale","12":"taxable","13":"shipping-taxable","14":"purchasable","15":"product-type-variable"},"_links":{"self":[{"href":"https:\/\/nexgendecors.com\/fr\/wp-json\/wp\/v2\/product\/74944","targetHints":{"allow":["GET"]}}],"collection":[{"href":"https:\/\/nexgendecors.com\/fr\/wp-json\/wp\/v2\/product"}],"about":[{"href":"https:\/\/nexgendecors.com\/fr\/wp-json\/wp\/v2\/types\/product"}],"replies":[{"embeddable":true,"href":"https:\/\/nexgendecors.com\/fr\/wp-json\/wp\/v2\/comments?post=74944"}],"version-history":[{"count":0,"href":"https:\/\/nexgendecors.com\/fr\/wp-json\/wp\/v2\/product\/74944\/revisions"}],"wp:featuredmedia":[{"embeddable":true,"href":"https:\/\/nexgendecors.com\/fr\/wp-json\/wp\/v2\/media\/134354"}],"wp:attachment":[{"href":"https:\/\/nexgendecors.com\/fr\/wp-json\/wp\/v2\/media?parent=74944"}],"wp:term":[{"taxonomy":"product_brand","embeddable":true,"href":"https:\/\/nexgendecors.com\/fr\/wp-json\/wp\/v2\/product_brand?post=74944"},{"taxonomy":"product_cat","embeddable":true,"href":"https:\/\/nexgendecors.com\/fr\/wp-json\/wp\/v2\/product_cat?post=74944"},{"taxonomy":"product_tag","embeddable":true,"href":"https:\/\/nexgendecors.com\/fr\/wp-json\/wp\/v2\/product_tag?post=74944"}],"curies":[{"name":"wp","href":"https:\/\/api.w.org\/{rel}","templated":true}]}}