{"id":75307,"date":"2025-01-26T03:30:13","date_gmt":"2025-01-26T03:30:13","guid":{"rendered":"https:\/\/nexgendecors.com\/product\/office-ode-to-joy-chair-office-chair-computer-chair-home-study-simple-modern-conference-chair-ins-boss-chair\/"},"modified":"2025-04-06T09:27:10","modified_gmt":"2025-04-06T09:27:10","slug":"office-ode-to-joy-chair-office-chair-computer-chair-home-study-simple-modern-conference-chair-ins-boss-chair","status":"publish","type":"product","link":"https:\/\/nexgendecors.com\/fr\/product\/office-ode-to-joy-chair-office-chair-computer-chair-home-study-simple-modern-conference-chair-ins-boss-chair\/","title":{"rendered":"Ode to Joy Modern Office Chair &#8211; Stylish &#038; Comfortable"},"content":{"rendered":"<ul>\n<li>\n<strong>marque<\/strong>:TOPNESS\/Toniss<\/li>\n<li>\n<strong>mod\u00e8le<\/strong>:6075<\/li>\n<li>\n<strong>Mat\u00e9riau du si\u00e8ge<\/strong>:Autre<\/li>\n<li>\n<strong>Origine<\/strong>:Chine continentale<\/li>\n<li>\n<strong>province<\/strong>:Province du Guangdong<\/li>\n<li>\n<strong>trier par couleur<\/strong>:Default roller feet (fixed feet need to be noted), high back walnut + brown (strong business sense), short back walnut + brown (recommended color), high back white gloss + dark orange (with texture), short back white gloss + dark orange (with texture), high back walnut + dark orange (with texture), short back walnut + dark orange (with texture), high back walnut + black (microfiber leather), short back walnut + black (microfiber leather), high back walnut + black (ordinary PU leather), short back walnut + black (ordinary PU leather), high back walnut + black (first layer of cowhide), short back walnut + black (first layer of cowhide), high back aluminum leather + cement gray (with texture)<\/li>\n<li>\n<strong>Mat\u00e9riau en tissu<\/strong>:Cuir artificiel<\/li>\n<li>\n<strong>Poids du colis<\/strong>:30KG<\/li>\n<li>\n<strong>Peut-il \u00eatre \u00e9lev\u00e9 ou abaiss\u00e9 ?<\/strong>:Oui<\/li>\n<li>\n<strong>Puis-je m&#039;allonger ?<\/strong>:Non<\/li>\n<li>\n<strong>Mat\u00e9riau de pied cinq \u00e9toiles<\/strong>:Pieds en alliage d&#039;aluminium<\/li>\n<li>\n<strong>Type de main courante<\/strong>:Accoudoir fixe<\/li>\n<li>\n<strong><\/strong>:<\/li>\n<\/ul>","protected":false},"excerpt":{"rendered":"<p>brand:TOPNESS\/Toniss model:6075 Seat material:Other Origin:Chinese mainland province:Guangdong Province sort by color:Default roller feet (fixed feet need to be noted), high<\/p>","protected":false},"featured_media":134644,"comment_status":"open","ping_status":"closed","template":"","meta":[],"product_brand":[],"product_cat":[30862,30971,30850],"product_tag":[],"class_list":{"0":"post-75307","1":"product","2":"type-product","3":"status-publish","4":"has-post-thumbnail","6":"product_cat-wholesales-hotels","7":"product_cat-hp","8":"product_cat-wholesale-furniture","10":"first","11":"instock","12":"sale","13":"taxable","14":"shipping-taxable","15":"purchasable","16":"product-type-variable"},"_links":{"self":[{"href":"https:\/\/nexgendecors.com\/fr\/wp-json\/wp\/v2\/product\/75307","targetHints":{"allow":["GET"]}}],"collection":[{"href":"https:\/\/nexgendecors.com\/fr\/wp-json\/wp\/v2\/product"}],"about":[{"href":"https:\/\/nexgendecors.com\/fr\/wp-json\/wp\/v2\/types\/product"}],"replies":[{"embeddable":true,"href":"https:\/\/nexgendecors.com\/fr\/wp-json\/wp\/v2\/comments?post=75307"}],"version-history":[{"count":0,"href":"https:\/\/nexgendecors.com\/fr\/wp-json\/wp\/v2\/product\/75307\/revisions"}],"wp:featuredmedia":[{"embeddable":true,"href":"https:\/\/nexgendecors.com\/fr\/wp-json\/wp\/v2\/media\/134644"}],"wp:attachment":[{"href":"https:\/\/nexgendecors.com\/fr\/wp-json\/wp\/v2\/media?parent=75307"}],"wp:term":[{"taxonomy":"product_brand","embeddable":true,"href":"https:\/\/nexgendecors.com\/fr\/wp-json\/wp\/v2\/product_brand?post=75307"},{"taxonomy":"product_cat","embeddable":true,"href":"https:\/\/nexgendecors.com\/fr\/wp-json\/wp\/v2\/product_cat?post=75307"},{"taxonomy":"product_tag","embeddable":true,"href":"https:\/\/nexgendecors.com\/fr\/wp-json\/wp\/v2\/product_tag?post=75307"}],"curies":[{"name":"wp","href":"https:\/\/api.w.org\/{rel}","templated":true}]}}