{"id":75393,"date":"2025-01-26T03:30:32","date_gmt":"2025-01-26T03:30:32","guid":{"rendered":"https:\/\/nexgendecors.com\/product\/office-sofa-combination-simple-modern-leather-office-reception-negotiation-leisure-single-vip-business-sofa\/"},"modified":"2025-03-11T13:03:21","modified_gmt":"2025-03-11T13:03:21","slug":"canape-de-bureau-combinaison-simple-moderne-en-cuir-bureau-reception-negociation-loisirs-unique-vip-affaires-canape","status":"publish","type":"product","link":"https:\/\/nexgendecors.com\/fr\/product\/canape-de-bureau-combinaison-simple-moderne-en-cuir-bureau-reception-negociation-loisirs-unique-vip-affaires-canape\/","title":{"rendered":"Canap\u00e9 d&#039;affaires VIP en cuir moderne pour la r\u00e9ception du bureau"},"content":{"rendered":"<ul>\n<li>\n<strong>marque<\/strong>:Wo Lin<\/li>\n<li>\n<strong>mod\u00e8le<\/strong>:928<\/li>\n<li>\n<strong>Y a-t-il un espace de stockage ?<\/strong>:Non<\/li>\n<li>\n<strong>style<\/strong>:Style de luxe l\u00e9ger<\/li>\n<li>\n<strong>Assembler<\/strong>:Non<\/li>\n<li>\n<strong>Taille du paquet<\/strong>:1000<\/li>\n<li>\n<strong>Service en ville<\/strong>:Installation \u00e0 domicile par des vendeurs locaux<\/li>\n<li>\n<strong>Espace applicable<\/strong>:Zone de r\u00e9ception<\/li>\n<li>\n<strong>Mat\u00e9riau principal<\/strong>:Autres mat\u00e9riaux<\/li>\n<li>\n<strong>Est-ce personnalisable ?<\/strong>:Non<\/li>\n<li>\n<strong>Remplissage<\/strong>:\u00e9ponge<\/li>\n<li>\n<strong>longueur<\/strong>:210cm<\/li>\n<li>\n<strong>Combinaison de canap\u00e9<\/strong>:Diverses combinaisons<\/li>\n<li>\n<strong>Mat\u00e9riel<\/strong>:Art du cuir<\/li>\n<li>\n<strong>Instructions d&#039;installation d\u00e9taill\u00e9es<\/strong>:Fournir des instructions d&#039;installation<\/li>\n<li>\n<strong>Combien de personnes sont assises<\/strong>:combinaison<\/li>\n<li>\n<strong>trier par couleur<\/strong>:Si\u00e8ge simple [cuir \u00e9paissi] Recommandation de vente chaude Trois si\u00e8ges [cuir \u00e9paissi] Recommandation de vente chaude 1+1+3 si\u00e8ges [cuir \u00e9paissi] Recommandation de vente chaude Si\u00e8ge simple [cuir de vache de haute qualit\u00e9] \u2013 P\u00e9riode de personnalisation 10 jours Trois si\u00e8ges [cuir de vache de haute qualit\u00e9] \u2013 P\u00e9riode de personnalisation 10 jours 1+1+3 si\u00e8ges [cuir de vache de haute qualit\u00e9] \u2013 P\u00e9riode de personnalisation 10 jours Table basse longue B [pierre br\u00fbl\u00e9e] Table basse carr\u00e9e B [pierre br\u00fbl\u00e9e]<\/li>\n<\/ul>\n<p><img><\/p>","protected":false},"excerpt":{"rendered":"<p>brand:Wo Lin model:928 Is there storage space?:no style:Light luxury style Assemble:no Package Size:1000 In-city service:Home installation by local sellers Applicable<\/p>","protected":false},"featured_media":134723,"comment_status":"open","ping_status":"closed","template":"","meta":[],"product_brand":[],"product_cat":[30971,30859],"product_tag":[],"class_list":{"0":"post-75393","1":"product","2":"type-product","3":"status-publish","4":"has-post-thumbnail","6":"product_cat-hp","7":"product_cat-wholesale-office","9":"first","10":"instock","11":"sale","12":"taxable","13":"shipping-taxable","14":"purchasable","15":"product-type-variable"},"_links":{"self":[{"href":"https:\/\/nexgendecors.com\/fr\/wp-json\/wp\/v2\/product\/75393","targetHints":{"allow":["GET"]}}],"collection":[{"href":"https:\/\/nexgendecors.com\/fr\/wp-json\/wp\/v2\/product"}],"about":[{"href":"https:\/\/nexgendecors.com\/fr\/wp-json\/wp\/v2\/types\/product"}],"replies":[{"embeddable":true,"href":"https:\/\/nexgendecors.com\/fr\/wp-json\/wp\/v2\/comments?post=75393"}],"version-history":[{"count":0,"href":"https:\/\/nexgendecors.com\/fr\/wp-json\/wp\/v2\/product\/75393\/revisions"}],"wp:featuredmedia":[{"embeddable":true,"href":"https:\/\/nexgendecors.com\/fr\/wp-json\/wp\/v2\/media\/134723"}],"wp:attachment":[{"href":"https:\/\/nexgendecors.com\/fr\/wp-json\/wp\/v2\/media?parent=75393"}],"wp:term":[{"taxonomy":"product_brand","embeddable":true,"href":"https:\/\/nexgendecors.com\/fr\/wp-json\/wp\/v2\/product_brand?post=75393"},{"taxonomy":"product_cat","embeddable":true,"href":"https:\/\/nexgendecors.com\/fr\/wp-json\/wp\/v2\/product_cat?post=75393"},{"taxonomy":"product_tag","embeddable":true,"href":"https:\/\/nexgendecors.com\/fr\/wp-json\/wp\/v2\/product_tag?post=75393"}],"curies":[{"name":"wp","href":"https:\/\/api.w.org\/{rel}","templated":true}]}}