{"id":76435,"date":"2025-01-26T03:31:56","date_gmt":"2025-01-26T03:31:56","guid":{"rendered":"https:\/\/nexgendecors.com\/product\/original-wood-color-childrens-table-and-chair-set-kindergarten-study-table-plastic-rectangular-home-baby-early-education-can-be-raised-and-lowered\/"},"modified":"2025-04-06T09:27:58","modified_gmt":"2025-04-06T09:27:58","slug":"original-wood-color-childrens-table-and-chair-set-kindergarten-study-table-plastic-rectangular-home-baby-early-education-can-be-raised-and-lowered","status":"publish","type":"product","link":"https:\/\/nexgendecors.com\/fr\/product\/original-wood-color-childrens-table-and-chair-set-kindergarten-study-table-plastic-rectangular-home-baby-early-education-can-be-raised-and-lowered\/","title":{"rendered":"Ensemble table et chaises r\u00e9glables en bois pour enfants"},"content":{"rendered":"<ul>\n<li>\n<strong>style<\/strong>:Korean<\/li>\n<li>\n<strong>marque<\/strong>:Zhejia<\/li>\n<li>\n<strong>Num\u00e9ro de pi\u00e8ce<\/strong>:ZY-BS2022<\/li>\n<li>\n<strong>\u00c2ge appropri\u00e9<\/strong>:2 years old 4 years old 10 years old 9 years old 6 years old 8 years old 3 years old 5 years old 7 years old<\/li>\n<li>\n<strong>Origine<\/strong>:autre<\/li>\n<li>\n<strong>Mat\u00e9riaux de structure<\/strong>:plastique<\/li>\n<li>\n<strong>Mat\u00e9riau de finition<\/strong>:autre<\/li>\n<li>\n<strong>trier par couleur<\/strong>:1 table and 4 lift chairs [Jelly Green] New color lift type 1 table and 8 chairs (log color) [Upgraded version] 1 table and 8 chairs set (log color) Lift type 8-person single table (log color) 6-person table + 6 backrest chairs (log color) 6-person table + 6 lift chairs (log color) 6-person table + 2 lift chairs (log color) 6-person table + 4 lift chairs (log color) Lift type 1 table and 8 chairs (yellow) Lift type 1 table and 8 chairs (red) Lift type 1 table and 8 chairs (green) [Upgraded version] 1 table and 8 chairs set [red] [Upgraded version] 1 table and 8 chairs set [yellow] [Upgraded version] 1 table and 8 chairs set [green] 1 table and 8 chairs set (red) 1 table and 8 chairs set (yellow) 1 table and 8 chairs set (green) Lift type 8-person table 136*66cm (red) Lift type 8-person table 136*66cm (yellow) Lift type 8-person table 136*66cm (green) 8-person table 136*66cm (red) 8-person table 136*66cm (yellow) 8-person table 136*66cm (green) Liftable 6-person table 120*60cm [single table color note] 6-person table 120*60cm [single table color note] Liftable 6-person table 1 table 6 chairs [set color note] 6-person table 1 table 6 chairs [set color note] Glossy table 120*60 (yellow) Glossy table 120*60cm (fruit green Liftable 6-person single table 120*60cm (original wood color)<\/li>\n<\/ul>\n<p><img><\/p>","protected":false},"excerpt":{"rendered":"<p>Style : cor\u00e9en Marque : Zhejia Num\u00e9ro de pi\u00e8ce : ZY-BS2022 \u00c2ge appropri\u00e9 : 2 ans 4 ans 10 ans 9 ans 6 ans<\/p>","protected":false},"featured_media":135375,"comment_status":"open","ping_status":"closed","template":"","meta":[],"product_brand":[],"product_cat":[30971,30849],"product_tag":[],"class_list":{"0":"post-76435","1":"product","2":"type-product","3":"status-publish","4":"has-post-thumbnail","6":"product_cat-hp","7":"product_cat-kindergarten-school-furniture","9":"first","10":"instock","11":"taxable","12":"shipping-taxable","13":"purchasable","14":"product-type-variable"},"_links":{"self":[{"href":"https:\/\/nexgendecors.com\/fr\/wp-json\/wp\/v2\/product\/76435","targetHints":{"allow":["GET"]}}],"collection":[{"href":"https:\/\/nexgendecors.com\/fr\/wp-json\/wp\/v2\/product"}],"about":[{"href":"https:\/\/nexgendecors.com\/fr\/wp-json\/wp\/v2\/types\/product"}],"replies":[{"embeddable":true,"href":"https:\/\/nexgendecors.com\/fr\/wp-json\/wp\/v2\/comments?post=76435"}],"version-history":[{"count":0,"href":"https:\/\/nexgendecors.com\/fr\/wp-json\/wp\/v2\/product\/76435\/revisions"}],"wp:featuredmedia":[{"embeddable":true,"href":"https:\/\/nexgendecors.com\/fr\/wp-json\/wp\/v2\/media\/135375"}],"wp:attachment":[{"href":"https:\/\/nexgendecors.com\/fr\/wp-json\/wp\/v2\/media?parent=76435"}],"wp:term":[{"taxonomy":"product_brand","embeddable":true,"href":"https:\/\/nexgendecors.com\/fr\/wp-json\/wp\/v2\/product_brand?post=76435"},{"taxonomy":"product_cat","embeddable":true,"href":"https:\/\/nexgendecors.com\/fr\/wp-json\/wp\/v2\/product_cat?post=76435"},{"taxonomy":"product_tag","embeddable":true,"href":"https:\/\/nexgendecors.com\/fr\/wp-json\/wp\/v2\/product_tag?post=76435"}],"curies":[{"name":"wp","href":"https:\/\/api.w.org\/{rel}","templated":true}]}}