{"id":76540,"date":"2025-01-26T03:32:05","date_gmt":"2025-01-26T03:32:05","guid":{"rendered":"https:\/\/nexgendecors.com\/product\/outdoor-aluminum-alloy-tables-and-chairs-leisure-courtyard-open-air-garden-stainless-steel-bench-designer-park-chair-combination-furniture-2\/"},"modified":"2025-04-06T09:28:10","modified_gmt":"2025-04-06T09:28:10","slug":"tables-et-chaises-dexterieur-en-alliage-daluminium-cour-de-loisirs-jardin-en-plein-air-banc-en-acier-inoxydable-chaise-de-parc-design-mobilier-combine-2","status":"publish","type":"product","link":"https:\/\/nexgendecors.com\/fr\/product\/tables-et-chaises-dexterieur-en-alliage-daluminium-cour-de-loisirs-jardin-en-plein-air-banc-en-acier-inoxydable-chaise-de-parc-design-mobilier-combine-2\/","title":{"rendered":"Ensemble de mobilier d&#039;ext\u00e9rieur \u00e9l\u00e9gant en alliage d&#039;aluminium pour jardins"},"content":{"rendered":"<ul>\n<li>\n<strong>Y a-t-il un espace de stockage ?<\/strong>:Non<\/li>\n<li>\n<strong>style<\/strong>:Moderne et simple<\/li>\n<li>\n<strong>Assembler<\/strong>:Oui<\/li>\n<li>\n<strong>Districts et comt\u00e9s<\/strong>:District de Chancheng<\/li>\n<li>\n<strong>La pr\u00e9vente est-elle disponible ?<\/strong>:Non<\/li>\n<li>\n<strong>Mat\u00e9riau de finition<\/strong>:Bois<\/li>\n<li>\n<strong>Est-ce rempla\u00e7able ?<\/strong>:Non<\/li>\n<li>\n<strong>Fonctionnalit\u00e9s suppl\u00e9mentaires<\/strong>:il peut bouger<\/li>\n<li>\n<strong>volume du colis<\/strong>:2<\/li>\n<li>\n<strong>Remplissage<\/strong>:\u00e9ponge<\/li>\n<li>\n<strong>Combinaison de canap\u00e9<\/strong>:En forme de U<\/li>\n<li>\n<strong>Structure du meuble<\/strong>:Cadre<\/li>\n<li>\n<strong>Mat\u00e9riau du cadre<\/strong>:M\u00e9tal<\/li>\n<li>\n<strong>trier par couleur<\/strong>:Mod\u00e8le en teck simple face 1,4 m, mod\u00e8le en teck simple face 1,8 m, mod\u00e8le en teck simple face 2,4 m, mod\u00e8le en alliage d&#039;aluminium simple face 1,4 m, mod\u00e8le en alliage d&#039;aluminium simple face 1,8 m, mod\u00e8le en alliage d&#039;aluminium simple face 2,4 m, mod\u00e8le demi-chaise 1,4 m en teck, mod\u00e8le demi-chaise 1,8 m en teck, mod\u00e8le demi-chaise 2,4 m en teck, mod\u00e8le demi-chaise 1,4 m en alliage d&#039;aluminium, mod\u00e8le demi-chaise 1,8 m en alliage d&#039;aluminium, mod\u00e8le demi-chaise 2,4 m en alliage d&#039;aluminium, mod\u00e8le double chaise 1,4 m en teck, mod\u00e8le double chaise 1,8 m en teck, chaise double 2,4 m style teck, mod\u00e8le double chaise 1,4 m en alliage d&#039;aluminium, mod\u00e8le double chaise 1,8 m en alliage d&#039;aluminium, mod\u00e8le double chaise 2,4 m en alliage d&#039;aluminium, tente chaise double 1,4 m, tente chaise double 1,8 m, tente chaise double 2,4 m, tente chaise double 1.4, tente chaise double 1.8, tente chaise double 2.4<\/li>\n<li>\n<strong>Poids brut<\/strong>:50<\/li>\n<li>\n<strong>marque<\/strong>:autre\/autre<\/li>\n<li>\n<strong>mod\u00e8le<\/strong>:OPR-5817<\/li>\n<li>\n<strong>\u00e9l\u00e9ments populaires<\/strong>:\u00c9pissage<\/li>\n<li>\n<strong>Duret\u00e9 du remplissage<\/strong>:dur<\/li>\n<li>\n<strong>Technologie structurelle<\/strong>:Travail des m\u00e9taux<\/li>\n<li>\n<strong>Technologie de finition<\/strong>:aucun<\/li>\n<li>\n<strong>Mat\u00e9riau m\u00e9tallique<\/strong>:Alliage d&#039;aluminium<\/li>\n<li>\n<strong>Est-ce personnalisable ?<\/strong>:Oui<\/li>\n<li>\n<strong>Technologie des structures en bois<\/strong>:Puzzle<\/li>\n<li>\n<strong>Mat\u00e9riau en rotin<\/strong>:autre<\/li>\n<li>\n<strong>Technologie des structures m\u00e9talliques<\/strong>:soudage<\/li>\n<li>\n<strong>Est-il amovible et lavable ?<\/strong>:Non<\/li>\n<li>\n<strong>Instructions d&#039;installation d\u00e9taill\u00e9es<\/strong>:Aucune instruction d&#039;installation<\/li>\n<li>\n<strong>Artisanat en structure de bambou et de rotin<\/strong>:autre<\/li>\n<li>\n<strong>Nombre de personnes applicable<\/strong>:autre<\/li>\n<li>\n<strong>mod\u00e8le<\/strong>:Art<\/li>\n<li>\n<strong>Un taxi est-il disponible pour le transport ?<\/strong>:Non<\/li>\n<li>\n<strong>Livraison\/installation disponible<\/strong>:Ville de Foshan<\/li>\n<li>\n<strong>Mat\u00e9riau en bois<\/strong>:Teck<\/li>\n<\/ul>\n<p><img><\/p>","protected":false},"excerpt":{"rendered":"<p>Y a-t-il un espace de rangement\u00a0? : non Style\u00a0: moderne et simple Assemblage\u00a0: oui Districts et comt\u00e9s\u00a0: district de Chancheng La pr\u00e9vente est-elle disponible\u00a0? : non Mat\u00e9riau de finition\u00a0: bois Est-il rempla\u00e7able\u00a0? : non<\/p>","protected":false},"featured_media":135448,"comment_status":"open","ping_status":"closed","template":"","meta":[],"product_brand":[],"product_cat":[30971,30856,30853,30866],"product_tag":[],"class_list":{"0":"post-76540","1":"product","2":"type-product","3":"status-publish","4":"has-post-thumbnail","6":"product_cat-hp","7":"product_cat-outdoor-furniture","8":"product_cat-new-wholesale-public-projects","9":"product_cat-wholesales-university-high-schools","11":"first","12":"instock","13":"taxable","14":"shipping-taxable","15":"purchasable","16":"product-type-variable"},"_links":{"self":[{"href":"https:\/\/nexgendecors.com\/fr\/wp-json\/wp\/v2\/product\/76540","targetHints":{"allow":["GET"]}}],"collection":[{"href":"https:\/\/nexgendecors.com\/fr\/wp-json\/wp\/v2\/product"}],"about":[{"href":"https:\/\/nexgendecors.com\/fr\/wp-json\/wp\/v2\/types\/product"}],"replies":[{"embeddable":true,"href":"https:\/\/nexgendecors.com\/fr\/wp-json\/wp\/v2\/comments?post=76540"}],"version-history":[{"count":0,"href":"https:\/\/nexgendecors.com\/fr\/wp-json\/wp\/v2\/product\/76540\/revisions"}],"wp:featuredmedia":[{"embeddable":true,"href":"https:\/\/nexgendecors.com\/fr\/wp-json\/wp\/v2\/media\/135448"}],"wp:attachment":[{"href":"https:\/\/nexgendecors.com\/fr\/wp-json\/wp\/v2\/media?parent=76540"}],"wp:term":[{"taxonomy":"product_brand","embeddable":true,"href":"https:\/\/nexgendecors.com\/fr\/wp-json\/wp\/v2\/product_brand?post=76540"},{"taxonomy":"product_cat","embeddable":true,"href":"https:\/\/nexgendecors.com\/fr\/wp-json\/wp\/v2\/product_cat?post=76540"},{"taxonomy":"product_tag","embeddable":true,"href":"https:\/\/nexgendecors.com\/fr\/wp-json\/wp\/v2\/product_tag?post=76540"}],"curies":[{"name":"wp","href":"https:\/\/api.w.org\/{rel}","templated":true}]}}