{"id":76579,"date":"2025-01-26T03:32:11","date_gmt":"2025-01-26T03:32:11","guid":{"rendered":"https:\/\/nexgendecors.com\/product\/outdoor-bar-chair-leisure-bar-high-stool-balcony-outdoor-rattan-chair-open-air-restaurant-cafe-net-red-bar-chair\/"},"modified":"2025-04-06T09:28:16","modified_gmt":"2025-04-06T09:28:16","slug":"outdoor-bar-chair-leisure-bar-high-stool-balcony-outdoor-rattan-chair-open-air-restaurant-cafe-net-red-bar-chair","status":"publish","type":"product","link":"https:\/\/nexgendecors.com\/fr\/product\/outdoor-bar-chair-leisure-bar-high-stool-balcony-outdoor-rattan-chair-open-air-restaurant-cafe-net-red-bar-chair\/","title":{"rendered":"Tabouret de bar d&#039;ext\u00e9rieur \u00e9l\u00e9gant en rotin pour caf\u00e9s et balcons"},"content":{"rendered":"<ul>\n<li>\n<strong>marque<\/strong>:COCOKUN HOME<\/li>\n<li>\n<strong>mod\u00e8le<\/strong>:CO302<\/li>\n<li>\n<strong>style<\/strong>:Asie du Sud-Est<\/li>\n<li>\n<strong>Est-ce personnalisable ?<\/strong>:Oui<\/li>\n<li>\n<strong>Est-ce rotatif ?<\/strong>:Non<\/li>\n<li>\n<strong>Peut-il \u00eatre \u00e9lev\u00e9 ou abaiss\u00e9 ?<\/strong>:Non<\/li>\n<li>\n<strong>Taille du paquet<\/strong>:56*52*82<\/li>\n<li>\n<strong>Poids du colis<\/strong>:9.5KG<\/li>\n<li>\n<strong>Normes environnementales<\/strong>:Autre<\/li>\n<li>\n<strong>trier par couleur<\/strong>:Black,Orange<\/li>\n<li>\n<strong><\/strong>:<\/li>\n<\/ul>\n<p><img><\/p>","protected":false},"excerpt":{"rendered":"<p>Marque : COCOKUN HOME Mod\u00e8le : CO302 Style : Asie du Sud-Est Est-il personnalisable ? : oui Est-il rotatif ? : non Peut-il \u00eatre relev\u00e9 ou abaiss\u00e9 ? : non Taille du paquet : 56*52*82 Paquet<\/p>","protected":false},"featured_media":135466,"comment_status":"open","ping_status":"closed","template":"","meta":[],"product_brand":[],"product_cat":[30855,30862,30971,30856,30860],"product_tag":[],"class_list":{"0":"post-76579","1":"product","2":"type-product","3":"status-publish","4":"has-post-thumbnail","6":"product_cat-wholesale-chairs","7":"product_cat-wholesales-hotels","8":"product_cat-hp","9":"product_cat-outdoor-furniture","10":"product_cat-wholesale-restaurant","12":"first","13":"instock","14":"sale","15":"taxable","16":"shipping-taxable","17":"purchasable","18":"product-type-variable"},"_links":{"self":[{"href":"https:\/\/nexgendecors.com\/fr\/wp-json\/wp\/v2\/product\/76579","targetHints":{"allow":["GET"]}}],"collection":[{"href":"https:\/\/nexgendecors.com\/fr\/wp-json\/wp\/v2\/product"}],"about":[{"href":"https:\/\/nexgendecors.com\/fr\/wp-json\/wp\/v2\/types\/product"}],"replies":[{"embeddable":true,"href":"https:\/\/nexgendecors.com\/fr\/wp-json\/wp\/v2\/comments?post=76579"}],"version-history":[{"count":0,"href":"https:\/\/nexgendecors.com\/fr\/wp-json\/wp\/v2\/product\/76579\/revisions"}],"wp:featuredmedia":[{"embeddable":true,"href":"https:\/\/nexgendecors.com\/fr\/wp-json\/wp\/v2\/media\/135466"}],"wp:attachment":[{"href":"https:\/\/nexgendecors.com\/fr\/wp-json\/wp\/v2\/media?parent=76579"}],"wp:term":[{"taxonomy":"product_brand","embeddable":true,"href":"https:\/\/nexgendecors.com\/fr\/wp-json\/wp\/v2\/product_brand?post=76579"},{"taxonomy":"product_cat","embeddable":true,"href":"https:\/\/nexgendecors.com\/fr\/wp-json\/wp\/v2\/product_cat?post=76579"},{"taxonomy":"product_tag","embeddable":true,"href":"https:\/\/nexgendecors.com\/fr\/wp-json\/wp\/v2\/product_tag?post=76579"}],"curies":[{"name":"wp","href":"https:\/\/api.w.org\/{rel}","templated":true}]}}