{"id":76617,"date":"2025-01-26T03:32:17","date_gmt":"2025-01-26T03:32:17","guid":{"rendered":"https:\/\/nexgendecors.com\/product\/outdoor-furniture-nordic-terrace-model-house-courtyard-waterproof-sunscreen-leisure-balcony-light-luxury-outdoor-aluminum-alloy-sofa\/"},"modified":"2025-04-06T09:28:27","modified_gmt":"2025-04-06T09:28:27","slug":"outdoor-furniture-nordic-terrace-model-house-courtyard-waterproof-sunscreen-leisure-balcony-light-luxury-outdoor-aluminum-alloy-sofa","status":"publish","type":"product","link":"https:\/\/nexgendecors.com\/fr\/product\/outdoor-furniture-nordic-terrace-model-house-courtyard-waterproof-sunscreen-leisure-balcony-light-luxury-outdoor-aluminum-alloy-sofa\/","title":{"rendered":"Canap\u00e9 d&#039;ext\u00e9rieur nordique en aluminium \u2013 Imperm\u00e9able et \u00e9l\u00e9gant"},"content":{"rendered":"<ul>\n<li>\n<strong>marque<\/strong>:autre\/autre<\/li>\n<li>\n<strong>mod\u00e8le<\/strong>:DKXP16<\/li>\n<li>\n<strong>Mat\u00e9riel<\/strong>:rotin<\/li>\n<li>\n<strong>mod\u00e8le<\/strong>:abstrait<\/li>\n<li>\n<strong>style<\/strong>:Europe du Nord<\/li>\n<li>\n<strong>Nombre de personnes applicable<\/strong>:autre<\/li>\n<li>\n<strong>trier par couleur<\/strong>:Single seat [aluminum alloy frame imitation wood grain paint], 1 single sofa + 1 footrest, double seat [aluminum alloy frame imitation wood grain paint], three-person seat [aluminum alloy frame imitation wood grain paint], lying bed [aluminum alloy frame imitation wood grain paint], footrest [aluminum alloy frame imitation wood grain paint], double bed [aluminum alloy frame imitation wood grain paint], square coffee table, long coffee table, 1 three-person sofa + 2 single sofas, single seat [aluminum alloy frame], 1 single sofa + 1 footrest [aluminum alloy frame], double seat [aluminum alloy frame], three-person seat [aluminum alloy frame], lying bed [aluminum alloy frame], footrest [aluminum alloy frame], double bed [aluminum alloy frame], square coffee table [aluminum alloy frame], long coffee table [aluminum alloy frame], customized special shooting<\/li>\n<li>\n<strong>Poids brut<\/strong>:0.5<\/li>\n<li>\n<strong>Mat\u00e9riau de finition<\/strong>:autre<\/li>\n<li>\n<strong>Remplissage<\/strong>:\u00e9ponge<\/li>\n<li>\n<strong>Technologie de finition<\/strong>:Artisanat en bambou et rotin<\/li>\n<li>\n<strong>Proc\u00e9d\u00e9 de finition du bambou et du rotin<\/strong>:Surface preparation<\/li>\n<li>\n<strong>Est-ce personnalisable ?<\/strong>:Oui<\/li>\n<li>\n<strong>Combinaison de canap\u00e9<\/strong>:Forme en L<\/li>\n<li>\n<strong>Est-il amovible et lavable ?<\/strong>:Non<\/li>\n<li>\n<strong>Fonctionnalit\u00e9s suppl\u00e9mentaires<\/strong>:il peut bouger<\/li>\n<li>\n<strong>Appropri\u00e9<\/strong>:Adultes<\/li>\n<li>\n<strong>Y a-t-il un espace de stockage ?<\/strong>:Non<\/li>\n<li>\n<strong>Mat\u00e9riau en rotin<\/strong>:plastique<\/li>\n<li>\n<strong>Artisanat en structure de bambou et de rotin<\/strong>:Emballage<\/li>\n<li>\n<strong>Assembler<\/strong>:Non<\/li>\n<li>\n<strong>volume du colis<\/strong>:1<\/li>\n<li>\n<strong>Pour les gens<\/strong>:adulte<\/li>\n<li>\n<strong>Un taxi est-il disponible pour le transport ?<\/strong>:Non<\/li>\n<li>\n<strong>Positionnement de style<\/strong>:\u00c9conomique<\/li>\n<li>\n<strong>Instructions d&#039;installation d\u00e9taill\u00e9es<\/strong>:Aucune instruction d&#039;installation<\/li>\n<li>\n<strong><\/strong>:<\/li>\n<\/ul>","protected":false},"excerpt":{"rendered":"<p>Marque : autre\/autre Mod\u00e8le : DKXP16 Mat\u00e9riau : rotin Motif : abstrait Style : Europe du Nord Nombre de personnes applicable : autre Trier par couleur : Si\u00e8ge simple [cadre en alliage d&#039;aluminium imitation grain de bois]<\/p>","protected":false},"featured_media":135497,"comment_status":"open","ping_status":"closed","template":"","meta":[],"product_brand":[],"product_cat":[30971,30850],"product_tag":[15654],"class_list":{"0":"post-76617","1":"product","2":"type-product","3":"status-publish","4":"has-post-thumbnail","6":"product_cat-hp","7":"product_cat-wholesale-furniture","8":"product_tag-taobao","10":"first","11":"instock","12":"sale","13":"taxable","14":"shipping-taxable","15":"purchasable","16":"product-type-variable"},"_links":{"self":[{"href":"https:\/\/nexgendecors.com\/fr\/wp-json\/wp\/v2\/product\/76617","targetHints":{"allow":["GET"]}}],"collection":[{"href":"https:\/\/nexgendecors.com\/fr\/wp-json\/wp\/v2\/product"}],"about":[{"href":"https:\/\/nexgendecors.com\/fr\/wp-json\/wp\/v2\/types\/product"}],"replies":[{"embeddable":true,"href":"https:\/\/nexgendecors.com\/fr\/wp-json\/wp\/v2\/comments?post=76617"}],"version-history":[{"count":0,"href":"https:\/\/nexgendecors.com\/fr\/wp-json\/wp\/v2\/product\/76617\/revisions"}],"wp:featuredmedia":[{"embeddable":true,"href":"https:\/\/nexgendecors.com\/fr\/wp-json\/wp\/v2\/media\/135497"}],"wp:attachment":[{"href":"https:\/\/nexgendecors.com\/fr\/wp-json\/wp\/v2\/media?parent=76617"}],"wp:term":[{"taxonomy":"product_brand","embeddable":true,"href":"https:\/\/nexgendecors.com\/fr\/wp-json\/wp\/v2\/product_brand?post=76617"},{"taxonomy":"product_cat","embeddable":true,"href":"https:\/\/nexgendecors.com\/fr\/wp-json\/wp\/v2\/product_cat?post=76617"},{"taxonomy":"product_tag","embeddable":true,"href":"https:\/\/nexgendecors.com\/fr\/wp-json\/wp\/v2\/product_tag?post=76617"}],"curies":[{"name":"wp","href":"https:\/\/api.w.org\/{rel}","templated":true}]}}