{"id":76692,"date":"2025-01-26T03:32:30","date_gmt":"2025-01-26T03:32:30","guid":{"rendered":"https:\/\/nexgendecors.com\/product\/outdoor-park-bench-bench-seat-stainless-steel-long-bench-landscape-chair-outdoor-courtyard-open-air-long-chair-2\/"},"modified":"2025-04-06T09:28:44","modified_gmt":"2025-04-06T09:28:44","slug":"outdoor-park-bench-bench-seat-stainless-steel-long-bench-landscape-chair-outdoor-courtyard-open-air-long-chair-2","status":"publish","type":"product","link":"https:\/\/nexgendecors.com\/fr\/product\/outdoor-park-bench-bench-seat-stainless-steel-long-bench-landscape-chair-outdoor-courtyard-open-air-long-chair-2\/","title":{"rendered":"Banc de parc ext\u00e9rieur en acier inoxydable \u2013 Si\u00e8ge long pour paysage"},"content":{"rendered":"<ul>\n<li>\n<strong>marque<\/strong>:autre\/autre<\/li>\n<li>\n<strong>mod\u00e8le<\/strong>:YG-023<\/li>\n<li>\n<strong>\u00e9l\u00e9ments populaires<\/strong>:Master design, special shape, metal, carving<\/li>\n<li>\n<strong>style<\/strong>:Simple et moderne<\/li>\n<li>\n<strong>ville<\/strong>:Wuhan<\/li>\n<li>\n<strong>Districts et comt\u00e9s<\/strong>:District de Dongxihu<\/li>\n<li>\n<strong>Fonctionnalit\u00e9s suppl\u00e9mentaires<\/strong>:il peut bouger<\/li>\n<li>\n<strong>Est-ce personnalisable ?<\/strong>:Oui<\/li>\n<li>\n<strong>Mat\u00e9riau du si\u00e8ge<\/strong>:Acier inoxydable<\/li>\n<li>\n<strong>Instructions d&#039;installation d\u00e9taill\u00e9es<\/strong>:Fournir des outils d&#039;installation simples<\/li>\n<li>\n<strong>Structure du meuble<\/strong>:Cadre<\/li>\n<li>\n<strong>Origine<\/strong>:Province du Hubei<\/li>\n<li>\n<strong>mod\u00e8le<\/strong>:Art<\/li>\n<li>\n<strong>Un taxi est-il disponible pour le transport ?<\/strong>:Non<\/li>\n<li>\n<strong>Positionnement de style<\/strong>:\u00c9conomique<\/li>\n<li>\n<strong>trier par couleur<\/strong>:201 iron art + paint without armrests 150*45*78, 201 iron art + paint without armrests 180*45*78, 201 iron art + paint armrest backrest 150*45*78, 201 iron art + paint armrest backrest 180*45*78, 201 iron art + paint armrest backrest 200*45*78, galvanized steel plate + paint without armrests 150*45*78, galvanized steel plate + paint without armrests 180*45*78, galvanized steel plate + paint armrest backrest 150*45*78, galvanized steel plate + paint armrest backrest 180*45*78, support customization (contact customer service remarks)<\/li>\n<\/ul>\n<p><img><\/p>","protected":false},"excerpt":{"rendered":"<p>Marque : autre\/autre Mod\u00e8le : YG-023 \u00c9l\u00e9ments populaires : Conception principale, forme sp\u00e9ciale, m\u00e9tal, sculpture Style : Simple et moderne Ville : Wuhan Districts et comt\u00e9s : District de Dongxihu Caract\u00e9ristiques suppl\u00e9mentaires : il peut<\/p>","protected":false},"featured_media":135579,"comment_status":"open","ping_status":"closed","template":"","meta":[],"product_brand":[],"product_cat":[30971,30853],"product_tag":[],"class_list":{"0":"post-76692","1":"product","2":"type-product","3":"status-publish","4":"has-post-thumbnail","6":"product_cat-hp","7":"product_cat-new-wholesale-public-projects","9":"first","10":"instock","11":"taxable","12":"shipping-taxable","13":"purchasable","14":"product-type-variable"},"_links":{"self":[{"href":"https:\/\/nexgendecors.com\/fr\/wp-json\/wp\/v2\/product\/76692","targetHints":{"allow":["GET"]}}],"collection":[{"href":"https:\/\/nexgendecors.com\/fr\/wp-json\/wp\/v2\/product"}],"about":[{"href":"https:\/\/nexgendecors.com\/fr\/wp-json\/wp\/v2\/types\/product"}],"replies":[{"embeddable":true,"href":"https:\/\/nexgendecors.com\/fr\/wp-json\/wp\/v2\/comments?post=76692"}],"version-history":[{"count":0,"href":"https:\/\/nexgendecors.com\/fr\/wp-json\/wp\/v2\/product\/76692\/revisions"}],"wp:featuredmedia":[{"embeddable":true,"href":"https:\/\/nexgendecors.com\/fr\/wp-json\/wp\/v2\/media\/135579"}],"wp:attachment":[{"href":"https:\/\/nexgendecors.com\/fr\/wp-json\/wp\/v2\/media?parent=76692"}],"wp:term":[{"taxonomy":"product_brand","embeddable":true,"href":"https:\/\/nexgendecors.com\/fr\/wp-json\/wp\/v2\/product_brand?post=76692"},{"taxonomy":"product_cat","embeddable":true,"href":"https:\/\/nexgendecors.com\/fr\/wp-json\/wp\/v2\/product_cat?post=76692"},{"taxonomy":"product_tag","embeddable":true,"href":"https:\/\/nexgendecors.com\/fr\/wp-json\/wp\/v2\/product_tag?post=76692"}],"curies":[{"name":"wp","href":"https:\/\/api.w.org\/{rel}","templated":true}]}}