{"id":76703,"date":"2025-01-26T03:32:31","date_gmt":"2025-01-26T03:32:31","guid":{"rendered":"https:\/\/nexgendecors.com\/product\/outdoor-park-chair-backrest-bench-community-garden-solid-wood-long-bench-outdoor-iron-stainless-steel-backrest-chair-2\/"},"modified":"2025-04-06T09:28:47","modified_gmt":"2025-04-06T09:28:47","slug":"outdoor-park-chair-backrest-bench-community-garden-solid-wood-long-bench-outdoor-iron-stainless-steel-backrest-chair-2","status":"publish","type":"product","link":"https:\/\/nexgendecors.com\/fr\/product\/outdoor-park-chair-backrest-bench-community-garden-solid-wood-long-bench-outdoor-iron-stainless-steel-backrest-chair-2\/","title":{"rendered":"Banc d&#039;ext\u00e9rieur en bois massif avec dossier en fer"},"content":{"rendered":"<ul>\n<li>\n<strong>marque<\/strong>:Teng Piao<\/li>\n<li>\n<strong>mod\u00e8le<\/strong>:TX-GYY026<\/li>\n<li>\n<strong>style<\/strong>:Simple et moderne<\/li>\n<li>\n<strong>ville<\/strong>:Guangzhou City<\/li>\n<li>\n<strong>Districts et comt\u00e9s<\/strong>:Panyu District<\/li>\n<li>\n<strong>Fonctionnalit\u00e9s suppl\u00e9mentaires<\/strong>:il peut bouger<\/li>\n<li>\n<strong>volume du colis<\/strong>:0.8<\/li>\n<li>\n<strong>Est-ce personnalisable ?<\/strong>:Oui<\/li>\n<li>\n<strong>Mat\u00e9riau du si\u00e8ge<\/strong>:Bois massif<\/li>\n<li>\n<strong>Structure du meuble<\/strong>:Cadre<\/li>\n<li>\n<strong>Un taxi est-il disponible pour le transport ?<\/strong>:Non<\/li>\n<li>\n<strong>Positionnement de style<\/strong>:\u00c9conomique<\/li>\n<li>\n<strong>trier par couleur<\/strong>:Iron art paint + anti-corrosion begonia wood, iron art paint + anti-corrosion pine wood, iron art paint + pineapple, iron art paint + anti-corrosion pine wood model 2, iron art paint + plastic wood model 2, iron art paint + anti-corrosion begonia wood model 3, iron art paint + anti-corrosion begonia wood model 4<\/li>\n<\/ul>\n<p><img><\/p>","protected":false},"excerpt":{"rendered":"<p>Marque : Teng Piao Mod\u00e8le : TX-GYY026 Style : Simple et moderne Ville : Guangzhou Districts et comt\u00e9s : District de Panyu Caract\u00e9ristiques suppl\u00e9mentaires : Il peut d\u00e9placer le volume du colis : 0,8 Est-ce que c&#039;est<\/p>","protected":false},"featured_media":135594,"comment_status":"open","ping_status":"closed","template":"","meta":[],"product_brand":[],"product_cat":[30971,30853],"product_tag":[],"class_list":{"0":"post-76703","1":"product","2":"type-product","3":"status-publish","4":"has-post-thumbnail","6":"product_cat-hp","7":"product_cat-new-wholesale-public-projects","9":"first","10":"instock","11":"taxable","12":"shipping-taxable","13":"purchasable","14":"product-type-variable"},"_links":{"self":[{"href":"https:\/\/nexgendecors.com\/fr\/wp-json\/wp\/v2\/product\/76703","targetHints":{"allow":["GET"]}}],"collection":[{"href":"https:\/\/nexgendecors.com\/fr\/wp-json\/wp\/v2\/product"}],"about":[{"href":"https:\/\/nexgendecors.com\/fr\/wp-json\/wp\/v2\/types\/product"}],"replies":[{"embeddable":true,"href":"https:\/\/nexgendecors.com\/fr\/wp-json\/wp\/v2\/comments?post=76703"}],"version-history":[{"count":0,"href":"https:\/\/nexgendecors.com\/fr\/wp-json\/wp\/v2\/product\/76703\/revisions"}],"wp:featuredmedia":[{"embeddable":true,"href":"https:\/\/nexgendecors.com\/fr\/wp-json\/wp\/v2\/media\/135594"}],"wp:attachment":[{"href":"https:\/\/nexgendecors.com\/fr\/wp-json\/wp\/v2\/media?parent=76703"}],"wp:term":[{"taxonomy":"product_brand","embeddable":true,"href":"https:\/\/nexgendecors.com\/fr\/wp-json\/wp\/v2\/product_brand?post=76703"},{"taxonomy":"product_cat","embeddable":true,"href":"https:\/\/nexgendecors.com\/fr\/wp-json\/wp\/v2\/product_cat?post=76703"},{"taxonomy":"product_tag","embeddable":true,"href":"https:\/\/nexgendecors.com\/fr\/wp-json\/wp\/v2\/product_tag?post=76703"}],"curies":[{"name":"wp","href":"https:\/\/api.w.org\/{rel}","templated":true}]}}