{"id":76827,"date":"2025-01-26T03:32:56","date_gmt":"2025-01-26T03:32:56","guid":{"rendered":"https:\/\/nexgendecors.com\/product\/outdoor-rattan-sofa-chair-coffee-table-parasol-waterproof-sunscreen-single-chair-leisure-nordic-style-outdoor-courtyard-homestay\/"},"modified":"2025-04-06T09:29:46","modified_gmt":"2025-04-06T09:29:46","slug":"outdoor-rattan-sofa-chair-coffee-table-parasol-waterproof-sunscreen-single-chair-leisure-nordic-style-outdoor-courtyard-homestay","status":"publish","type":"product","link":"https:\/\/nexgendecors.com\/fr\/product\/outdoor-rattan-sofa-chair-coffee-table-parasol-waterproof-sunscreen-single-chair-leisure-nordic-style-outdoor-courtyard-homestay\/","title":{"rendered":"Ensemble canap\u00e9-chaise et table basse d&#039;ext\u00e9rieur en rotin nordique"},"content":{"rendered":"<ul>\n<li>\n<strong>marque<\/strong>:autre\/autre<\/li>\n<li>\n<strong>mod\u00e8le<\/strong>:0212<\/li>\n<li>\n<strong>Mat\u00e9riel<\/strong>:rotin<\/li>\n<li>\n<strong>style<\/strong>:Simple et moderne<\/li>\n<li>\n<strong>Nombre de personnes applicable<\/strong>:individuel<\/li>\n<li>\n<strong>trier par couleur<\/strong>:Single sofa, Single sofa without armrests, Round table, 2.5m umbrella, 3m umbrella, Roman umbrella, 2.5m umbrella with 30kg base, [Combination 1], Round table 60*60*60cm Rock board tabletop base champagne color, Round table 60*60*60cm All-aluminum alloy champagne color<\/li>\n<li>\n<strong>Est-ce personnalisable ?<\/strong>:Oui<\/li>\n<li>\n<strong>Combinaison de canap\u00e9<\/strong>:Forme en L<\/li>\n<li>\n<strong>Appropri\u00e9<\/strong>:G\u00e9n\u00e9ral<\/li>\n<li>\n<strong>Y a-t-il un espace de stockage ?<\/strong>:Oui<\/li>\n<li>\n<strong>Mat\u00e9riau en rotin<\/strong>:plastique<\/li>\n<li>\n<strong>Districts et comt\u00e9s<\/strong>:District de Chancheng<\/li>\n<li>\n<strong>Assembler<\/strong>:Non<\/li>\n<li>\n<strong>Un taxi est-il disponible pour le transport ?<\/strong>:Non<\/li>\n<li>\n<strong>Instructions d&#039;installation d\u00e9taill\u00e9es<\/strong>:Aucune instruction d&#039;installation<\/li>\n<li>\n<strong><\/strong>:<\/li>\n<\/ul>","protected":false},"excerpt":{"rendered":"<p>Marque : autre\/autre Mod\u00e8le : 0212 Mat\u00e9riau : rotin Style : simple et moderne Nombre de personnes applicable : individuel Trier par couleur : canap\u00e9 simple, canap\u00e9 simple sans accoudoirs, table ronde,<\/p>","protected":false},"featured_media":135686,"comment_status":"open","ping_status":"closed","template":"","meta":[],"product_brand":[],"product_cat":[30971,30850],"product_tag":[15654],"class_list":{"0":"post-76827","1":"product","2":"type-product","3":"status-publish","4":"has-post-thumbnail","6":"product_cat-hp","7":"product_cat-wholesale-furniture","8":"product_tag-taobao","10":"first","11":"instock","12":"sale","13":"taxable","14":"shipping-taxable","15":"purchasable","16":"product-type-variable"},"_links":{"self":[{"href":"https:\/\/nexgendecors.com\/fr\/wp-json\/wp\/v2\/product\/76827","targetHints":{"allow":["GET"]}}],"collection":[{"href":"https:\/\/nexgendecors.com\/fr\/wp-json\/wp\/v2\/product"}],"about":[{"href":"https:\/\/nexgendecors.com\/fr\/wp-json\/wp\/v2\/types\/product"}],"replies":[{"embeddable":true,"href":"https:\/\/nexgendecors.com\/fr\/wp-json\/wp\/v2\/comments?post=76827"}],"version-history":[{"count":0,"href":"https:\/\/nexgendecors.com\/fr\/wp-json\/wp\/v2\/product\/76827\/revisions"}],"wp:featuredmedia":[{"embeddable":true,"href":"https:\/\/nexgendecors.com\/fr\/wp-json\/wp\/v2\/media\/135686"}],"wp:attachment":[{"href":"https:\/\/nexgendecors.com\/fr\/wp-json\/wp\/v2\/media?parent=76827"}],"wp:term":[{"taxonomy":"product_brand","embeddable":true,"href":"https:\/\/nexgendecors.com\/fr\/wp-json\/wp\/v2\/product_brand?post=76827"},{"taxonomy":"product_cat","embeddable":true,"href":"https:\/\/nexgendecors.com\/fr\/wp-json\/wp\/v2\/product_cat?post=76827"},{"taxonomy":"product_tag","embeddable":true,"href":"https:\/\/nexgendecors.com\/fr\/wp-json\/wp\/v2\/product_tag?post=76827"}],"curies":[{"name":"wp","href":"https:\/\/api.w.org\/{rel}","templated":true}]}}