{"id":76901,"date":"2025-01-26T03:33:07","date_gmt":"2025-01-26T03:33:07","guid":{"rendered":"https:\/\/nexgendecors.com\/product\/outdoor-rattan-sofa-courtyard-leisure-outdoor-balcony-rattan-chair-sunscreen-waterproof-homestay-sun-room-combination-furniture\/"},"modified":"2025-04-06T09:29:55","modified_gmt":"2025-04-06T09:29:55","slug":"outdoor-rattan-sofa-courtyard-leisure-outdoor-balcony-rattan-chair-sunscreen-waterproof-homestay-sun-room-combination-furniture","status":"publish","type":"product","link":"https:\/\/nexgendecors.com\/fr\/product\/outdoor-rattan-sofa-courtyard-leisure-outdoor-balcony-rattan-chair-sunscreen-waterproof-homestay-sun-room-combination-furniture\/","title":{"rendered":"Ensemble de canap\u00e9s \u00e9l\u00e9gants en rotin imperm\u00e9able pour la d\u00e9tente en plein air"},"content":{"rendered":"<ul>\n<li>\n<strong>marque<\/strong>:autre\/autre<\/li>\n<li>\n<strong>mod\u00e8le<\/strong>:10265<\/li>\n<li>\n<strong>Mat\u00e9riel<\/strong>:rotin<\/li>\n<li>\n<strong>style<\/strong>:Europe du Nord<\/li>\n<li>\n<strong>Nombre de personnes applicable<\/strong>:combinaison<\/li>\n<li>\n<strong>trier par couleur<\/strong>:Single sofa A (high-density sponge), single sofa A (quick-drying cotton), single sofa B (high-density sponge), single sofa B (quick-drying cotton), double sofa (high-density sponge), double sofa (quick-drying cotton), three-person sofa (high-density sponge), three-person sofa (quick-drying cotton), combination (single chair + double + two tea tables) (high-density sponge), combination (single chair + double + two tea tables) (quick-drying cotton), two single sofas + three people + tea table (high-density sponge), two single sofas + three people + tea table (quick-drying cotton), large tea table, small tea table, medium tea table, round tea table<\/li>\n<li>\n<strong>Remplissage<\/strong>:\u00e9ponge<\/li>\n<li>\n<strong>Est-ce personnalisable ?<\/strong>:Oui<\/li>\n<li>\n<strong>Est-il amovible et lavable ?<\/strong>:Oui<\/li>\n<li>\n<strong>Appropri\u00e9<\/strong>:Adultes<\/li>\n<li>\n<strong>Districts et comt\u00e9s<\/strong>:District de Chancheng<\/li>\n<li>\n<strong>Assembler<\/strong>:Non<\/li>\n<li>\n<strong>Pour les gens<\/strong>:adulte<\/li>\n<li>\n<strong><\/strong>:<\/li>\n<\/ul>\n<p><img><\/p>","protected":false},"excerpt":{"rendered":"<p>Marque : autre\/autre Mod\u00e8le : 10265 Mat\u00e9riau : rotin Style : Europe du Nord Nombre de personnes applicable : combinaison Trier par couleur : Canap\u00e9 simple A (\u00e9ponge haute densit\u00e9), canap\u00e9 simple A (s\u00e9chage rapide)<\/p>","protected":false},"featured_media":135743,"comment_status":"open","ping_status":"closed","template":"","meta":[],"product_brand":[],"product_cat":[30862,30971,30856,30860],"product_tag":[],"class_list":{"0":"post-76901","1":"product","2":"type-product","3":"status-publish","4":"has-post-thumbnail","6":"product_cat-wholesales-hotels","7":"product_cat-hp","8":"product_cat-outdoor-furniture","9":"product_cat-wholesale-restaurant","11":"first","12":"instock","13":"sale","14":"taxable","15":"shipping-taxable","16":"purchasable","17":"product-type-variable"},"_links":{"self":[{"href":"https:\/\/nexgendecors.com\/fr\/wp-json\/wp\/v2\/product\/76901","targetHints":{"allow":["GET"]}}],"collection":[{"href":"https:\/\/nexgendecors.com\/fr\/wp-json\/wp\/v2\/product"}],"about":[{"href":"https:\/\/nexgendecors.com\/fr\/wp-json\/wp\/v2\/types\/product"}],"replies":[{"embeddable":true,"href":"https:\/\/nexgendecors.com\/fr\/wp-json\/wp\/v2\/comments?post=76901"}],"version-history":[{"count":0,"href":"https:\/\/nexgendecors.com\/fr\/wp-json\/wp\/v2\/product\/76901\/revisions"}],"wp:featuredmedia":[{"embeddable":true,"href":"https:\/\/nexgendecors.com\/fr\/wp-json\/wp\/v2\/media\/135743"}],"wp:attachment":[{"href":"https:\/\/nexgendecors.com\/fr\/wp-json\/wp\/v2\/media?parent=76901"}],"wp:term":[{"taxonomy":"product_brand","embeddable":true,"href":"https:\/\/nexgendecors.com\/fr\/wp-json\/wp\/v2\/product_brand?post=76901"},{"taxonomy":"product_cat","embeddable":true,"href":"https:\/\/nexgendecors.com\/fr\/wp-json\/wp\/v2\/product_cat?post=76901"},{"taxonomy":"product_tag","embeddable":true,"href":"https:\/\/nexgendecors.com\/fr\/wp-json\/wp\/v2\/product_tag?post=76901"}],"curies":[{"name":"wp","href":"https:\/\/api.w.org\/{rel}","templated":true}]}}