{"id":77054,"date":"2025-01-26T03:33:27","date_gmt":"2025-01-26T03:33:27","guid":{"rendered":"https:\/\/nexgendecors.com\/product\/outdoor-sofa-combination-courtyard-outdoor-terrace-garden-sun-room-sunscreen-waterproof-furniture-aluminum-alloy-leisure-nordic\/"},"modified":"2025-03-07T13:36:16","modified_gmt":"2025-03-07T13:36:16","slug":"outdoor-sofa-combination-courtyard-outdoor-terrace-garden-sun-room-sunscreen-waterproof-furniture-aluminum-alloy-leisure-nordic","status":"publish","type":"product","link":"https:\/\/nexgendecors.com\/fr\/product\/outdoor-sofa-combination-courtyard-outdoor-terrace-garden-sun-room-sunscreen-waterproof-furniture-aluminum-alloy-leisure-nordic\/","title":{"rendered":"Ensemble de canap\u00e9s d&#039;ext\u00e9rieur nordiques en aluminium imperm\u00e9able"},"content":{"rendered":"<ul>\n<li>\n<strong>marque<\/strong>:autre\/autre<\/li>\n<li>\n<strong>mod\u00e8le<\/strong>:6028<\/li>\n<li>\n<strong>mod\u00e8le<\/strong>:Art<\/li>\n<li>\n<strong>style<\/strong>:Europe du Nord<\/li>\n<li>\n<strong>Nombre de personnes applicable<\/strong>:combinaison<\/li>\n<li>\n<strong>trier par couleur<\/strong>:Single sofa (grid back), single sofa (strip back), double sofa (grid back), double sofa (strip back), three-person sofa (grid back), three-person sofa (strip back), long coffee table, square coffee table, large coffee table, teak long coffee table, footrest, 3-piece set, 4-piece set, 5-piece set A, 4-piece set B, 4-piece set<\/li>\n<li>\n<strong>Poids brut<\/strong>:8gk<\/li>\n<li>\n<strong>Remplissage<\/strong>:\u00e9ponge<\/li>\n<li>\n<strong>Est-ce personnalisable ?<\/strong>:Oui<\/li>\n<li>\n<strong>Combinaison de canap\u00e9<\/strong>:Forme en L<\/li>\n<li>\n<strong>Est-il amovible et lavable ?<\/strong>:Oui<\/li>\n<li>\n<strong>Fonctionnalit\u00e9s suppl\u00e9mentaires<\/strong>:il peut bouger<\/li>\n<li>\n<strong>Y a-t-il un espace de stockage ?<\/strong>:Non<\/li>\n<li>\n<strong>Mat\u00e9riau en rotin<\/strong>:plastique<\/li>\n<li>\n<strong>Artisanat en structure de bambou et de rotin<\/strong>:autre<\/li>\n<li>\n<strong>Districts et comt\u00e9s<\/strong>:District de Chancheng<\/li>\n<li>\n<strong>Assembler<\/strong>:Non<\/li>\n<li>\n<strong>volume du colis<\/strong>:1<\/li>\n<li>\n<strong>Un taxi est-il disponible pour le transport ?<\/strong>:Non<\/li>\n<li>\n<strong>Instructions d&#039;installation d\u00e9taill\u00e9es<\/strong>:Aucune instruction d&#039;installation<\/li>\n<\/ul>","protected":false},"excerpt":{"rendered":"<p>brand:other\/other model:6028 pattern:Art style:Northern Europe Applicable number of people:combination sort by color:Single sofa (grid back), single sofa (strip back), double<\/p>","protected":false},"featured_media":135836,"comment_status":"open","ping_status":"closed","template":"","meta":[],"product_brand":[],"product_cat":[30971,30850],"product_tag":[15654],"class_list":{"0":"post-77054","1":"product","2":"type-product","3":"status-publish","4":"has-post-thumbnail","6":"product_cat-hp","7":"product_cat-wholesale-furniture","8":"product_tag-taobao","10":"first","11":"instock","12":"sale","13":"taxable","14":"shipping-taxable","15":"purchasable","16":"product-type-variable"},"_links":{"self":[{"href":"https:\/\/nexgendecors.com\/fr\/wp-json\/wp\/v2\/product\/77054","targetHints":{"allow":["GET"]}}],"collection":[{"href":"https:\/\/nexgendecors.com\/fr\/wp-json\/wp\/v2\/product"}],"about":[{"href":"https:\/\/nexgendecors.com\/fr\/wp-json\/wp\/v2\/types\/product"}],"replies":[{"embeddable":true,"href":"https:\/\/nexgendecors.com\/fr\/wp-json\/wp\/v2\/comments?post=77054"}],"version-history":[{"count":0,"href":"https:\/\/nexgendecors.com\/fr\/wp-json\/wp\/v2\/product\/77054\/revisions"}],"wp:featuredmedia":[{"embeddable":true,"href":"https:\/\/nexgendecors.com\/fr\/wp-json\/wp\/v2\/media\/135836"}],"wp:attachment":[{"href":"https:\/\/nexgendecors.com\/fr\/wp-json\/wp\/v2\/media?parent=77054"}],"wp:term":[{"taxonomy":"product_brand","embeddable":true,"href":"https:\/\/nexgendecors.com\/fr\/wp-json\/wp\/v2\/product_brand?post=77054"},{"taxonomy":"product_cat","embeddable":true,"href":"https:\/\/nexgendecors.com\/fr\/wp-json\/wp\/v2\/product_cat?post=77054"},{"taxonomy":"product_tag","embeddable":true,"href":"https:\/\/nexgendecors.com\/fr\/wp-json\/wp\/v2\/product_tag?post=77054"}],"curies":[{"name":"wp","href":"https:\/\/api.w.org\/{rel}","templated":true}]}}