{"id":77072,"date":"2025-01-26T03:33:29","date_gmt":"2025-01-26T03:33:29","guid":{"rendered":"https:\/\/nexgendecors.com\/product\/outdoor-sofa-courtyard-combination-garden-leisure-rattan-chair-designer-villa-model-room-outdoor-rattan-teak-furniture\/"},"modified":"2025-04-06T09:30:16","modified_gmt":"2025-04-06T09:30:16","slug":"canape-dexterieur-cour-combinaison-jardin-loisirs-chaise-en-rotin-villa-design-modele-chambre-exterieur-rotin-meubles-en-teck","status":"publish","type":"product","link":"https:\/\/nexgendecors.com\/fr\/product\/canape-dexterieur-cour-combinaison-jardin-loisirs-chaise-en-rotin-villa-design-modele-chambre-exterieur-rotin-meubles-en-teck\/","title":{"rendered":"Ensemble de canap\u00e9s d&#039;ext\u00e9rieur design en rotin pour cours de villa"},"content":{"rendered":"<ul>\n<li>\n<strong>marque<\/strong>:autre\/autre<\/li>\n<li>\n<strong>mod\u00e8le<\/strong>:KJ-1065<\/li>\n<li>\n<strong>mod\u00e8le<\/strong>:Art<\/li>\n<li>\n<strong>style<\/strong>:Europe du Nord<\/li>\n<li>\n<strong>Nombre de personnes applicable<\/strong>:combinaison<\/li>\n<li>\n<strong>\u00e9l\u00e9ments populaires<\/strong>:B\u00fbches, rotin, m\u00e9tal<\/li>\n<li>\n<strong>trier par couleur<\/strong>:Canap\u00e9 rond, canap\u00e9 carr\u00e9, canap\u00e9 d&#039;angle, repose-pieds carr\u00e9, table d&#039;appoint, table basse carr\u00e9e, longue table basse, lit inclinable 240_180, ensemble de canap\u00e9 rectangulaire trois pi\u00e8ces (teck d&#039;Am\u00e9rique du Sud), ensemble de canap\u00e9 rond trois pi\u00e8ces (teck d&#039;Am\u00e9rique du Sud), ensemble de canap\u00e9 carr\u00e9 trois pi\u00e8ces (teck d&#039;Am\u00e9rique du Sud), ensemble de six pi\u00e8ces (teck d&#039;Am\u00e9rique du Sud), ensemble de sept pi\u00e8ces (teck d&#039;Am\u00e9rique du Sud), ensemble de huit pi\u00e8ces combinaison A (teck d&#039;Am\u00e9rique du Sud), ensemble de huit pi\u00e8ces combinaison B (teck d&#039;Am\u00e9rique du Sud), ensemble de dix pi\u00e8ces (teck d&#039;Am\u00e9rique du Sud), ensemble de canap\u00e9 rectangulaire trois pi\u00e8ces (teck du Myanmar), ensemble de canap\u00e9 rond trois pi\u00e8ces (teck du Myanmar), ensemble de canap\u00e9 carr\u00e9 trois pi\u00e8ces (teck du Myanmar), ensemble de six pi\u00e8ces (teck du Myanmar), ensemble de sept pi\u00e8ces (teck du Myanmar), ensemble de huit pi\u00e8ces combinaison A (teck du Myanmar), ensemble de huit pi\u00e8ces combinaison B (teck du Myanmar), ensemble de dix pi\u00e8ces (teck du Myanmar)<\/li>\n<li>\n<strong>Poids brut<\/strong>:30<\/li>\n<li>\n<strong>Mat\u00e9riau de finition<\/strong>:Bois<\/li>\n<li>\n<strong>Remplissage<\/strong>:\u00e9ponge<\/li>\n<li>\n<strong>Technologie structurelle<\/strong>:Artisanat du bois<\/li>\n<li>\n<strong>Technologie de finition<\/strong>:Artisanat en bambou et rotin<\/li>\n<li>\n<strong>Proc\u00e9d\u00e9 de finition du bambou et du rotin<\/strong>:Tissage de motifs<\/li>\n<li>\n<strong>Est-ce personnalisable ?<\/strong>:Oui<\/li>\n<li>\n<strong>Combinaison de canap\u00e9<\/strong>:Forme en L<\/li>\n<li>\n<strong>Fonctionnalit\u00e9s suppl\u00e9mentaires<\/strong>:il peut bouger<\/li>\n<li>\n<strong>Est-ce rempla\u00e7able ?<\/strong>:Housse de canap\u00e9 amovible<\/li>\n<li>\n<strong>Y a-t-il un espace de stockage ?<\/strong>:Non<\/li>\n<li>\n<strong>Structure du meuble<\/strong>:Cadre<\/li>\n<li>\n<strong>Mat\u00e9riau en bois<\/strong>:Teck<\/li>\n<li>\n<strong>Mat\u00e9riau m\u00e9tallique<\/strong>:Alliage d&#039;aluminium<\/li>\n<li>\n<strong>Mat\u00e9riau en rotin<\/strong>:autre<\/li>\n<li>\n<strong>Technologie des structures en bois<\/strong>:Structure \u00e0 tenon et mortaise<\/li>\n<li>\n<strong>Technologie des structures m\u00e9talliques<\/strong>:soudage<\/li>\n<li>\n<strong>Artisanat en structure de bambou et de rotin<\/strong>:Emballage<\/li>\n<li>\n<strong>Livraison\/installation disponible<\/strong>:Autres, P\u00e9kin, Nanchang, Harbin, Dalian, Shenyang, Xi&#039;an, Guiyang, Zhengzhou, Jinhua, Changsha, Changzhou, Chengdu, Dongguan, Foshan, Fuzhou, Guangzhou, Hangzhou, Nanjing, Nanning, Ningbo, Qingdao, Shanghai, Shenzhen, Suzhou, Taizhou, Tianjin, Wenzhou, Wuxi, Wuhan, Xiamen, Chongqing<\/li>\n<li>\n<strong>Assembler<\/strong>:Non<\/li>\n<li>\n<strong>volume du colis<\/strong>:2<\/li>\n<li>\n<strong>La pr\u00e9vente est-elle disponible ?<\/strong>:Non<\/li>\n<li>\n<strong>Un taxi est-il disponible pour le transport ?<\/strong>:Non<\/li>\n<li>\n<strong>Instructions d&#039;installation d\u00e9taill\u00e9es<\/strong>:Aucune instruction d&#039;installation<\/li>\n<\/ul>\n<p><img><\/p>","protected":false},"excerpt":{"rendered":"<p>Marque : autre\/autre Mod\u00e8le : KJ-1065 Motif : Art Style : Europe du Nord Nombre de personnes applicable : combinaison \u00c9l\u00e9ments populaires : b\u00fbches, rotin, m\u00e9tal Trier par couleur : canap\u00e9 rond, canap\u00e9 carr\u00e9, canap\u00e9 d&#039;angle<\/p>","protected":false},"featured_media":135843,"comment_status":"open","ping_status":"closed","template":"","meta":[],"product_brand":[],"product_cat":[30862,30971,30856,30850],"product_tag":[],"class_list":{"0":"post-77072","1":"product","2":"type-product","3":"status-publish","4":"has-post-thumbnail","6":"product_cat-wholesales-hotels","7":"product_cat-hp","8":"product_cat-outdoor-furniture","9":"product_cat-wholesale-furniture","11":"first","12":"instock","13":"taxable","14":"shipping-taxable","15":"purchasable","16":"product-type-variable"},"_links":{"self":[{"href":"https:\/\/nexgendecors.com\/fr\/wp-json\/wp\/v2\/product\/77072","targetHints":{"allow":["GET"]}}],"collection":[{"href":"https:\/\/nexgendecors.com\/fr\/wp-json\/wp\/v2\/product"}],"about":[{"href":"https:\/\/nexgendecors.com\/fr\/wp-json\/wp\/v2\/types\/product"}],"replies":[{"embeddable":true,"href":"https:\/\/nexgendecors.com\/fr\/wp-json\/wp\/v2\/comments?post=77072"}],"version-history":[{"count":0,"href":"https:\/\/nexgendecors.com\/fr\/wp-json\/wp\/v2\/product\/77072\/revisions"}],"wp:featuredmedia":[{"embeddable":true,"href":"https:\/\/nexgendecors.com\/fr\/wp-json\/wp\/v2\/media\/135843"}],"wp:attachment":[{"href":"https:\/\/nexgendecors.com\/fr\/wp-json\/wp\/v2\/media?parent=77072"}],"wp:term":[{"taxonomy":"product_brand","embeddable":true,"href":"https:\/\/nexgendecors.com\/fr\/wp-json\/wp\/v2\/product_brand?post=77072"},{"taxonomy":"product_cat","embeddable":true,"href":"https:\/\/nexgendecors.com\/fr\/wp-json\/wp\/v2\/product_cat?post=77072"},{"taxonomy":"product_tag","embeddable":true,"href":"https:\/\/nexgendecors.com\/fr\/wp-json\/wp\/v2\/product_tag?post=77072"}],"curies":[{"name":"wp","href":"https:\/\/api.w.org\/{rel}","templated":true}]}}