{"id":77265,"date":"2025-01-26T03:33:53","date_gmt":"2025-01-26T03:33:53","guid":{"rendered":"https:\/\/nexgendecors.com\/product\/outdoor-trash-can-stainless-steel-large-sanitation-peel-bin-outdoor-classification-double-barrel-community-park-trash-can-2\/"},"modified":"2025-03-08T17:33:15","modified_gmt":"2025-03-08T17:33:15","slug":"poubelle-dexterieur-en-acier-inoxydable-grande-poubelle-sanitaire-a-eplucher-classification-exterieure-poubelle-de-parc-communautaire-a-double-barillet-2","status":"publish","type":"product","link":"https:\/\/nexgendecors.com\/fr\/product\/poubelle-dexterieur-en-acier-inoxydable-grande-poubelle-sanitaire-a-eplucher-classification-exterieure-poubelle-de-parc-communautaire-a-double-barillet-2\/","title":{"rendered":"Poubelle d&#039;ext\u00e9rieur \u00e0 double barillet en acier inoxydable"},"content":{"rendered":"<ul>\n<li>\n<strong>marque<\/strong>:KINRS\/KINRS<\/li>\n<li>\n<strong>capacit\u00e9<\/strong>:12L et plus<\/li>\n<li>\n<strong>forme<\/strong>:Long cylindrique<\/li>\n<li>\n<strong>trier par couleur<\/strong>:201 acier inoxydable + rev\u00eatement en t\u00f4le galvanis\u00e9e, 201 acier inoxydable + rev\u00eatement en acier inoxydable, 201 acier inoxydable + rev\u00eatement en fibre de verre, 304 acier inoxydable + rev\u00eatement en t\u00f4le galvanis\u00e9e, 304 acier inoxydable + rev\u00eatement en acier inoxydable, 304 acier inoxydable + rev\u00eatement en fibre de verre, couvercle, fond et entr\u00e9e en acier inoxydable, 201 acier inoxydable global (rev\u00eatement en t\u00f4le galvanis\u00e9e), 201 couleur d&#039;origine en acier inoxydable (rev\u00eatement en t\u00f4le galvanis\u00e9e), 304 couleur d&#039;origine en acier inoxydable (rev\u00eatement en t\u00f4le galvanis\u00e9e), nouveau baril en acier inoxydable, plaque lamin\u00e9e \u00e0 froid (\u00e9paisseur de la plaque 1,0 cm), plaque galvanis\u00e9e (\u00e9paisseur de la plaque 1,0 cm), baril en acier standard + bois anticorrosion, baril en acier de luxe + bois plastique, baril simple cerceau dor\u00e9, baril double cerceau dor\u00e9, poubelle \u00e0 deux cat\u00e9gories, poubelle \u00e0 trois cat\u00e9gories, poubelle \u00e0 quatre cat\u00e9gories, une chambre \u00e0 air de poubelle, peut \u00eatre personnalis\u00e9<\/li>\n<li>\n<strong>Type de poubelle<\/strong>:Bac de rangement<\/li>\n<li>\n<strong>mat\u00e9riau de la coque<\/strong>:M\u00e9tal<\/li>\n<li>\n<strong>Sc\u00e8ne applicable<\/strong>:Utilisation en ext\u00e9rieur<\/li>\n<li>\n<strong>pays d&#039;exportation<\/strong>:Asie<\/li>\n<\/ul>\n<p><img><\/p>","protected":false},"excerpt":{"rendered":"<p>marque : KINRS\/KINRS capacit\u00e9 : 12 L et plus forme : cylindrique longue trier par couleur : acier inoxydable 201 + doublure en t\u00f4le galvanis\u00e9e, acier inoxydable 201 + acier inoxydable<\/p>","protected":false},"featured_media":135961,"comment_status":"open","ping_status":"closed","template":"","meta":[],"product_brand":[],"product_cat":[30971,30853,30866],"product_tag":[],"class_list":{"0":"post-77265","1":"product","2":"type-product","3":"status-publish","4":"has-post-thumbnail","6":"product_cat-hp","7":"product_cat-new-wholesale-public-projects","8":"product_cat-wholesales-university-high-schools","10":"first","11":"instock","12":"taxable","13":"shipping-taxable","14":"purchasable","15":"product-type-variable"},"_links":{"self":[{"href":"https:\/\/nexgendecors.com\/fr\/wp-json\/wp\/v2\/product\/77265","targetHints":{"allow":["GET"]}}],"collection":[{"href":"https:\/\/nexgendecors.com\/fr\/wp-json\/wp\/v2\/product"}],"about":[{"href":"https:\/\/nexgendecors.com\/fr\/wp-json\/wp\/v2\/types\/product"}],"replies":[{"embeddable":true,"href":"https:\/\/nexgendecors.com\/fr\/wp-json\/wp\/v2\/comments?post=77265"}],"version-history":[{"count":0,"href":"https:\/\/nexgendecors.com\/fr\/wp-json\/wp\/v2\/product\/77265\/revisions"}],"wp:featuredmedia":[{"embeddable":true,"href":"https:\/\/nexgendecors.com\/fr\/wp-json\/wp\/v2\/media\/135961"}],"wp:attachment":[{"href":"https:\/\/nexgendecors.com\/fr\/wp-json\/wp\/v2\/media?parent=77265"}],"wp:term":[{"taxonomy":"product_brand","embeddable":true,"href":"https:\/\/nexgendecors.com\/fr\/wp-json\/wp\/v2\/product_brand?post=77265"},{"taxonomy":"product_cat","embeddable":true,"href":"https:\/\/nexgendecors.com\/fr\/wp-json\/wp\/v2\/product_cat?post=77265"},{"taxonomy":"product_tag","embeddable":true,"href":"https:\/\/nexgendecors.com\/fr\/wp-json\/wp\/v2\/product_tag?post=77265"}],"curies":[{"name":"wp","href":"https:\/\/api.w.org\/{rel}","templated":true}]}}