{"id":77445,"date":"2025-01-26T03:34:16","date_gmt":"2025-01-26T03:34:16","guid":{"rendered":"https:\/\/nexgendecors.com\/product\/painted-high-end-office-desk-boss-desk-light-luxury-president-desk-modern-simple-office-furniture-manager-supervisor-desk\/"},"modified":"2025-04-06T09:31:00","modified_gmt":"2025-04-06T09:31:00","slug":"painted-high-end-office-desk-boss-desk-light-luxury-president-desk-modern-simple-office-furniture-manager-supervisor-desk","status":"publish","type":"product","link":"https:\/\/nexgendecors.com\/fr\/product\/painted-high-end-office-desk-boss-desk-light-luxury-president-desk-modern-simple-office-furniture-manager-supervisor-desk\/","title":{"rendered":"Bureau de direction moderne et luxueux \u2013 Mobilier de bureau haut de gamme"},"content":{"rendered":"<ul>\n<li>\n<strong>style<\/strong>:Simple et moderne<\/li>\n<li>\n<strong>longueur<\/strong>:2400mm<\/li>\n<li>\n<strong>Mat\u00e9riau du panneau<\/strong>:Autre<\/li>\n<li>\n<strong>Mat\u00e9riel<\/strong>:Panneau de densit\u00e9<\/li>\n<li>\n<strong>largeur<\/strong>:800 mm<\/li>\n<li>\n<strong>Y a-t-il une table d&#039;appoint ?<\/strong>:Oui<\/li>\n<li>\n<strong>trier par couleur<\/strong>:1.6m boss desk (left and right side cabinets optional), 1.8m boss desk (left and right side cabinets optional), 2.0m boss desk (left and right side cabinets optional), 2.2m boss desk (left and right side cabinets optional), 2.4m boss desk (left and right side cabinets optional), 2.6m boss desk (left and right side cabinets optional), 2.8m boss desk (left and right side cabinets optional), 3.0m boss desk (left and right side cabinets optional), 1.6m boss desk + chair, 1.8m boss desk + chair, 2.0m boss desk + chair, 2.2m boss desk + chair, 2.4m boss desk + chair ,2.6m boss desk + chair,2.8m boss desk + chair,3.0m boss desk + chair,1.6m boss desk + chair + 2.0m bookcase,1.8m boss desk + chair + 2.0m bookcase,2.0m boss desk + chair + 2.0m bookcase,2.2m boss desk + chair + 2.4m bookcase,2.4m boss desk + chair + 2.4m bookcase,2.6m boss desk + chair + 2.8m bookcase,2.8m boss desk + chair + 2.8m bookcase,3.0m boss desk + chair + 3.2m bookcase,matching boss chair<\/li>\n<li>\n<strong><\/strong>:<\/li>\n<\/ul>\n<p><img><\/p>","protected":false},"excerpt":{"rendered":"<p>Style : simple et moderne Longueur : 2400 mm Mat\u00e9riau du panneau : autre Mat\u00e9riau : panneau de densit\u00e9 Largeur : 800 mm Y a-t-il une table d&#039;appoint ? : oui Trier par couleur : bureau de patron de 1,6 m (gauche)<\/p>","protected":false},"featured_media":136141,"comment_status":"open","ping_status":"closed","template":"","meta":[],"product_brand":[],"product_cat":[30901,30971,30859],"product_tag":[],"class_list":{"0":"post-77445","1":"product","2":"type-product","3":"status-publish","4":"has-post-thumbnail","6":"product_cat-bs-office","7":"product_cat-hp","8":"product_cat-wholesale-office","10":"first","11":"instock","12":"sale","13":"taxable","14":"shipping-taxable","15":"purchasable","16":"product-type-variable"},"_links":{"self":[{"href":"https:\/\/nexgendecors.com\/fr\/wp-json\/wp\/v2\/product\/77445","targetHints":{"allow":["GET"]}}],"collection":[{"href":"https:\/\/nexgendecors.com\/fr\/wp-json\/wp\/v2\/product"}],"about":[{"href":"https:\/\/nexgendecors.com\/fr\/wp-json\/wp\/v2\/types\/product"}],"replies":[{"embeddable":true,"href":"https:\/\/nexgendecors.com\/fr\/wp-json\/wp\/v2\/comments?post=77445"}],"version-history":[{"count":0,"href":"https:\/\/nexgendecors.com\/fr\/wp-json\/wp\/v2\/product\/77445\/revisions"}],"wp:featuredmedia":[{"embeddable":true,"href":"https:\/\/nexgendecors.com\/fr\/wp-json\/wp\/v2\/media\/136141"}],"wp:attachment":[{"href":"https:\/\/nexgendecors.com\/fr\/wp-json\/wp\/v2\/media?parent=77445"}],"wp:term":[{"taxonomy":"product_brand","embeddable":true,"href":"https:\/\/nexgendecors.com\/fr\/wp-json\/wp\/v2\/product_brand?post=77445"},{"taxonomy":"product_cat","embeddable":true,"href":"https:\/\/nexgendecors.com\/fr\/wp-json\/wp\/v2\/product_cat?post=77445"},{"taxonomy":"product_tag","embeddable":true,"href":"https:\/\/nexgendecors.com\/fr\/wp-json\/wp\/v2\/product_tag?post=77445"}],"curies":[{"name":"wp","href":"https:\/\/api.w.org\/{rel}","templated":true}]}}