{"id":77555,"date":"2025-01-26T03:34:28","date_gmt":"2025-01-26T03:34:28","guid":{"rendered":"https:\/\/nexgendecors.com\/product\/park-chair-garden-outdoor-stainless-steel-anti-corrosion-bench-outdoor-leisure-chair-long-bench-chair-park-backrest-seat-2\/"},"modified":"2025-04-06T09:31:04","modified_gmt":"2025-04-06T09:31:04","slug":"chaise-de-parc-de-jardin-en-acier-inoxydable-banc-anticorrosion-chaise-de-loisirs-dexterieur-banc-long-siege-de-parc-avec-dossier-2-places","status":"publish","type":"product","link":"https:\/\/nexgendecors.com\/fr\/product\/chaise-de-parc-de-jardin-en-acier-inoxydable-banc-anticorrosion-chaise-de-loisirs-dexterieur-banc-long-siege-de-parc-avec-dossier-2-places\/","title":{"rendered":"Banc de parc en acier inoxydable avec dossier \u2013 Anticorrosion"},"content":{"rendered":"<ul>\n<li>\n<strong>marque<\/strong>:autre\/autre<\/li>\n<li>\n<strong>mod\u00e8le<\/strong>:A045<\/li>\n<li>\n<strong>Mat\u00e9riau du si\u00e8ge<\/strong>:Acier inoxydable<\/li>\n<li>\n<strong>style<\/strong>:Simple et moderne<\/li>\n<li>\n<strong>trier par couleur<\/strong>:[Type A] t\u00f4le d&#039;acier galvanis\u00e9e + peinture, [Type A] acier inoxydable 201 + peinture, [Type B] t\u00f4le d&#039;acier galvanis\u00e9e + peinture, [Type B] acier inoxydable 201 + peinture, [Type C] t\u00f4le d&#039;acier galvanis\u00e9e + peinture, [Type C] acier inoxydable 201 + peinture, [Autres types]<\/li>\n<li>\n<strong>Est-ce personnalisable ?<\/strong>:Oui<\/li>\n<li>\n<strong>Fonctionnalit\u00e9s suppl\u00e9mentaires<\/strong>:il peut bouger<\/li>\n<li>\n<strong><\/strong>:<\/li>\n<\/ul>\n<p><img><\/p>","protected":false},"excerpt":{"rendered":"<p>Marque : autre\/autre Mod\u00e8le : A045 Mat\u00e9riau du si\u00e8ge : acier inoxydable Style : simple et moderne Trier par couleur : [Type A] plaque d&#039;acier galvanis\u00e9 + peinture, [Type A] 201<\/p>","protected":false},"featured_media":136197,"comment_status":"open","ping_status":"closed","template":"","meta":[],"product_brand":[],"product_cat":[30971,30853],"product_tag":[],"class_list":{"0":"post-77555","1":"product","2":"type-product","3":"status-publish","4":"has-post-thumbnail","6":"product_cat-hp","7":"product_cat-new-wholesale-public-projects","9":"first","10":"instock","11":"taxable","12":"shipping-taxable","13":"purchasable","14":"product-type-variable"},"_links":{"self":[{"href":"https:\/\/nexgendecors.com\/fr\/wp-json\/wp\/v2\/product\/77555","targetHints":{"allow":["GET"]}}],"collection":[{"href":"https:\/\/nexgendecors.com\/fr\/wp-json\/wp\/v2\/product"}],"about":[{"href":"https:\/\/nexgendecors.com\/fr\/wp-json\/wp\/v2\/types\/product"}],"replies":[{"embeddable":true,"href":"https:\/\/nexgendecors.com\/fr\/wp-json\/wp\/v2\/comments?post=77555"}],"version-history":[{"count":0,"href":"https:\/\/nexgendecors.com\/fr\/wp-json\/wp\/v2\/product\/77555\/revisions"}],"wp:featuredmedia":[{"embeddable":true,"href":"https:\/\/nexgendecors.com\/fr\/wp-json\/wp\/v2\/media\/136197"}],"wp:attachment":[{"href":"https:\/\/nexgendecors.com\/fr\/wp-json\/wp\/v2\/media?parent=77555"}],"wp:term":[{"taxonomy":"product_brand","embeddable":true,"href":"https:\/\/nexgendecors.com\/fr\/wp-json\/wp\/v2\/product_brand?post=77555"},{"taxonomy":"product_cat","embeddable":true,"href":"https:\/\/nexgendecors.com\/fr\/wp-json\/wp\/v2\/product_cat?post=77555"},{"taxonomy":"product_tag","embeddable":true,"href":"https:\/\/nexgendecors.com\/fr\/wp-json\/wp\/v2\/product_tag?post=77555"}],"curies":[{"name":"wp","href":"https:\/\/api.w.org\/{rel}","templated":true}]}}