{"id":77591,"date":"2025-01-26T03:34:32","date_gmt":"2025-01-26T03:34:32","guid":{"rendered":"https:\/\/nexgendecors.com\/product\/park-chair-outdoor-bench-courtyard-anticorrosive-wood-bench-square-iron-garden-outdoor-door-stainless-steel-bench-2\/"},"modified":"2025-04-06T09:31:10","modified_gmt":"2025-04-06T09:31:10","slug":"park-chair-outdoor-bench-courtyard-anticorrosive-wood-bench-square-iron-garden-outdoor-door-stainless-steel-bench-2","status":"publish","type":"product","link":"https:\/\/nexgendecors.com\/fr\/product\/park-chair-outdoor-bench-courtyard-anticorrosive-wood-bench-square-iron-garden-outdoor-door-stainless-steel-bench-2\/","title":{"rendered":"Banc de jardin en bois et fer anticorrosion \u2013 Si\u00e8ges d&#039;ext\u00e9rieur \u00e9l\u00e9gants"},"content":{"rendered":"<ul>\n<li>\n<strong>Poids brut<\/strong>:40<\/li>\n<li>\n<strong>marque<\/strong>:autre\/autre<\/li>\n<li>\n<strong>mod\u00e8le<\/strong>:00a<\/li>\n<li>\n<strong>\u00e9l\u00e9ments populaires<\/strong>:M\u00e9tal<\/li>\n<li>\n<strong>style<\/strong>:Simple et moderne<\/li>\n<li>\n<strong>ville<\/strong>:Wuhan<\/li>\n<li>\n<strong>Districts et comt\u00e9s<\/strong>:District de Dongxihu<\/li>\n<li>\n<strong>Fonctionnalit\u00e9s suppl\u00e9mentaires<\/strong>:il peut bouger<\/li>\n<li>\n<strong>Est-ce personnalisable ?<\/strong>:Oui<\/li>\n<li>\n<strong>Mat\u00e9riau du si\u00e8ge<\/strong>:Acier inoxydable<\/li>\n<li>\n<strong>Instructions d&#039;installation d\u00e9taill\u00e9es<\/strong>:Aucune instruction d&#039;installation<\/li>\n<li>\n<strong>Structure du meuble<\/strong>:Cadre<\/li>\n<li>\n<strong>Origine<\/strong>:Province du Hubei<\/li>\n<li>\n<strong>mod\u00e8le<\/strong>:Art<\/li>\n<li>\n<strong>Un taxi est-il disponible pour le transport ?<\/strong>:Non<\/li>\n<li>\n<strong>Positionnement de style<\/strong>:\u00c9conomique<\/li>\n<li>\n<strong>Livraison\/installation disponible<\/strong>:autre<\/li>\n<li>\n<strong>trier par couleur<\/strong>:Stainless steel + handrail + backrest &#8211; 1.5 meters, stainless steel + handrail + backrest &#8211; 1.8 meters, stainless steel + handrail + backrest &#8211; 2 meters, stainless steel + Scots pine &#8211; 1.5 meters, stainless steel + Scots pine &#8211; 1.8 meters, stainless steel + Scots pine &#8211; 2 meters<\/li>\n<\/ul>\n<p><img><\/p>","protected":false},"excerpt":{"rendered":"<p>Poids brut : 40 marque : autre\/autre mod\u00e8le : 00a \u00e9l\u00e9ments populaires : m\u00e9tal style : simple et moderne ville : Wuhan districts et comt\u00e9s : district de Dongxihu caract\u00e9ristiques suppl\u00e9mentaires : il peut se d\u00e9placer est-ce<\/p>","protected":false},"featured_media":136251,"comment_status":"open","ping_status":"closed","template":"","meta":[],"product_brand":[],"product_cat":[30971,30853],"product_tag":[],"class_list":{"0":"post-77591","1":"product","2":"type-product","3":"status-publish","4":"has-post-thumbnail","6":"product_cat-hp","7":"product_cat-new-wholesale-public-projects","9":"first","10":"instock","11":"taxable","12":"shipping-taxable","13":"purchasable","14":"product-type-variable"},"_links":{"self":[{"href":"https:\/\/nexgendecors.com\/fr\/wp-json\/wp\/v2\/product\/77591","targetHints":{"allow":["GET"]}}],"collection":[{"href":"https:\/\/nexgendecors.com\/fr\/wp-json\/wp\/v2\/product"}],"about":[{"href":"https:\/\/nexgendecors.com\/fr\/wp-json\/wp\/v2\/types\/product"}],"replies":[{"embeddable":true,"href":"https:\/\/nexgendecors.com\/fr\/wp-json\/wp\/v2\/comments?post=77591"}],"version-history":[{"count":0,"href":"https:\/\/nexgendecors.com\/fr\/wp-json\/wp\/v2\/product\/77591\/revisions"}],"wp:featuredmedia":[{"embeddable":true,"href":"https:\/\/nexgendecors.com\/fr\/wp-json\/wp\/v2\/media\/136251"}],"wp:attachment":[{"href":"https:\/\/nexgendecors.com\/fr\/wp-json\/wp\/v2\/media?parent=77591"}],"wp:term":[{"taxonomy":"product_brand","embeddable":true,"href":"https:\/\/nexgendecors.com\/fr\/wp-json\/wp\/v2\/product_brand?post=77591"},{"taxonomy":"product_cat","embeddable":true,"href":"https:\/\/nexgendecors.com\/fr\/wp-json\/wp\/v2\/product_cat?post=77591"},{"taxonomy":"product_tag","embeddable":true,"href":"https:\/\/nexgendecors.com\/fr\/wp-json\/wp\/v2\/product_tag?post=77591"}],"curies":[{"name":"wp","href":"https:\/\/api.w.org\/{rel}","templated":true}]}}