{"id":77772,"date":"2025-01-26T03:34:53","date_gmt":"2025-01-26T03:34:53","guid":{"rendered":"https:\/\/nexgendecors.com\/product\/pasha-lighting-light-luxury-living-room-crystal-chandelier-full-copper-postmodern-simple-restaurant-master-bedroom-2024-new-lighting\/"},"modified":"2025-04-06T09:31:25","modified_gmt":"2025-04-06T09:31:25","slug":"pasha-lighting-lustre-en-cristal-de-luxe-pour-salon-entierement-en-cuivre-post-moderne-simple-pour-restaurant-chambre-principale-nouvel-eclairage-2024","status":"publish","type":"product","link":"https:\/\/nexgendecors.com\/fr\/product\/pasha-lighting-lustre-en-cristal-de-luxe-pour-salon-entierement-en-cuivre-post-moderne-simple-pour-restaurant-chambre-principale-nouvel-eclairage-2024\/","title":{"rendered":"Lustre en cristal Pasha Lighting \u2013 Design luxueux et moderne"},"content":{"rendered":"<ul>\n<li>\n<strong>marque<\/strong>:Pacha<\/li>\n<li>\n<strong>mod\u00e8le<\/strong>:PSM6006-6<\/li>\n<li>\n<strong>style<\/strong>:Postmodern<\/li>\n<li>\n<strong>Temp\u00e9rature de couleur de la source lumineuse Valeur K<\/strong>:Trois temp\u00e9ratures de couleur (3000K-4500K-6000K)<\/li>\n<li>\n<strong>trier par couleur<\/strong>:6 t\u00eates \u2013 cuivre noir ponc\u00e9 [avec lumi\u00e8re tricolore \u00e0 spectre complet pour la protection des yeux] 9 t\u00eates \u2013 cuivre noir ponc\u00e9 [avec lumi\u00e8re tricolore \u00e0 spectre complet pour la protection des yeux] 12 t\u00eates \u2013 cuivre noir ponc\u00e9 [avec lumi\u00e8re tricolore \u00e0 spectre complet pour la protection des yeux] 15 t\u00eates \u2013 cuivre noir ponc\u00e9 [avec lumi\u00e8re tricolore \u00e0 spectre complet pour la protection des yeux] 18 t\u00eates \u2013 cuivre noir ponc\u00e9 [avec lumi\u00e8re tricolore \u00e0 spectre complet pour la protection des yeux] 6 t\u00eates \u2013 couleur cuivre [avec lumi\u00e8re tricolore \u00e0 spectre complet pour la protection des yeux] 9 t\u00eates \u2013 couleur cuivre [avec lumi\u00e8re tricolore \u00e0 spectre complet pour la protection des yeux] 12 t\u00eates \u2013 couleur cuivre [avec lumi\u00e8re tricolore \u00e0 spectre complet pour la protection des yeux] 15 t\u00eates \u2013 couleur cuivre [avec lumi\u00e8re tricolore \u00e0 spectre complet pour la protection des yeux] 18 t\u00eates \u2013 couleur cuivre [avec lumi\u00e8re tricolore \u00e0 spectre complet pour la protection des yeux] Forfait 1 [Salon + salle \u00e0 manger] Forfait \u00e9clairage tricolore \u00e0 spectre complet pour la protection des yeux 2 [Salon + salle \u00e0 manger] Forfait \u00e9clairage tricolore \u00e0 spectre complet pour la protection des yeux 3 [Salon + salle \u00e0 manger] Forfait \u00e9clairage tricolore \u00e0 spectre complet pour la protection des yeux Pack 4 [Salon + salle \u00e0 manger] \u00c9clairage tricolore \u00e0 spectre complet pour la protection des yeux Pack 5 [Salon + salle \u00e0 manger] \u00c9clairage tricolore \u00e0 spectre complet pour la protection des yeux Pack 6 [Salon + salle \u00e0 manger] \u00c9clairage tricolore \u00e0 spectre complet pour la protection des yeux Pack 7 [Trois chambres et deux salons] \u00c9clairage tricolore \u00e0 spectre complet pour la protection des yeux Pack 8 [Trois chambres et deux salons] \u00c9clairage tricolore \u00e0 spectre complet pour la protection des yeux Pack 9 [Trois chambres et deux salons] \u00c9clairage tricolore \u00e0 spectre complet pour la protection des yeux Pack 10 [Trois chambres et deux salons] \u00c9clairage tricolore \u00e0 spectre complet pour la protection des yeux Pack 11 [Trois chambres et deux salons] \u00c9clairage tricolore \u00e0 spectre complet pour la protection des yeux Pack 12 [Trois chambres et deux salons] \u00c9clairage tricolore \u00e0 spectre complet pour la protection des yeux Pack 13 [Trois chambres et deux salons] \u00c9clairage tricolore \u00e0 spectre complet pour la protection des yeux Pack 14 [Trois chambres et deux salons] \u00c9clairage tricolore \u00e0 spectre complet pour la protection des yeux<\/li>\n<li>\n<strong>La lampe a-t-elle une source lumineuse ?<\/strong>:Oui<\/li>\n<li>\n<strong>Service en ville<\/strong>:Livraison porte-\u00e0-porte logistique intra-urbaine<\/li>\n<li>\n<strong>Tension<\/strong>:111V~240V (inclus)<\/li>\n<li>\n<strong>Mat\u00e9riau principal du corps de la lampe<\/strong>:cuivre<\/li>\n<li>\n<strong>Mat\u00e9riau principal de l&#039;abat-jour<\/strong>:cristal<\/li>\n<li>\n<strong>type de source lumineuse<\/strong>:Lumi\u00e8res LED<\/li>\n<li>\n<strong>Nombre de sources lumineuses<\/strong>:6<\/li>\n<li>\n<strong>Technologie<\/strong>:Forgeage<\/li>\n<li>\n<strong>Zone d&#039;irradiation<\/strong>:15\u33a1-30\u33a1<\/li>\n<li>\n<strong>Type de contr\u00f4le<\/strong>:Autres contr\u00f4les non intelligents<\/li>\n<li>\n<strong>Temp\u00e9rature de couleur<\/strong>:Lumi\u00e8re tricolore<\/li>\n<li>\n<strong>Mat\u00e9riau auxiliaire pour abat-jour<\/strong>:cristal<\/li>\n<li>\n<strong>P\u00e9riode de garantie<\/strong>:3 ans<\/li>\n<li>\n<strong>Mat\u00e9riau auxiliaire du corps de la lampe<\/strong>:cuivre<\/li>\n<li>\n<strong>Type intelligent<\/strong>:Pas de support pour smart<\/li>\n<li>\n<strong>Que ce soit un contr\u00f4le intelligent<\/strong>:Non<\/li>\n<li>\n<strong>Forme de la lampe<\/strong>:Lustre<\/li>\n<li>\n<strong>Nombre de t\u00eates de lampe<\/strong>:6<\/li>\n<li>\n<strong>Type de lustre<\/strong>:Cuivre\/Lustre en cuivre<\/li>\n<li>\n<strong>Num\u00e9ro de certificat 3C<\/strong>:2023011001565387<\/li>\n<li>\n<strong><\/strong>:<\/li>\n<\/ul>\n<p><img><\/p>","protected":false},"excerpt":{"rendered":"<p>brand:Pasha model:PSM6006-6 style:Postmodern Light source color temperature K value:Three color temperatures (3000K-4500K-6000K) sort by color:6 heads &#8211; black rubbed copper<\/p>","protected":false},"featured_media":136445,"comment_status":"open","ping_status":"closed","template":"","meta":[],"product_brand":[],"product_cat":[30971,30864],"product_tag":[],"class_list":{"0":"post-77772","1":"product","2":"type-product","3":"status-publish","4":"has-post-thumbnail","6":"product_cat-hp","7":"product_cat-new-wholesales-lights","9":"first","10":"instock","11":"taxable","12":"shipping-taxable","13":"purchasable","14":"product-type-variable"},"_links":{"self":[{"href":"https:\/\/nexgendecors.com\/fr\/wp-json\/wp\/v2\/product\/77772","targetHints":{"allow":["GET"]}}],"collection":[{"href":"https:\/\/nexgendecors.com\/fr\/wp-json\/wp\/v2\/product"}],"about":[{"href":"https:\/\/nexgendecors.com\/fr\/wp-json\/wp\/v2\/types\/product"}],"replies":[{"embeddable":true,"href":"https:\/\/nexgendecors.com\/fr\/wp-json\/wp\/v2\/comments?post=77772"}],"version-history":[{"count":0,"href":"https:\/\/nexgendecors.com\/fr\/wp-json\/wp\/v2\/product\/77772\/revisions"}],"wp:featuredmedia":[{"embeddable":true,"href":"https:\/\/nexgendecors.com\/fr\/wp-json\/wp\/v2\/media\/136445"}],"wp:attachment":[{"href":"https:\/\/nexgendecors.com\/fr\/wp-json\/wp\/v2\/media?parent=77772"}],"wp:term":[{"taxonomy":"product_brand","embeddable":true,"href":"https:\/\/nexgendecors.com\/fr\/wp-json\/wp\/v2\/product_brand?post=77772"},{"taxonomy":"product_cat","embeddable":true,"href":"https:\/\/nexgendecors.com\/fr\/wp-json\/wp\/v2\/product_cat?post=77772"},{"taxonomy":"product_tag","embeddable":true,"href":"https:\/\/nexgendecors.com\/fr\/wp-json\/wp\/v2\/product_tag?post=77772"}],"curies":[{"name":"wp","href":"https:\/\/api.w.org\/{rel}","templated":true}]}}