{"id":78099,"date":"2025-01-26T03:35:59","date_gmt":"2025-01-26T03:35:59","guid":{"rendered":"https:\/\/nexgendecors.com\/product\/portable-foldable-brown-aluminum-camping-table-by-trekology1706363432277\/"},"modified":"2025-04-06T09:32:06","modified_gmt":"2025-04-06T09:32:06","slug":"table-de-camping-pliable-et-portable-en-aluminium-marron-par-trekology1706363432277","status":"publish","type":"product","link":"https:\/\/nexgendecors.com\/fr\/product\/table-de-camping-pliable-et-portable-en-aluminium-marron-par-trekology1706363432277\/","title":{"rendered":"Table de camping portable en aluminium marron TREKOLOGY"},"content":{"rendered":"<p><strong>Pr\u00e9sentation de la table de camping portable pliable en aluminium marron de TREKOLOGY\u00a0! \ud83c\udfd5\ufe0f\ud83c\udf43<\/strong><\/p>\n<p><strong>Caract\u00e9ristiques:<\/strong><\/p>\n<p>\ud83d\udee0\ufe0f <strong>Montage facile :<\/strong> Fini les installations compliqu\u00e9es ! Fixez les lattes de la table sur le cadre et c&#039;est parti. Simple et sans tracas, comme il se doit. \ud83d\udee0\ufe0f\ud83d\udc4c<\/p>\n<p>\ud83d\udcaa <strong>Robuste et durable :<\/strong> Con\u00e7ue pour durer, avec une charge maximale recommand\u00e9e de 22,7 kg. Fini les tables bancales qui g\u00e2chent votre ambiance\u00a0; cette table est solide et fiable. \ud83d\udcaa\ud83d\udd28<\/p>\n<p>\ud83c\udf0d <strong>Utilisation polyvalente en ext\u00e9rieur :<\/strong> Id\u00e9ale pour se d\u00e9tendre \u00e0 la plage, pique-niquer au parc ou camper en pleine nature, cette table est id\u00e9ale pour toutes vos aventures en plein air. \ud83c\udfd6\ufe0f\ud83c\udf33<\/p>\n<p>\ud83c\udfa8 <strong>\u00c9l\u00e9gant et styl\u00e9 :<\/strong> Avec sa finition en aluminium marron, cette table est loin d&#039;\u00eatre la table de camping de votre grand-m\u00e8re. Moderne, \u00e9l\u00e9gante, elle fera des envieux parmi vos amis. \ud83c\udf77\ud83d\udd76\ufe0f<\/p>\n<p>\ud83c\udf92 <strong>Compact et portable :<\/strong> L\u00e9g\u00e8re et pliable, cette table est facile \u00e0 transporter. Dites adieu aux tables encombrantes qui encombrent votre coffre et profitez de la commodit\u00e9. Glissez-la dans votre sac \u00e0 dos et emportez-la partout avec vous\u00a0! \ud83c\udf92\ud83d\ude97<\/p>\n<p><strong>Caract\u00e9ristiques:<\/strong><\/p>\n<ul>\n<li>\n<strong>Forme:<\/strong> Rectangulaire<\/li>\n<li>\n<strong>Capacit\u00e9 d&#039;accueil :<\/strong> 1<\/li>\n<li>\n<strong>Type de chambre :<\/strong> Salle \u00e0 manger<\/li>\n<li>\n<strong>Composants inclus :<\/strong> Lattes de table, cadre de table<\/li>\n<li>\n<strong>Couleur:<\/strong> Marron<\/li>\n<li>\n<strong>Finition du meuble :<\/strong> Aluminium<\/li>\n<li>\n<strong>Dossier sp\u00e9cial :<\/strong> Portable<\/li>\n<li>\n<strong>Est pliable :<\/strong> Non<\/li>\n<li>\n<strong>Type de base :<\/strong> Jambes<\/li>\n<li>\n<strong>Utilisation int\u00e9rieure\/ext\u00e9rieure :<\/strong> De plein air<\/li>\n<li>\n<strong>Dimensions du produit :<\/strong> 18\u2033P x 22\u2033L x 16\u2033H<\/li>\n<li>\n<strong>Largeur de l&#039;article :<\/strong> 18 pouces<\/li>\n<li>\n<strong>Taille:<\/strong> Moyen<\/li>\n<li>\n<strong>Poids de l&#039;article :<\/strong> 2,16 livres<\/li>\n<li>\n<strong>Charge maximale recommand\u00e9e :<\/strong> 50 livres<\/li>\n<li>\n<strong>Mat\u00e9riau de base :<\/strong> Aluminium<\/li>\n<li>\n<strong>Mat\u00e9riau du cadre :<\/strong> M\u00e9tal<\/li>\n<li>\n<strong>Type de mat\u00e9riau sup\u00e9rieur :<\/strong> Aluminium<\/li>\n<li>\n<strong>Est r\u00e9sistant aux taches :<\/strong> Non<\/li>\n<li>\n<strong>Style:<\/strong> Moderne<\/li>\n<li>\n<strong>Conception de la table :<\/strong> Table basse<\/li>\n<li>\n<strong>Mod\u00e8le:<\/strong> Solide<\/li>\n<\/ul>\n<p><strong>Pourquoi acheter ceci ?<\/strong><\/p>\n<p>Pr\u00eat \u00e0 sublimer votre exp\u00e9rience en plein air\u00a0? La table de camping portable et pliable en aluminium marron de TREKOLOGY est la solution r\u00e9volutionnaire que vous recherchiez\u00a0! \ud83c\udf1f<\/p>\n<p>De son assemblage facile \u00e0 sa construction robuste, en passant par son design \u00e9l\u00e9gant et sa portabilit\u00e9, cette table a tout pour plaire. Que vous soyez en camping, en pique-nique ou simplement en train de vous d\u00e9tendre dans le jardin, elle est le compagnon id\u00e9al de toutes vos aventures en plein air.<\/p>\n<p>Ne vous contentez pas de moins pour votre \u00e9quipement ext\u00e9rieur. Am\u00e9liorez votre exp\u00e9rience de camping d\u00e8s aujourd&#039;hui avec la table de camping portable et pliable en aluminium marron et rendez vos exp\u00e9riences en plein air inoubliables\u00a0! \ud83c\udf32\ud83c\udf7d\ufe0f\ud83c\udf1f<\/p>","protected":false},"excerpt":{"rendered":"<p>Pr\u00e9sentation de la table de camping portable pliable en aluminium marron de TREKOLOGY ! \ud83c\udfd5\ufe0f\ud83c\udf43 Caract\u00e9ristiques : \ud83d\udee0\ufe0f Assemblage facile : Fini les configurations compliqu\u00e9es ! Pop<\/p>","protected":false},"featured_media":136862,"comment_status":"open","ping_status":"closed","template":"","meta":[],"product_brand":[],"product_cat":[30818,30971],"product_tag":[5971],"class_list":{"0":"post-78099","1":"product","2":"type-product","3":"status-publish","4":"has-post-thumbnail","6":"product_cat-camping-furniture","7":"product_cat-hp","8":"product_tag-usa","10":"first","11":"instock","12":"sale","13":"taxable","14":"shipping-taxable","15":"purchasable","16":"product-type-variable"},"_links":{"self":[{"href":"https:\/\/nexgendecors.com\/fr\/wp-json\/wp\/v2\/product\/78099","targetHints":{"allow":["GET"]}}],"collection":[{"href":"https:\/\/nexgendecors.com\/fr\/wp-json\/wp\/v2\/product"}],"about":[{"href":"https:\/\/nexgendecors.com\/fr\/wp-json\/wp\/v2\/types\/product"}],"replies":[{"embeddable":true,"href":"https:\/\/nexgendecors.com\/fr\/wp-json\/wp\/v2\/comments?post=78099"}],"version-history":[{"count":0,"href":"https:\/\/nexgendecors.com\/fr\/wp-json\/wp\/v2\/product\/78099\/revisions"}],"wp:featuredmedia":[{"embeddable":true,"href":"https:\/\/nexgendecors.com\/fr\/wp-json\/wp\/v2\/media\/136862"}],"wp:attachment":[{"href":"https:\/\/nexgendecors.com\/fr\/wp-json\/wp\/v2\/media?parent=78099"}],"wp:term":[{"taxonomy":"product_brand","embeddable":true,"href":"https:\/\/nexgendecors.com\/fr\/wp-json\/wp\/v2\/product_brand?post=78099"},{"taxonomy":"product_cat","embeddable":true,"href":"https:\/\/nexgendecors.com\/fr\/wp-json\/wp\/v2\/product_cat?post=78099"},{"taxonomy":"product_tag","embeddable":true,"href":"https:\/\/nexgendecors.com\/fr\/wp-json\/wp\/v2\/product_tag?post=78099"}],"curies":[{"name":"wp","href":"https:\/\/api.w.org\/{rel}","templated":true}]}}